{"id":15878,"date":"2022-12-23T14:03:02","date_gmt":"2022-12-23T11:03:02","guid":{"rendered":"https:\/\/www.kapsamsaglik.com.tr\/?page_id=15878"},"modified":"2023-04-28T14:30:12","modified_gmt":"2023-04-28T11:30:12","slug":"kalite-politikamiz","status":"publish","type":"page","link":"https:\/\/www.kapsamsaglik.com.tr\/en\/quality-policy\/","title":{"rendered":"Quality Policy"},"content":{"rendered":"<div data-elementor-type=\"wp-page\" data-elementor-id=\"15878\" class=\"elementor elementor-15878\">\n\t\t\t\t\t\t\t<style>\/*! elementor - v3.15.0 - 26-07-2023 *\/\n.elementor-widget-text-editor.elementor-drop-cap-view-stacked .elementor-drop-cap{background-color:#69727d;color:#fff}.elementor-widget-text-editor.elementor-drop-cap-view-framed .elementor-drop-cap{color:#69727d;border:3px solid;background-color:transparent}.elementor-widget-text-editor:not(.elementor-drop-cap-view-default) .elementor-drop-cap{margin-top:8px}.elementor-widget-text-editor:not(.elementor-drop-cap-view-default) .elementor-drop-cap-letter{width:1em;height:1em}.elementor-widget-text-editor .elementor-drop-cap{float:left;text-align:center;line-height:1;font-size:50px}.elementor-widget-text-editor .elementor-drop-cap-letter{display:inline-block}<\/style>\t\t<section data-particle_enable=\"false\" data-particle-mobile-disabled=\"false\" class=\"elementor-section elementor-top-section elementor-element elementor-element-429c1286 elementor-section-full_width elementor-section-stretched elementor-section-height-default elementor-section-height-default\" data-id=\"429c1286\" data-element_type=\"section\" data-settings=\"{&quot;stretch_section&quot;:&quot;section-stretched&quot;}\">\n\t\t\t\t\t\t<div class=\"elementor-container elementor-column-gap-no\">\n\t\t\t\t\t<div class=\"elementor-column elementor-col-100 elementor-top-column elementor-element elementor-element-5b5da545\" data-id=\"5b5da545\" data-element_type=\"column\">\n\t\t\t<div class=\"elementor-widget-wrap elementor-element-populated\">\n\t\t\t\t\t\t\t\t<div data-dce-background-color=\"#00314E\" class=\"elementor-element elementor-element-21f8bb6c elementor-widget elementor-widget-page-title\" data-id=\"21f8bb6c\" data-element_type=\"widget\" data-widget_type=\"page-title.default\">\n\t\t\t\t<div class=\"elementor-widget-container\">\n\t\t\t<div class=\"page-title\" ><div class=\"container\"><div class=\"row\"><div class=\"col-lg-12\"><div class=\"pt-style-2\"><h1 class=\"entry-title\">Quality Policy<\/h1><\/div><\/div><\/div><\/div><\/div>\t\t<\/div>\n\t\t\t\t<\/div>\n\t\t\t\t\t<\/div>\n\t\t<\/div>\n\t\t\t\t\t\t\t<\/div>\n\t\t<\/section>\n\t\t\t\t<section data-particle_enable=\"false\" data-particle-mobile-disabled=\"false\" class=\"elementor-section elementor-top-section elementor-element elementor-element-4e3977b3 elementor-section-boxed elementor-section-height-default elementor-section-height-default\" data-id=\"4e3977b3\" data-element_type=\"section\">\n\t\t\t\t\t\t<div class=\"elementor-container elementor-column-gap-default\">\n\t\t\t\t\t<div class=\"elementor-column elementor-col-100 elementor-top-column elementor-element elementor-element-6f31cb56\" data-id=\"6f31cb56\" data-element_type=\"column\">\n\t\t\t<div class=\"elementor-widget-wrap elementor-element-populated\">\n\t\t\t\t\t\t\t\t<div class=\"elementor-element elementor-element-6d9ff1b2 elementor-widget elementor-widget-heading\" data-id=\"6d9ff1b2\" data-element_type=\"widget\" data-widget_type=\"heading.default\">\n\t\t\t\t<div class=\"elementor-widget-container\">\n\t\t\t<style>\/*! elementor - v3.15.0 - 26-07-2023 *\/\n.elementor-heading-title{padding:0;margin:0;line-height:1}.elementor-widget-heading .elementor-heading-title[class*=elementor-size-]>a{color:inherit;font-size:inherit;line-height:inherit}.elementor-widget-heading .elementor-heading-title.elementor-size-small{font-size:15px}.elementor-widget-heading .elementor-heading-title.elementor-size-medium{font-size:19px}.elementor-widget-heading .elementor-heading-title.elementor-size-large{font-size:29px}.elementor-widget-heading .elementor-heading-title.elementor-size-xl{font-size:39px}.elementor-widget-heading .elementor-heading-title.elementor-size-xxl{font-size:59px}<\/style><h2 class=\"elementor-heading-title elementor-size-small\"><a name=\"hikayemiz\"><\/a><\/h2>\t\t<\/div>\n\t\t\t\t<\/div>\n\t\t\t\t<div class=\"elementor-element elementor-element-d5fac8e elementor-widget elementor-widget-heading\" data-id=\"d5fac8e\" data-element_type=\"widget\" data-widget_type=\"heading.default\">\n\t\t\t\t<div class=\"elementor-widget-container\">\n\t\t\t<h2 class=\"elementor-heading-title elementor-size-small\"><a name=\"kalitepolitikamiz\"><\/a><\/h2>\t\t<\/div>\n\t\t\t\t<\/div>\n\t\t\t\t<div class=\"elementor-element elementor-element-6c274397 elementor-widget elementor-widget-frame-icon\" data-id=\"6c274397\" data-element_type=\"widget\" data-widget_type=\"frame-icon.default\">\n\t\t\t\t<div class=\"elementor-widget-container\">\n\t\t\t\t\t<div class=\"ft-frame-icon\">\n                            <div class=\"ft-content\">\n                                        <span class=\"ft-icon\"><i class=\"icon icon-Folder-Favorite\"><\/i><\/span>\n                                        <!-- <span class=\"ft-icon\"><i class=\"icon-Knight\"><\/i><\/span> -->\n                    <h4 class=\"ft-title\"><a name=\"kalitepolitikamiz\">Quality Policy<\/a><\/h4><p class=\"ft-description\"><p style=\"font-weight:500;font-size:13px;\">We manufacture all our products in full compliance with international quality standards and apply a dedicated quality policy.<br><br>\nOur facility has ISO 13485:2016 &amp; ISO 9001:2015 quality management systems (certified by RoyalCert\u00ae).<br><br>\nOur medical devices are being audited under the EU 93\/42\/EEC Medical Device Directive (certified by KIWA\u00ae).\n<br><br>\nThe assembly, packaging, and sterilization processes of our sterile disposables are carried out inside the high-tech ISO\n14644 compliant cleanroom area of our manufacturing plant. Precise final controls of our production are meticulously\ncarried out by qualified staff inside special laboratory conditions.\n<br><br>\nVarious tests are carried out to our sterile disposables by accredited laboratories, including but not limited to\nbiocompatibility, particulate matter containment, filling volume, chemical, and physical tests.<br><br>\n<b>Our electromechanical devices are;<\/b>\n<br><br>\n\u2022 Compliant with ASHP and GMP guidelines and CE-certified under 2014\/35\/EU regulation.\n<br>\n\u2022 Tested and validated by the accredited laboratories in accordance with the following requirements:<br><br>\n&nbsp;&nbsp;&nbsp;&nbsp;&nbsp;- IEC 60601 - Medical electrical equipment<br>\n&nbsp;&nbsp;&nbsp;&nbsp;&nbsp;- IEC 61010 \u2013 Low Voltage Directive (LVD) safety for electrical equipment for measurement, control, and laboratory use<br>\n&nbsp;&nbsp;&nbsp;&nbsp;&nbsp;- IEC 61326 -  Electromagnetic Compatibility (EMC) for electrical equipment for measurement, control and laboratory use<\/p>                <\/div>\n            \t\t<\/div>\n\t\t\t\t<\/div>\n\t\t\t\t<\/div>\n\t\t\t\t<div class=\"elementor-element elementor-element-5b931dba elementor-widget elementor-widget-heading\" data-id=\"5b931dba\" data-element_type=\"widget\" data-widget_type=\"heading.default\">\n\t\t\t\t<div class=\"elementor-widget-container\">\n\t\t\t<h2 class=\"elementor-heading-title elementor-size-small\"><a name=\"kalitebelgelerimiz\"><\/a><\/h2>\t\t<\/div>\n\t\t\t\t<\/div>\n\t\t\t\t\t<\/div>\n\t\t<\/div>\n\t\t\t\t\t\t\t<\/div>\n\t\t<\/section>\n\t\t\t\t<section data-particle_enable=\"false\" data-particle-mobile-disabled=\"false\" class=\"elementor-section elementor-top-section elementor-element elementor-element-209f31ad elementor-section-boxed elementor-section-height-default elementor-section-height-default\" data-id=\"209f31ad\" data-element_type=\"section\" data-settings=\"{&quot;animation&quot;:&quot;none&quot;}\">\n\t\t\t\t\t\t<div class=\"elementor-container elementor-column-gap-default\">\n\t\t\t\t\t<div class=\"elementor-column elementor-col-50 elementor-top-column elementor-element elementor-element-2dc1f3ab\" data-id=\"2dc1f3ab\" data-element_type=\"column\" data-settings=\"{&quot;animation&quot;:&quot;none&quot;}\">\n\t\t\t<div class=\"elementor-widget-wrap elementor-element-populated\">\n\t\t\t\t\t\t\t\t<div class=\"elementor-element elementor-element-62f00cd2 elementor-widget elementor-widget-heading\" data-id=\"62f00cd2\" data-element_type=\"widget\" data-settings=\"{&quot;_animation&quot;:&quot;none&quot;}\" data-widget_type=\"heading.default\">\n\t\t\t\t<div class=\"elementor-widget-container\">\n\t\t\t<h2 class=\"elementor-heading-title elementor-size-default\">You can contact our quality department from <a href=\"mailto:quality@kapsamsaglik.com.tr\" target=\"_blank\"><font style=\"color:#349e49;font-weight:800;\">quality@kapsamsaglik.com.tr<\/font><\/a> for further information.<\/h2>\t\t<\/div>\n\t\t\t\t<\/div>\n\t\t\t\t\t<\/div>\n\t\t<\/div>\n\t\t\t\t<div class=\"elementor-column elementor-col-50 elementor-top-column elementor-element elementor-element-92645b6\" data-id=\"92645b6\" data-element_type=\"column\" data-settings=\"{&quot;animation&quot;:&quot;none&quot;}\">\n\t\t\t<div class=\"elementor-widget-wrap elementor-element-populated\">\n\t\t\t\t\t\t\t\t<div class=\"elementor-element elementor-element-26964f0 elementor-widget elementor-widget-adri-ajdethemes-elements-button\" data-id=\"26964f0\" data-element_type=\"widget\" data-widget_type=\"adri-ajdethemes-elements-button.default\">\n\t\t\t\t<div class=\"elementor-widget-container\">\n\t\t\t<a href=\"https:\/\/www.kapsamsaglik.com.tr\/en\/quality-certificates\/\" class=\"btn btn-reg\"  target=\"_blank\" ><span class=\"btn-icon-left\"><i class=\"far fa-check-square\"><\/i><\/span>View Quality Certificates &gt;<\/a>\t\t<\/div>\n\t\t\t\t<\/div>\n\t\t\t\t\t<\/div>\n\t\t<\/div>\n\t\t\t\t\t\t\t<\/div>\n\t\t<\/section>\n\t\t\t\t\t\t\t<\/div>","protected":false},"excerpt":{"rendered":"<p>Kalite Politikam\u0131z Quality Policy Kalite Politikam\u0131z Kalite Politikam\u0131z T\u00fcm \u00fcr\u00fcnlerimizi uluslararas\u0131 kalite standartlar\u0131na tam uyumlu olarak \u00fcretiyoruz ve tavizsiz bir kalite politikas\u0131 uyguluyoruz. Tesisimiz ISO 13485:2016 ve ISO 9001:2015 kalite y\u00f6netim sistemlerine g\u00f6re RoyalCert\u00ae taraf\u0131ndan sertifikaland\u0131r\u0131lm\u0131\u015ft\u0131r. T\u0131bbi cihazlar\u0131m\u0131z, AB 93\/42\/EEC T\u0131bbi Cihaz Direktifi kapsam\u0131nda KIWA\u00ae AB onay kurulu\u015fu taraf\u0131ndan denetlenmektedir. Steril tek kullan\u0131ml\u0131k malzemelerimizin montaj\u0131, ambalajlanmas\u0131 ve sterilizasyon i\u015flemleri, \u00fcretim tesisimizin y\u00fcksek teknolojiye sahip TS EN ISO 14644 uyumlu temiz oda alan\u0131nda ger\u00e7ekle\u015ftirilmektedir. \u00dcretimimizin hassas son kontrolleri, \u00f6zel laboratuar ko\u015fullar\u0131nda uzman personellerimiz taraf\u0131ndan titizlikle yap\u0131lmaktad\u0131r. Steril tek kullan\u0131ml\u0131k malzemelerimizin biyouyumluluk, partik\u00fcl madde muhafazas\u0131, doldurma hacmi, kimyasal, fiziksel v.b. \u00e7e\u015fitli testleri&#8230;<\/p>","protected":false},"author":1,"featured_media":14948,"parent":0,"menu_order":0,"comment_status":"closed","ping_status":"closed","template":"","meta":{"_crdt_document":"","om_disable_all_campaigns":false,"inline_featured_image":false,"_mi_skip_tracking":false,"footnotes":"","_links_to":"","_links_to_target":""},"class_list":["post-15878","page","type-page","status-publish","has-post-thumbnail","hentry"],"aioseo_notices":[],"aioseo_head":"\n\t\t<!-- All in One SEO Pro 4.6.0 - aioseo.com -->\n\t\t<meta name=\"description\" content=\"Kalite Politikam\u0131z, T\u00fcm \u00fcr\u00fcnlerimizi uluslararas\u0131 kalite standartlar\u0131na tam uyumlu olarak \u00fcretiyoruz ve tavizsiz bir kalite politikas\u0131 uyguluyoruz.\" \/>\n\t\t<meta name=\"robots\" content=\"max-image-preview:large\" \/>\n\t\t<meta name=\"google-site-verification\" content=\"XaAMMf7cd_uF7vNvTGKKokgU53e5q84beEakVWVoWzA\" \/>\n\t\t<link rel=\"canonical\" href=\"https:\/\/www.kapsamsaglik.com.tr\/en\/quality-policy\/\" \/>\n\t\t<meta name=\"generator\" content=\"All in One SEO Pro (AIOSEO) 4.6.0\" \/>\n\t\t<meta property=\"og:locale\" content=\"en_US\" \/>\n\t\t<meta property=\"og:site_name\" content=\"Kapsam Sa\u011fl\u0131k\" \/>\n\t\t<meta property=\"og:type\" content=\"article\" \/>\n\t\t<meta property=\"og:title\" content=\"Kalite Politikam\u0131z | Kapsam Sa\u011fl\u0131k\" \/>\n\t\t<meta property=\"og:description\" content=\"Kalite Politikam\u0131z, T\u00fcm \u00fcr\u00fcnlerimizi uluslararas\u0131 kalite standartlar\u0131na tam uyumlu olarak \u00fcretiyoruz ve tavizsiz bir kalite politikas\u0131 uyguluyoruz.\" \/>\n\t\t<meta property=\"og:url\" content=\"https:\/\/www.kapsamsaglik.com.tr\/en\/quality-policy\/\" \/>\n\t\t<meta property=\"og:image\" content=\"https:\/\/www.kapsamsaglik.com.tr\/wp-content\/uploads\/2021\/03\/LogoKapsam-Mavi.svg\" \/>\n\t\t<meta property=\"og:image:secure_url\" content=\"https:\/\/www.kapsamsaglik.com.tr\/wp-content\/uploads\/2021\/03\/LogoKapsam-Mavi.svg\" \/>\n\t\t<meta property=\"og:image:width\" content=\"110\" \/>\n\t\t<meta property=\"og:image:height\" content=\"108\" \/>\n\t\t<meta property=\"article:published_time\" content=\"2022-12-23T11:03:02+00:00\" \/>\n\t\t<meta property=\"article:modified_time\" content=\"2023-04-28T11:30:12+00:00\" \/>\n\t\t<meta property=\"article:publisher\" content=\"https:\/\/www.facebook.com\/kapsamsaglik\/\" \/>\n\t\t<meta name=\"twitter:card\" content=\"summary_large_image\" \/>\n\t\t<meta name=\"twitter:title\" content=\"Kalite Politikam\u0131z | Kapsam Sa\u011fl\u0131k\" \/>\n\t\t<meta name=\"twitter:description\" content=\"Kalite Politikam\u0131z, T\u00fcm \u00fcr\u00fcnlerimizi uluslararas\u0131 kalite standartlar\u0131na tam uyumlu olarak \u00fcretiyoruz ve tavizsiz bir kalite politikas\u0131 uyguluyoruz.\" \/>\n\t\t<meta name=\"twitter:image\" content=\"https:\/\/www.kapsamsaglik.com.tr\/wp-content\/uploads\/2021\/03\/LogoKapsam-Mavi.svg\" \/>\n\t\t<meta name=\"twitter:label1\" content=\"Written by\" \/>\n\t\t<meta name=\"twitter:data1\" content=\"Kapsam Sa\u011fl\u0131k\" \/>\n\t\t<meta name=\"twitter:label2\" content=\"Est. reading time\" \/>\n\t\t<meta name=\"twitter:data2\" content=\"1 minute\" \/>\n\t\t<script type=\"application\/ld+json\" class=\"aioseo-schema\">\n\t\t\t{\"@context\":\"https:\\\/\\\/schema.org\",\"@graph\":[{\"@type\":\"BreadcrumbList\",\"@id\":\"https:\\\/\\\/www.kapsamsaglik.com.tr\\\/en\\\/quality-policy\\\/#breadcrumblist\",\"itemListElement\":[{\"@type\":\"ListItem\",\"@id\":\"https:\\\/\\\/www.kapsamsaglik.com.tr\\\/en\\\/#listItem\",\"position\":1,\"name\":\"Home\",\"item\":\"https:\\\/\\\/www.kapsamsaglik.com.tr\\\/en\\\/\",\"nextItem\":\"https:\\\/\\\/www.kapsamsaglik.com.tr\\\/en\\\/quality-policy\\\/#listItem\"},{\"@type\":\"ListItem\",\"@id\":\"https:\\\/\\\/www.kapsamsaglik.com.tr\\\/en\\\/quality-policy\\\/#listItem\",\"position\":2,\"name\":\"Kalite Politikam\\u0131z\",\"previousItem\":\"https:\\\/\\\/www.kapsamsaglik.com.tr\\\/en\\\/#listItem\"}]},{\"@type\":\"Organization\",\"@id\":\"https:\\\/\\\/www.kapsamsaglik.com.tr\\\/en\\\/#organization\",\"name\":\"Kapsam Sa\\u011fl\\u0131k \\u00dcr\\u00fcnleri\",\"url\":\"https:\\\/\\\/www.kapsamsaglik.com.tr\\\/en\\\/\",\"logo\":{\"@type\":\"ImageObject\",\"url\":\"https:\\\/\\\/www.kapsamsaglik.com.tr\\\/wp-content\\\/uploads\\\/2021\\\/03\\\/LogoKapsam-Mavi.svg\",\"@id\":\"https:\\\/\\\/www.kapsamsaglik.com.tr\\\/en\\\/quality-policy\\\/#organizationLogo\",\"width\":110,\"height\":108,\"caption\":\"Kapsam Sa\\u011fl\\u0131k \\u00dcr\\u00fcnleri\"},\"image\":{\"@id\":\"https:\\\/\\\/www.kapsamsaglik.com.tr\\\/en\\\/quality-policy\\\/#organizationLogo\"},\"sameAs\":[\"https:\\\/\\\/www.facebook.com\\\/kapsamsaglik\\\/\",\"https:\\\/\\\/www.instagram.com\\\/kapsamsaglik\\\/\",\"https:\\\/\\\/www.youtube.com\\\/channel\\\/UC94c5DWMFZx2ljPoR0fbM3w\",\"https:\\\/\\\/www.linkedin.com\\\/company\\\/kapsam-salk-rnleri\\\/\"],\"contactPoint\":{\"@type\":\"ContactPoint\",\"telephone\":\"+902622908801\",\"contactType\":\"Customer Support\"}},{\"@type\":\"WebPage\",\"@id\":\"https:\\\/\\\/www.kapsamsaglik.com.tr\\\/en\\\/quality-policy\\\/#webpage\",\"url\":\"https:\\\/\\\/www.kapsamsaglik.com.tr\\\/en\\\/quality-policy\\\/\",\"name\":\"Kalite Politikam\\u0131z | Kapsam Sa\\u011fl\\u0131k\",\"description\":\"Kalite Politikam\\u0131z, T\\u00fcm \\u00fcr\\u00fcnlerimizi uluslararas\\u0131 kalite standartlar\\u0131na tam uyumlu olarak \\u00fcretiyoruz ve tavizsiz bir kalite politikas\\u0131 uyguluyoruz.\",\"inLanguage\":\"en-US\",\"isPartOf\":{\"@id\":\"https:\\\/\\\/www.kapsamsaglik.com.tr\\\/en\\\/#website\"},\"breadcrumb\":{\"@id\":\"https:\\\/\\\/www.kapsamsaglik.com.tr\\\/en\\\/quality-policy\\\/#breadcrumblist\"},\"image\":{\"@type\":\"ImageObject\",\"url\":\"https:\\\/\\\/www.kapsamsaglik.com.tr\\\/wp-content\\\/uploads\\\/2022\\\/10\\\/gizlilik-politikasi.webp\",\"@id\":\"https:\\\/\\\/www.kapsamsaglik.com.tr\\\/en\\\/quality-policy\\\/#mainImage\",\"width\":1280,\"height\":720},\"primaryImageOfPage\":{\"@id\":\"https:\\\/\\\/www.kapsamsaglik.com.tr\\\/en\\\/quality-policy\\\/#mainImage\"},\"datePublished\":\"2022-12-23T14:03:02+03:00\",\"dateModified\":\"2023-04-28T14:30:12+03:00\"},{\"@type\":\"WebSite\",\"@id\":\"https:\\\/\\\/www.kapsamsaglik.com.tr\\\/en\\\/#website\",\"url\":\"https:\\\/\\\/www.kapsamsaglik.com.tr\\\/en\\\/\",\"name\":\"Kapsam Sa\\u011fl\\u0131k\",\"description\":\"Sa\\u011fl\\u0131k tesisleri i\\u00e7in yenilik\\u00e7i otomasyon sistemleri, yaz\\u0131l\\u0131m \\u00e7\\u00f6z\\u00fcmleri ve g\\u00fcvenli sarf malzemeler geli\\u015ftirip \\u00fcretiyoruz.\",\"inLanguage\":\"en-US\",\"publisher\":{\"@id\":\"https:\\\/\\\/www.kapsamsaglik.com.tr\\\/en\\\/#organization\"}}]}\n\t\t<\/script>\n\t\t<!-- All in One SEO Pro -->\r\n\t\t<title>Kalite Politikam\u0131z | Kapsam Sa\u011fl\u0131k<\/title>\n\n","aioseo_head_json":{"title":"Kalite Politikam\u0131z | Kapsam Sa\u011fl\u0131k","description":"Kalite Politikam\u0131z, T\u00fcm \u00fcr\u00fcnlerimizi uluslararas\u0131 kalite standartlar\u0131na tam uyumlu olarak \u00fcretiyoruz ve tavizsiz bir kalite politikas\u0131 uyguluyoruz.","canonical_url":"https:\/\/www.kapsamsaglik.com.tr\/en\/quality-policy\/","robots":"max-image-preview:large","keywords":"","webmasterTools":{"google-site-verification":"XaAMMf7cd_uF7vNvTGKKokgU53e5q84beEakVWVoWzA","miscellaneous":""},"og:locale":"en_US","og:site_name":"Kapsam Sa\u011fl\u0131k","og:type":"article","og:title":"Kalite Politikam\u0131z | Kapsam Sa\u011fl\u0131k","og:description":"Kalite Politikam\u0131z, T\u00fcm \u00fcr\u00fcnlerimizi uluslararas\u0131 kalite standartlar\u0131na tam uyumlu olarak \u00fcretiyoruz ve tavizsiz bir kalite politikas\u0131 uyguluyoruz.","og:url":"https:\/\/www.kapsamsaglik.com.tr\/en\/quality-policy\/","og:image":"https:\/\/www.kapsamsaglik.com.tr\/wp-content\/uploads\/2021\/03\/LogoKapsam-Mavi.svg","og:image:secure_url":"https:\/\/www.kapsamsaglik.com.tr\/wp-content\/uploads\/2021\/03\/LogoKapsam-Mavi.svg","og:image:width":110,"og:image:height":108,"article:published_time":"2022-12-23T11:03:02+00:00","article:modified_time":"2023-04-28T11:30:12+00:00","article:publisher":"https:\/\/www.facebook.com\/kapsamsaglik\/","twitter:card":"summary_large_image","twitter:title":"Kalite Politikam\u0131z | Kapsam Sa\u011fl\u0131k","twitter:description":"Kalite Politikam\u0131z, T\u00fcm \u00fcr\u00fcnlerimizi uluslararas\u0131 kalite standartlar\u0131na tam uyumlu olarak \u00fcretiyoruz ve tavizsiz bir kalite politikas\u0131 uyguluyoruz.","twitter:image":"https:\/\/www.kapsamsaglik.com.tr\/wp-content\/uploads\/2021\/03\/LogoKapsam-Mavi.svg","twitter:label1":"Written by","twitter:data1":"Kapsam Sa\u011fl\u0131k","twitter:label2":"Est. reading time","twitter:data2":"1 minute","schema":{"@context":"https:\/\/schema.org","@graph":[{"@type":"BreadcrumbList","@id":"https:\/\/www.kapsamsaglik.com.tr\/en\/quality-policy\/#breadcrumblist","itemListElement":[{"@type":"ListItem","@id":"https:\/\/www.kapsamsaglik.com.tr\/en\/#listItem","position":1,"name":"Home","item":"https:\/\/www.kapsamsaglik.com.tr\/en\/","nextItem":"https:\/\/www.kapsamsaglik.com.tr\/en\/quality-policy\/#listItem"},{"@type":"ListItem","@id":"https:\/\/www.kapsamsaglik.com.tr\/en\/quality-policy\/#listItem","position":2,"name":"Kalite Politikam\u0131z","previousItem":"https:\/\/www.kapsamsaglik.com.tr\/en\/#listItem"}]},{"@type":"Organization","@id":"https:\/\/www.kapsamsaglik.com.tr\/en\/#organization","name":"Kapsam Sa\u011fl\u0131k \u00dcr\u00fcnleri","url":"https:\/\/www.kapsamsaglik.com.tr\/en\/","logo":{"@type":"ImageObject","url":"https:\/\/www.kapsamsaglik.com.tr\/wp-content\/uploads\/2021\/03\/LogoKapsam-Mavi.svg","@id":"https:\/\/www.kapsamsaglik.com.tr\/en\/quality-policy\/#organizationLogo","width":110,"height":108,"caption":"Kapsam Sa\u011fl\u0131k \u00dcr\u00fcnleri"},"image":{"@id":"https:\/\/www.kapsamsaglik.com.tr\/en\/quality-policy\/#organizationLogo"},"sameAs":["https:\/\/www.facebook.com\/kapsamsaglik\/","https:\/\/www.instagram.com\/kapsamsaglik\/","https:\/\/www.youtube.com\/channel\/UC94c5DWMFZx2ljPoR0fbM3w","https:\/\/www.linkedin.com\/company\/kapsam-salk-rnleri\/"],"contactPoint":{"@type":"ContactPoint","telephone":"+902622908801","contactType":"Customer Support"}},{"@type":"WebPage","@id":"https:\/\/www.kapsamsaglik.com.tr\/en\/quality-policy\/#webpage","url":"https:\/\/www.kapsamsaglik.com.tr\/en\/quality-policy\/","name":"Kalite Politikam\u0131z | Kapsam Sa\u011fl\u0131k","description":"Kalite Politikam\u0131z, T\u00fcm \u00fcr\u00fcnlerimizi uluslararas\u0131 kalite standartlar\u0131na tam uyumlu olarak \u00fcretiyoruz ve tavizsiz bir kalite politikas\u0131 uyguluyoruz.","inLanguage":"en-US","isPartOf":{"@id":"https:\/\/www.kapsamsaglik.com.tr\/en\/#website"},"breadcrumb":{"@id":"https:\/\/www.kapsamsaglik.com.tr\/en\/quality-policy\/#breadcrumblist"},"image":{"@type":"ImageObject","url":"https:\/\/www.kapsamsaglik.com.tr\/wp-content\/uploads\/2022\/10\/gizlilik-politikasi.webp","@id":"https:\/\/www.kapsamsaglik.com.tr\/en\/quality-policy\/#mainImage","width":1280,"height":720},"primaryImageOfPage":{"@id":"https:\/\/www.kapsamsaglik.com.tr\/en\/quality-policy\/#mainImage"},"datePublished":"2022-12-23T14:03:02+03:00","dateModified":"2023-04-28T14:30:12+03:00"},{"@type":"WebSite","@id":"https:\/\/www.kapsamsaglik.com.tr\/en\/#website","url":"https:\/\/www.kapsamsaglik.com.tr\/en\/","name":"Kapsam Sa\u011fl\u0131k","description":"Sa\u011fl\u0131k tesisleri i\u00e7in yenilik\u00e7i otomasyon sistemleri, yaz\u0131l\u0131m \u00e7\u00f6z\u00fcmleri ve g\u00fcvenli sarf malzemeler geli\u015ftirip \u00fcretiyoruz.","inLanguage":"en-US","publisher":{"@id":"https:\/\/www.kapsamsaglik.com.tr\/en\/#organization"}}]}},"aioseo_meta_data":{"post_id":"15878","title":null,"description":"Kalite Politikam\u0131z, T\u00fcm \u00fcr\u00fcnlerimizi uluslararas\u0131 kalite standartlar\u0131na tam uyumlu olarak \u00fcretiyoruz ve tavizsiz bir kalite politikas\u0131 uyguluyoruz.","keywords":"[]","keyphrases":"{\"focus\":{\"keyphrase\":\"Kalite Politikam\\u0131z\",\"score\":76,\"analysis\":{\"keyphraseInTitle\":{\"title\":\"Focus keyphrase in SEO title\",\"description\":\"Focus keyphrase found in SEO title.\",\"score\":9,\"maxScore\":9,\"error\":0},\"keyphraseInDescription\":{\"title\":\"Focus keyphrase in meta description\",\"description\":\"Focus keyphrase found in meta description.\",\"score\":9,\"maxScore\":9,\"error\":0},\"keyphraseLength\":{\"title\":\"Focus keyphrase length\",\"description\":\"Good job!\",\"score\":9,\"maxScore\":9,\"error\":0,\"length\":2},\"keyphraseInURL\":{\"title\":\"Focus keyphrase in URL\",\"description\":\"Focus keyphrase used in the URL.\",\"score\":5,\"maxScore\":5,\"error\":0},\"keyphraseInIntroduction\":{\"title\":\"Focus keyphrase in introduction\",\"description\":\"Your Focus keyphrase does not appear in the first paragraph. Make sure the topic is clear immediately.\",\"score\":3,\"maxScore\":9,\"error\":1},\"keyphraseInSubHeadings\":{\"title\":\"Focus keyphrase in Subheadings\",\"description\":\"Use your focus keyphrase more in your H2 and H3 subheadings.\",\"score\":3,\"maxScore\":9,\"error\":1},\"keyphraseInImageAlt\":[]}},\"additional\":[]}","primary_term":null,"canonical_url":null,"og_title":null,"og_description":null,"og_object_type":"default","og_image_type":"default","og_image_url":null,"og_image_width":null,"og_image_height":null,"og_image_custom_url":null,"og_image_custom_fields":null,"og_video":"","og_custom_url":null,"og_article_section":null,"og_article_tags":"[]","twitter_use_og":false,"twitter_card":"default","twitter_image_type":"default","twitter_image_url":null,"twitter_image_custom_url":null,"twitter_image_custom_fields":null,"twitter_title":null,"twitter_description":null,"schema":{"blockGraphs":[],"customGraphs":[],"default":{"data":{"Article":[],"Course":[],"Dataset":[],"FAQPage":[],"Movie":[],"Person":[],"Product":[],"Recipe":[],"Service":[],"SoftwareApplication":[],"WebPage":[]},"graphName":"WebPage","isEnabled":true},"graphs":[]},"schema_type":"default","schema_type_options":null,"pillar_content":false,"robots_default":true,"robots_noindex":false,"robots_noarchive":false,"robots_nosnippet":false,"robots_nofollow":false,"robots_noimageindex":false,"robots_noodp":false,"robots_notranslate":false,"robots_max_snippet":"-1","robots_max_videopreview":"-1","robots_max_imagepreview":"large","priority":null,"frequency":"default","local_seo":null,"limit_modified_date":false,"open_ai":null,"created":"2022-12-23 11:06:46","updated":"2023-04-28 11:30:12"},"aioseo_breadcrumb":"<div class=\"aioseo-breadcrumbs\"><span class=\"aioseo-breadcrumb\">\n\t<a href=\"https:\/\/www.kapsamsaglik.com.tr\/en\" title=\"Ana Sayfa\">Ana Sayfa<\/a>\n<\/span><span class=\"aioseo-breadcrumb-separator\">&#124;<\/span><span class=\"aioseo-breadcrumb\">\n\tKalite Politikam\u0131z\n<\/span><\/div>","aioseo_breadcrumb_json":[{"label":"Ana Sayfa","link":"https:\/\/www.kapsamsaglik.com.tr\/en"},{"label":"Kalite Politikam\u0131z","link":"https:\/\/www.kapsamsaglik.com.tr\/en\/quality-policy\/"}],"_links":{"self":[{"href":"https:\/\/www.kapsamsaglik.com.tr\/en\/wp-json\/wp\/v2\/pages\/15878","targetHints":{"allow":["GET"]}}],"collection":[{"href":"https:\/\/www.kapsamsaglik.com.tr\/en\/wp-json\/wp\/v2\/pages"}],"about":[{"href":"https:\/\/www.kapsamsaglik.com.tr\/en\/wp-json\/wp\/v2\/types\/page"}],"author":[{"embeddable":true,"href":"https:\/\/www.kapsamsaglik.com.tr\/en\/wp-json\/wp\/v2\/users\/1"}],"replies":[{"embeddable":true,"href":"https:\/\/www.kapsamsaglik.com.tr\/en\/wp-json\/wp\/v2\/comments?post=15878"}],"version-history":[{"count":0,"href":"https:\/\/www.kapsamsaglik.com.tr\/en\/wp-json\/wp\/v2\/pages\/15878\/revisions"}],"wp:featuredmedia":[{"embeddable":true,"href":"https:\/\/www.kapsamsaglik.com.tr\/en\/wp-json\/wp\/v2\/media\/14948"}],"wp:attachment":[{"href":"https:\/\/www.kapsamsaglik.com.tr\/en\/wp-json\/wp\/v2\/media?parent=15878"}],"curies":[{"name":"wp","href":"https:\/\/api.w.org\/{rel}","templated":true}]}}