{"id":22696,"date":"2025-02-06T20:57:29","date_gmt":"2025-02-06T17:57:29","guid":{"rendered":"https:\/\/www.kapsamsaglik.com.tr\/?page_id=22696"},"modified":"2025-02-06T21:08:08","modified_gmt":"2025-02-06T18:08:08","slug":"bilgilendirme","status":"publish","type":"page","link":"https:\/\/www.kapsamsaglik.com.tr\/en\/announcement\/","title":{"rendered":"Bilgilendirme"},"content":{"rendered":"<div data-elementor-type=\"wp-page\" data-elementor-id=\"22696\" class=\"elementor elementor-22696\">\n\t\t\t\t\t\t\t<div data-particle_enable=\"false\" data-particle-mobile-disabled=\"false\" class=\"elementor-element elementor-element-5556ca3 e-con-full e-flex e-con\" data-id=\"5556ca3\" data-element_type=\"container\" data-settings=\"{&quot;content_width&quot;:&quot;full&quot;,&quot;background_background&quot;:&quot;classic&quot;}\">\n\t\t\t\t<div class=\"elementor-element elementor-element-9013c45 elementor-widget elementor-widget-heading\" data-id=\"9013c45\" data-element_type=\"widget\" data-widget_type=\"heading.default\">\n\t\t\t\t<div class=\"elementor-widget-container\">\n\t\t\t<style>\/*! elementor - v3.15.0 - 26-07-2023 *\/\n.elementor-heading-title{padding:0;margin:0;line-height:1}.elementor-widget-heading .elementor-heading-title[class*=elementor-size-]>a{color:inherit;font-size:inherit;line-height:inherit}.elementor-widget-heading .elementor-heading-title.elementor-size-small{font-size:15px}.elementor-widget-heading .elementor-heading-title.elementor-size-medium{font-size:19px}.elementor-widget-heading .elementor-heading-title.elementor-size-large{font-size:29px}.elementor-widget-heading .elementor-heading-title.elementor-size-xl{font-size:39px}.elementor-widget-heading .elementor-heading-title.elementor-size-xxl{font-size:59px}<\/style><h2 class=\"elementor-heading-title elementor-size-default\">ANNOUNCEMENT<\/h2>\t\t<\/div>\n\t\t\t\t<\/div>\n\t\t\t\t<div class=\"elementor-element elementor-element-e99d95b elementor-widget elementor-widget-heading\" data-id=\"e99d95b\" data-element_type=\"widget\" data-widget_type=\"heading.default\">\n\t\t\t\t<div class=\"elementor-widget-container\">\n\t\t\t<h2 class=\"elementor-heading-title elementor-size-default\">Our HelpDesk system will be closed between <br><font style=\"color:#349e49\">07\/02\/2025 00:00 - 08\/02\/2025 23:59<\/font><br> due to maintenance work.\n<br>\nThank you for your understanding.<\/h2>\t\t<\/div>\n\t\t\t\t<\/div>\n\t\t\t\t<\/div>\n\t\t\t\t\t\t\t<\/div>","protected":false},"excerpt":{"rendered":"<p>B\u0130LG\u0130LEND\u0130RME HelpDesk sistemimiz yap\u0131lan bak\u0131m \u00e7al\u0131\u015fmalar\u0131 sebebiyle 07\/02\/2025 00:00 &#8211; 08\/02\/2025 23:59 Tarihleri aras\u0131nda kapal\u0131 kalacakt\u0131r. Anlay\u0131\u015f\u0131n\u0131z i\u00e7in te\u015fekk\u00fcr ederiz.<\/p>","protected":false},"author":1,"featured_media":0,"parent":0,"menu_order":0,"comment_status":"closed","ping_status":"closed","template":"elementor_header_footer","meta":{"_crdt_document":"","om_disable_all_campaigns":false,"inline_featured_image":false,"_mi_skip_tracking":false,"footnotes":"","_links_to":"","_links_to_target":""},"class_list":["post-22696","page","type-page","status-publish","hentry"],"aioseo_notices":[],"aioseo_head":"\n\t\t<!-- All in One SEO Pro 4.6.0 - aioseo.com -->\n\t\t<meta name=\"description\" content=\"B\u0130LG\u0130LEND\u0130RME HelpDesk sistemimiz yap\u0131lan bak\u0131m \u00e7al\u0131\u015fmalar\u0131 sebebiyle 07\/02\/2025 00:00 - 08\/02\/2025 23:59 Tarihleri aras\u0131nda kapal\u0131 kalacakt\u0131r. Anlay\u0131\u015f\u0131n\u0131z i\u00e7in te\u015fekk\u00fcr ederiz.\" \/>\n\t\t<meta name=\"robots\" content=\"max-image-preview:large\" \/>\n\t\t<meta name=\"google-site-verification\" content=\"XaAMMf7cd_uF7vNvTGKKokgU53e5q84beEakVWVoWzA\" \/>\n\t\t<link rel=\"canonical\" href=\"https:\/\/www.kapsamsaglik.com.tr\/en\/announcement\/\" \/>\n\t\t<meta name=\"generator\" content=\"All in One SEO Pro (AIOSEO) 4.6.0\" \/>\n\t\t<meta property=\"og:locale\" content=\"en_US\" \/>\n\t\t<meta property=\"og:site_name\" content=\"Kapsam Sa\u011fl\u0131k\" \/>\n\t\t<meta property=\"og:type\" content=\"article\" \/>\n\t\t<meta property=\"og:title\" content=\"Bilgilendirme | Kapsam Sa\u011fl\u0131k\" \/>\n\t\t<meta property=\"og:description\" content=\"B\u0130LG\u0130LEND\u0130RME HelpDesk sistemimiz yap\u0131lan bak\u0131m \u00e7al\u0131\u015fmalar\u0131 sebebiyle 07\/02\/2025 00:00 - 08\/02\/2025 23:59 Tarihleri aras\u0131nda kapal\u0131 kalacakt\u0131r. Anlay\u0131\u015f\u0131n\u0131z i\u00e7in te\u015fekk\u00fcr ederiz.\" \/>\n\t\t<meta property=\"og:url\" content=\"https:\/\/www.kapsamsaglik.com.tr\/en\/announcement\/\" \/>\n\t\t<meta property=\"og:image\" content=\"https:\/\/www.kapsamsaglik.com.tr\/wp-content\/uploads\/2021\/03\/LogoKapsam-Mavi.svg\" \/>\n\t\t<meta property=\"og:image:secure_url\" content=\"https:\/\/www.kapsamsaglik.com.tr\/wp-content\/uploads\/2021\/03\/LogoKapsam-Mavi.svg\" \/>\n\t\t<meta property=\"og:image:width\" content=\"110\" \/>\n\t\t<meta property=\"og:image:height\" content=\"108\" \/>\n\t\t<meta property=\"article:published_time\" content=\"2025-02-06T17:57:29+00:00\" \/>\n\t\t<meta property=\"article:modified_time\" content=\"2025-02-06T18:08:08+00:00\" \/>\n\t\t<meta property=\"article:publisher\" content=\"https:\/\/www.facebook.com\/kapsamsaglik\/\" \/>\n\t\t<meta name=\"twitter:card\" content=\"summary_large_image\" \/>\n\t\t<meta name=\"twitter:title\" content=\"Bilgilendirme | Kapsam Sa\u011fl\u0131k\" \/>\n\t\t<meta name=\"twitter:description\" content=\"B\u0130LG\u0130LEND\u0130RME HelpDesk sistemimiz yap\u0131lan bak\u0131m \u00e7al\u0131\u015fmalar\u0131 sebebiyle 07\/02\/2025 00:00 - 08\/02\/2025 23:59 Tarihleri aras\u0131nda kapal\u0131 kalacakt\u0131r. Anlay\u0131\u015f\u0131n\u0131z i\u00e7in te\u015fekk\u00fcr ederiz.\" \/>\n\t\t<meta name=\"twitter:image\" content=\"https:\/\/www.kapsamsaglik.com.tr\/wp-content\/uploads\/2021\/03\/LogoKapsam-Mavi.svg\" \/>\n\t\t<meta name=\"twitter:label1\" content=\"Written by\" \/>\n\t\t<meta name=\"twitter:data1\" content=\"Kapsam Sa\u011fl\u0131k\" \/>\n\t\t<script type=\"application\/ld+json\" class=\"aioseo-schema\">\n\t\t\t{\"@context\":\"https:\\\/\\\/schema.org\",\"@graph\":[{\"@type\":\"BreadcrumbList\",\"@id\":\"https:\\\/\\\/www.kapsamsaglik.com.tr\\\/en\\\/announcement\\\/#breadcrumblist\",\"itemListElement\":[{\"@type\":\"ListItem\",\"@id\":\"https:\\\/\\\/www.kapsamsaglik.com.tr\\\/en\\\/#listItem\",\"position\":1,\"name\":\"Home\",\"item\":\"https:\\\/\\\/www.kapsamsaglik.com.tr\\\/en\\\/\",\"nextItem\":\"https:\\\/\\\/www.kapsamsaglik.com.tr\\\/en\\\/announcement\\\/#listItem\"},{\"@type\":\"ListItem\",\"@id\":\"https:\\\/\\\/www.kapsamsaglik.com.tr\\\/en\\\/announcement\\\/#listItem\",\"position\":2,\"name\":\"Bilgilendirme\",\"previousItem\":\"https:\\\/\\\/www.kapsamsaglik.com.tr\\\/en\\\/#listItem\"}]},{\"@type\":\"Organization\",\"@id\":\"https:\\\/\\\/www.kapsamsaglik.com.tr\\\/en\\\/#organization\",\"name\":\"Kapsam Sa\\u011fl\\u0131k \\u00dcr\\u00fcnleri\",\"url\":\"https:\\\/\\\/www.kapsamsaglik.com.tr\\\/en\\\/\",\"logo\":{\"@type\":\"ImageObject\",\"url\":\"https:\\\/\\\/www.kapsamsaglik.com.tr\\\/wp-content\\\/uploads\\\/2021\\\/03\\\/LogoKapsam-Mavi.svg\",\"@id\":\"https:\\\/\\\/www.kapsamsaglik.com.tr\\\/en\\\/announcement\\\/#organizationLogo\",\"width\":110,\"height\":108,\"caption\":\"Kapsam Sa\\u011fl\\u0131k \\u00dcr\\u00fcnleri\"},\"image\":{\"@id\":\"https:\\\/\\\/www.kapsamsaglik.com.tr\\\/en\\\/announcement\\\/#organizationLogo\"},\"sameAs\":[\"https:\\\/\\\/www.facebook.com\\\/kapsamsaglik\\\/\",\"https:\\\/\\\/www.instagram.com\\\/kapsamsaglik\\\/\",\"https:\\\/\\\/www.youtube.com\\\/channel\\\/UC94c5DWMFZx2ljPoR0fbM3w\",\"https:\\\/\\\/www.linkedin.com\\\/company\\\/kapsam-salk-rnleri\\\/\"],\"contactPoint\":{\"@type\":\"ContactPoint\",\"telephone\":\"+902622908801\",\"contactType\":\"Customer Support\"}},{\"@type\":\"WebPage\",\"@id\":\"https:\\\/\\\/www.kapsamsaglik.com.tr\\\/en\\\/announcement\\\/#webpage\",\"url\":\"https:\\\/\\\/www.kapsamsaglik.com.tr\\\/en\\\/announcement\\\/\",\"name\":\"Bilgilendirme | Kapsam Sa\\u011fl\\u0131k\",\"description\":\"B\\u0130LG\\u0130LEND\\u0130RME HelpDesk sistemimiz yap\\u0131lan bak\\u0131m \\u00e7al\\u0131\\u015fmalar\\u0131 sebebiyle 07\\\/02\\\/2025 00:00 - 08\\\/02\\\/2025 23:59 Tarihleri aras\\u0131nda kapal\\u0131 kalacakt\\u0131r. Anlay\\u0131\\u015f\\u0131n\\u0131z i\\u00e7in te\\u015fekk\\u00fcr ederiz.\",\"inLanguage\":\"en-US\",\"isPartOf\":{\"@id\":\"https:\\\/\\\/www.kapsamsaglik.com.tr\\\/en\\\/#website\"},\"breadcrumb\":{\"@id\":\"https:\\\/\\\/www.kapsamsaglik.com.tr\\\/en\\\/announcement\\\/#breadcrumblist\"},\"datePublished\":\"2025-02-06T20:57:29+03:00\",\"dateModified\":\"2025-02-06T21:08:08+03:00\"},{\"@type\":\"WebSite\",\"@id\":\"https:\\\/\\\/www.kapsamsaglik.com.tr\\\/en\\\/#website\",\"url\":\"https:\\\/\\\/www.kapsamsaglik.com.tr\\\/en\\\/\",\"name\":\"Kapsam Sa\\u011fl\\u0131k\",\"description\":\"Sa\\u011fl\\u0131k tesisleri i\\u00e7in yenilik\\u00e7i otomasyon sistemleri, yaz\\u0131l\\u0131m \\u00e7\\u00f6z\\u00fcmleri ve g\\u00fcvenli sarf malzemeler geli\\u015ftirip \\u00fcretiyoruz.\",\"inLanguage\":\"en-US\",\"publisher\":{\"@id\":\"https:\\\/\\\/www.kapsamsaglik.com.tr\\\/en\\\/#organization\"}}]}\n\t\t<\/script>\n\t\t<!-- All in One SEO Pro -->\r\n\t\t<title>Bilgilendirme | Kapsam Sa\u011fl\u0131k<\/title>\n\n","aioseo_head_json":{"title":"Bilgilendirme | Kapsam Sa\u011fl\u0131k","description":"B\u0130LG\u0130LEND\u0130RME HelpDesk sistemimiz yap\u0131lan bak\u0131m \u00e7al\u0131\u015fmalar\u0131 sebebiyle 07\/02\/2025 00:00 - 08\/02\/2025 23:59 Tarihleri aras\u0131nda kapal\u0131 kalacakt\u0131r. Anlay\u0131\u015f\u0131n\u0131z i\u00e7in te\u015fekk\u00fcr ederiz.","canonical_url":"https:\/\/www.kapsamsaglik.com.tr\/en\/announcement\/","robots":"max-image-preview:large","keywords":"","webmasterTools":{"google-site-verification":"XaAMMf7cd_uF7vNvTGKKokgU53e5q84beEakVWVoWzA","miscellaneous":""},"og:locale":"en_US","og:site_name":"Kapsam Sa\u011fl\u0131k","og:type":"article","og:title":"Bilgilendirme | Kapsam Sa\u011fl\u0131k","og:description":"B\u0130LG\u0130LEND\u0130RME HelpDesk sistemimiz yap\u0131lan bak\u0131m \u00e7al\u0131\u015fmalar\u0131 sebebiyle 07\/02\/2025 00:00 - 08\/02\/2025 23:59 Tarihleri aras\u0131nda kapal\u0131 kalacakt\u0131r. Anlay\u0131\u015f\u0131n\u0131z i\u00e7in te\u015fekk\u00fcr ederiz.","og:url":"https:\/\/www.kapsamsaglik.com.tr\/en\/announcement\/","og:image":"https:\/\/www.kapsamsaglik.com.tr\/wp-content\/uploads\/2021\/03\/LogoKapsam-Mavi.svg","og:image:secure_url":"https:\/\/www.kapsamsaglik.com.tr\/wp-content\/uploads\/2021\/03\/LogoKapsam-Mavi.svg","og:image:width":110,"og:image:height":108,"article:published_time":"2025-02-06T17:57:29+00:00","article:modified_time":"2025-02-06T18:08:08+00:00","article:publisher":"https:\/\/www.facebook.com\/kapsamsaglik\/","twitter:card":"summary_large_image","twitter:title":"Bilgilendirme | Kapsam Sa\u011fl\u0131k","twitter:description":"B\u0130LG\u0130LEND\u0130RME HelpDesk sistemimiz yap\u0131lan bak\u0131m \u00e7al\u0131\u015fmalar\u0131 sebebiyle 07\/02\/2025 00:00 - 08\/02\/2025 23:59 Tarihleri aras\u0131nda kapal\u0131 kalacakt\u0131r. Anlay\u0131\u015f\u0131n\u0131z i\u00e7in te\u015fekk\u00fcr ederiz.","twitter:image":"https:\/\/www.kapsamsaglik.com.tr\/wp-content\/uploads\/2021\/03\/LogoKapsam-Mavi.svg","twitter:label1":"Written by","twitter:data1":"Kapsam Sa\u011fl\u0131k","schema":{"@context":"https:\/\/schema.org","@graph":[{"@type":"BreadcrumbList","@id":"https:\/\/www.kapsamsaglik.com.tr\/en\/announcement\/#breadcrumblist","itemListElement":[{"@type":"ListItem","@id":"https:\/\/www.kapsamsaglik.com.tr\/en\/#listItem","position":1,"name":"Home","item":"https:\/\/www.kapsamsaglik.com.tr\/en\/","nextItem":"https:\/\/www.kapsamsaglik.com.tr\/en\/announcement\/#listItem"},{"@type":"ListItem","@id":"https:\/\/www.kapsamsaglik.com.tr\/en\/announcement\/#listItem","position":2,"name":"Bilgilendirme","previousItem":"https:\/\/www.kapsamsaglik.com.tr\/en\/#listItem"}]},{"@type":"Organization","@id":"https:\/\/www.kapsamsaglik.com.tr\/en\/#organization","name":"Kapsam Sa\u011fl\u0131k \u00dcr\u00fcnleri","url":"https:\/\/www.kapsamsaglik.com.tr\/en\/","logo":{"@type":"ImageObject","url":"https:\/\/www.kapsamsaglik.com.tr\/wp-content\/uploads\/2021\/03\/LogoKapsam-Mavi.svg","@id":"https:\/\/www.kapsamsaglik.com.tr\/en\/announcement\/#organizationLogo","width":110,"height":108,"caption":"Kapsam Sa\u011fl\u0131k \u00dcr\u00fcnleri"},"image":{"@id":"https:\/\/www.kapsamsaglik.com.tr\/en\/announcement\/#organizationLogo"},"sameAs":["https:\/\/www.facebook.com\/kapsamsaglik\/","https:\/\/www.instagram.com\/kapsamsaglik\/","https:\/\/www.youtube.com\/channel\/UC94c5DWMFZx2ljPoR0fbM3w","https:\/\/www.linkedin.com\/company\/kapsam-salk-rnleri\/"],"contactPoint":{"@type":"ContactPoint","telephone":"+902622908801","contactType":"Customer Support"}},{"@type":"WebPage","@id":"https:\/\/www.kapsamsaglik.com.tr\/en\/announcement\/#webpage","url":"https:\/\/www.kapsamsaglik.com.tr\/en\/announcement\/","name":"Bilgilendirme | Kapsam Sa\u011fl\u0131k","description":"B\u0130LG\u0130LEND\u0130RME HelpDesk sistemimiz yap\u0131lan bak\u0131m \u00e7al\u0131\u015fmalar\u0131 sebebiyle 07\/02\/2025 00:00 - 08\/02\/2025 23:59 Tarihleri aras\u0131nda kapal\u0131 kalacakt\u0131r. Anlay\u0131\u015f\u0131n\u0131z i\u00e7in te\u015fekk\u00fcr ederiz.","inLanguage":"en-US","isPartOf":{"@id":"https:\/\/www.kapsamsaglik.com.tr\/en\/#website"},"breadcrumb":{"@id":"https:\/\/www.kapsamsaglik.com.tr\/en\/announcement\/#breadcrumblist"},"datePublished":"2025-02-06T20:57:29+03:00","dateModified":"2025-02-06T21:08:08+03:00"},{"@type":"WebSite","@id":"https:\/\/www.kapsamsaglik.com.tr\/en\/#website","url":"https:\/\/www.kapsamsaglik.com.tr\/en\/","name":"Kapsam Sa\u011fl\u0131k","description":"Sa\u011fl\u0131k tesisleri i\u00e7in yenilik\u00e7i otomasyon sistemleri, yaz\u0131l\u0131m \u00e7\u00f6z\u00fcmleri ve g\u00fcvenli sarf malzemeler geli\u015ftirip \u00fcretiyoruz.","inLanguage":"en-US","publisher":{"@id":"https:\/\/www.kapsamsaglik.com.tr\/en\/#organization"}}]}},"aioseo_meta_data":{"post_id":"22696","title":null,"description":null,"keywords":"[]","keyphrases":"{\"focus\":{\"keyphrase\":\"\",\"score\":0,\"analysis\":{\"keyphraseInTitle\":{\"score\":0,\"maxScore\":9,\"error\":1}}},\"additional\":[]}","primary_term":null,"canonical_url":null,"og_title":null,"og_description":null,"og_object_type":"default","og_image_type":"default","og_image_url":null,"og_image_width":null,"og_image_height":null,"og_image_custom_url":null,"og_image_custom_fields":null,"og_video":"","og_custom_url":null,"og_article_section":null,"og_article_tags":"[]","twitter_use_og":false,"twitter_card":"default","twitter_image_type":"default","twitter_image_url":null,"twitter_image_custom_url":null,"twitter_image_custom_fields":null,"twitter_title":null,"twitter_description":null,"schema":{"blockGraphs":[],"customGraphs":[],"default":{"data":{"Article":[],"Course":[],"Dataset":[],"FAQPage":[],"Movie":[],"Person":[],"Product":[],"Recipe":[],"Service":[],"SoftwareApplication":[],"WebPage":[]},"graphName":"WebPage","isEnabled":true},"graphs":[]},"schema_type":"default","schema_type_options":null,"pillar_content":false,"robots_default":true,"robots_noindex":false,"robots_noarchive":false,"robots_nosnippet":false,"robots_nofollow":false,"robots_noimageindex":false,"robots_noodp":false,"robots_notranslate":false,"robots_max_snippet":"-1","robots_max_videopreview":"-1","robots_max_imagepreview":"large","priority":null,"frequency":"default","local_seo":null,"limit_modified_date":false,"open_ai":{"title":{"suggestions":[],"usage":0},"description":{"suggestions":[],"usage":0}},"created":"2025-02-06 17:57:29","updated":"2025-02-06 17:57:29"},"aioseo_breadcrumb":"<div class=\"aioseo-breadcrumbs\"><span class=\"aioseo-breadcrumb\">\n\t<a href=\"https:\/\/www.kapsamsaglik.com.tr\/en\" title=\"Ana Sayfa\">Ana Sayfa<\/a>\n<\/span><span class=\"aioseo-breadcrumb-separator\">&#124;<\/span><span class=\"aioseo-breadcrumb\">\n\tBilgilendirme\n<\/span><\/div>","aioseo_breadcrumb_json":[{"label":"Ana Sayfa","link":"https:\/\/www.kapsamsaglik.com.tr\/en"},{"label":"Bilgilendirme","link":"https:\/\/www.kapsamsaglik.com.tr\/en\/announcement\/"}],"_links":{"self":[{"href":"https:\/\/www.kapsamsaglik.com.tr\/en\/wp-json\/wp\/v2\/pages\/22696","targetHints":{"allow":["GET"]}}],"collection":[{"href":"https:\/\/www.kapsamsaglik.com.tr\/en\/wp-json\/wp\/v2\/pages"}],"about":[{"href":"https:\/\/www.kapsamsaglik.com.tr\/en\/wp-json\/wp\/v2\/types\/page"}],"author":[{"embeddable":true,"href":"https:\/\/www.kapsamsaglik.com.tr\/en\/wp-json\/wp\/v2\/users\/1"}],"replies":[{"embeddable":true,"href":"https:\/\/www.kapsamsaglik.com.tr\/en\/wp-json\/wp\/v2\/comments?post=22696"}],"version-history":[{"count":4,"href":"https:\/\/www.kapsamsaglik.com.tr\/en\/wp-json\/wp\/v2\/pages\/22696\/revisions"}],"predecessor-version":[{"id":22701,"href":"https:\/\/www.kapsamsaglik.com.tr\/en\/wp-json\/wp\/v2\/pages\/22696\/revisions\/22701"}],"wp:attachment":[{"href":"https:\/\/www.kapsamsaglik.com.tr\/en\/wp-json\/wp\/v2\/media?parent=22696"}],"curies":[{"name":"wp","href":"https:\/\/api.w.org\/{rel}","templated":true}]}}