{"id":3538,"date":"2021-02-14T16:47:47","date_gmt":"2021-02-14T13:47:47","guid":{"rendered":"https:\/\/www.kapsamsaglik.com.tr\/?page_id=3538"},"modified":"2023-05-12T20:42:04","modified_gmt":"2023-05-12T17:42:04","slug":"videolar","status":"publish","type":"page","link":"https:\/\/www.kapsamsaglik.com.tr\/en\/videos\/","title":{"rendered":"Videos"},"content":{"rendered":"<div data-elementor-type=\"wp-page\" data-elementor-id=\"3538\" class=\"elementor elementor-3538\">\n\t\t\t\t\t\t\t\t\t<section data-particle_enable=\"false\" data-particle-mobile-disabled=\"false\" class=\"elementor-section elementor-top-section elementor-element elementor-element-563ecab5 elementor-section-full_width elementor-section-stretched elementor-section-height-default elementor-section-height-default\" data-id=\"563ecab5\" data-element_type=\"section\" data-settings=\"{&quot;stretch_section&quot;:&quot;section-stretched&quot;}\">\n\t\t\t\t\t\t<div class=\"elementor-container elementor-column-gap-no\">\n\t\t\t\t\t<div class=\"elementor-column elementor-col-100 elementor-top-column elementor-element elementor-element-681c6d8f\" data-id=\"681c6d8f\" data-element_type=\"column\">\n\t\t\t<div class=\"elementor-widget-wrap elementor-element-populated\">\n\t\t\t\t\t\t\t\t<div data-dce-background-color=\"#00314E\" class=\"elementor-element elementor-element-39cf3d2e elementor-widget elementor-widget-page-title\" data-id=\"39cf3d2e\" data-element_type=\"widget\" data-widget_type=\"page-title.default\">\n\t\t\t\t<div class=\"elementor-widget-container\">\n\t\t\t<div class=\"page-title\" ><div class=\"container\"><div class=\"row\"><div class=\"col-lg-12\"><div class=\"pt-style-2\"><h1 class=\"entry-title\">Videos<\/h1><\/div><\/div><\/div><\/div><\/div>\t\t<\/div>\n\t\t\t\t<\/div>\n\t\t\t\t\t<\/div>\n\t\t<\/div>\n\t\t\t\t\t\t\t<\/div>\n\t\t<\/section>\n\t\t<div data-particle_enable=\"false\" data-particle-mobile-disabled=\"false\" class=\"elementor-element elementor-element-910e3fd e-con-full e-flex e-con\" data-id=\"910e3fd\" data-element_type=\"container\" data-settings=\"{&quot;content_width&quot;:&quot;full&quot;}\">\n\t\t\t\t<div class=\"elementor-element elementor-element-1219aac elementor-widget elementor-widget-shortcode\" data-id=\"1219aac\" data-element_type=\"widget\" data-widget_type=\"shortcode.default\">\n\t\t\t\t<div class=\"elementor-widget-container\">\n\t\t\t\t\t<div class=\"elementor-shortcode\"><\/div>\n\t\t\t\t<\/div>\n\t\t\t\t<\/div>\n\t\t\t\t<\/div>\n\t\t\t\t\t\t\t<\/div>","protected":false},"excerpt":{"rendered":"<p>Videos<\/p>","protected":false},"author":1,"featured_media":14977,"parent":0,"menu_order":42,"comment_status":"closed","ping_status":"closed","template":"","meta":{"_crdt_document":"","om_disable_all_campaigns":false,"inline_featured_image":false,"_mi_skip_tracking":false,"footnotes":"","_links_to":"","_links_to_target":""},"class_list":["post-3538","page","type-page","status-publish","has-post-thumbnail","hentry"],"aioseo_notices":[],"aioseo_head":"\n\t\t<!-- All in One SEO Pro 4.6.0 - aioseo.com -->\n\t\t<meta name=\"description\" content=\"Videolar, Sa\u011fl\u0131k \u00fcr\u00fcnleri videolar\u0131 sayfam\u0131zdan son teknoloji ile geli\u015ftirilmi\u015f ve g\u00fcvenilir sa\u011fl\u0131k \u00fcr\u00fcnlerini inceleyebilir talepte bulunabilirsiniz.\" \/>\n\t\t<meta name=\"robots\" content=\"max-image-preview:large\" \/>\n\t\t<meta name=\"google-site-verification\" content=\"XaAMMf7cd_uF7vNvTGKKokgU53e5q84beEakVWVoWzA\" \/>\n\t\t<link rel=\"canonical\" href=\"https:\/\/www.kapsamsaglik.com.tr\/en\/videos\/\" \/>\n\t\t<meta name=\"generator\" content=\"All in One SEO Pro (AIOSEO) 4.6.0\" \/>\n\t\t<meta property=\"og:locale\" content=\"en_US\" \/>\n\t\t<meta property=\"og:site_name\" content=\"Kapsam Sa\u011fl\u0131k\" \/>\n\t\t<meta property=\"og:type\" content=\"article\" \/>\n\t\t<meta property=\"og:title\" content=\"Videolar | Kapsam Sa\u011fl\u0131k TPN, \u0130nf\u00fczyon, Temiz Oda \u00c7\u00f6z\u00fcmleri\" \/>\n\t\t<meta property=\"og:description\" content=\"Videolar, Sa\u011fl\u0131k \u00fcr\u00fcnleri videolar\u0131 sayfam\u0131zdan son teknoloji ile geli\u015ftirilmi\u015f ve g\u00fcvenilir sa\u011fl\u0131k \u00fcr\u00fcnlerini inceleyebilir talepte bulunabilirsiniz.\" \/>\n\t\t<meta property=\"og:url\" content=\"https:\/\/www.kapsamsaglik.com.tr\/en\/videos\/\" \/>\n\t\t<meta property=\"og:image\" content=\"https:\/\/img.youtube.com\/vi\/MQSlisgs4oc\/maxresdefault.jpg\" \/>\n\t\t<meta property=\"og:image:secure_url\" content=\"https:\/\/img.youtube.com\/vi\/MQSlisgs4oc\/maxresdefault.jpg\" \/>\n\t\t<meta property=\"article:published_time\" content=\"2021-02-14T13:47:47+00:00\" \/>\n\t\t<meta property=\"article:modified_time\" content=\"2023-05-12T17:42:04+00:00\" \/>\n\t\t<meta property=\"article:publisher\" content=\"https:\/\/www.facebook.com\/kapsamsaglik\/\" \/>\n\t\t<meta name=\"twitter:card\" content=\"summary_large_image\" \/>\n\t\t<meta name=\"twitter:title\" content=\"Videolar | Kapsam Sa\u011fl\u0131k TPN, \u0130nf\u00fczyon, Temiz Oda \u00c7\u00f6z\u00fcmleri\" \/>\n\t\t<meta name=\"twitter:description\" content=\"Videolar, Sa\u011fl\u0131k \u00fcr\u00fcnleri videolar\u0131 sayfam\u0131zdan son teknoloji ile geli\u015ftirilmi\u015f ve g\u00fcvenilir sa\u011fl\u0131k \u00fcr\u00fcnlerini inceleyebilir talepte bulunabilirsiniz.\" \/>\n\t\t<meta name=\"twitter:image\" content=\"https:\/\/img.youtube.com\/vi\/MQSlisgs4oc\/maxresdefault.jpg\" \/>\n\t\t<meta name=\"twitter:label1\" content=\"Written by\" \/>\n\t\t<meta name=\"twitter:data1\" content=\"Kapsam Sa\u011fl\u0131k\" \/>\n\t\t<script type=\"application\/ld+json\" class=\"aioseo-schema\">\n\t\t\t{\"@context\":\"https:\\\/\\\/schema.org\",\"@graph\":[{\"@type\":\"BreadcrumbList\",\"@id\":\"https:\\\/\\\/www.kapsamsaglik.com.tr\\\/en\\\/videos\\\/#breadcrumblist\",\"itemListElement\":[{\"@type\":\"ListItem\",\"@id\":\"https:\\\/\\\/www.kapsamsaglik.com.tr\\\/en\\\/#listItem\",\"position\":1,\"name\":\"Home\",\"item\":\"https:\\\/\\\/www.kapsamsaglik.com.tr\\\/en\\\/\",\"nextItem\":\"https:\\\/\\\/www.kapsamsaglik.com.tr\\\/en\\\/videos\\\/#listItem\"},{\"@type\":\"ListItem\",\"@id\":\"https:\\\/\\\/www.kapsamsaglik.com.tr\\\/en\\\/videos\\\/#listItem\",\"position\":2,\"name\":\"Videolar\",\"previousItem\":\"https:\\\/\\\/www.kapsamsaglik.com.tr\\\/en\\\/#listItem\"}]},{\"@type\":\"Organization\",\"@id\":\"https:\\\/\\\/www.kapsamsaglik.com.tr\\\/en\\\/#organization\",\"name\":\"Kapsam Sa\\u011fl\\u0131k \\u00dcr\\u00fcnleri\",\"url\":\"https:\\\/\\\/www.kapsamsaglik.com.tr\\\/en\\\/\",\"logo\":{\"@type\":\"ImageObject\",\"url\":\"https:\\\/\\\/www.kapsamsaglik.com.tr\\\/wp-content\\\/uploads\\\/2021\\\/03\\\/LogoKapsam-Mavi.svg\",\"@id\":\"https:\\\/\\\/www.kapsamsaglik.com.tr\\\/en\\\/videos\\\/#organizationLogo\",\"width\":110,\"height\":108,\"caption\":\"Kapsam Sa\\u011fl\\u0131k \\u00dcr\\u00fcnleri\"},\"image\":{\"@id\":\"https:\\\/\\\/www.kapsamsaglik.com.tr\\\/en\\\/videos\\\/#organizationLogo\"},\"sameAs\":[\"https:\\\/\\\/www.facebook.com\\\/kapsamsaglik\\\/\",\"https:\\\/\\\/www.instagram.com\\\/kapsamsaglik\\\/\",\"https:\\\/\\\/www.youtube.com\\\/channel\\\/UC94c5DWMFZx2ljPoR0fbM3w\",\"https:\\\/\\\/www.linkedin.com\\\/company\\\/kapsam-salk-rnleri\\\/\"],\"contactPoint\":{\"@type\":\"ContactPoint\",\"telephone\":\"+902622908801\",\"contactType\":\"Customer Support\"}},{\"@type\":\"WebPage\",\"@id\":\"https:\\\/\\\/www.kapsamsaglik.com.tr\\\/en\\\/videos\\\/#webpage\",\"url\":\"https:\\\/\\\/www.kapsamsaglik.com.tr\\\/en\\\/videos\\\/\",\"name\":\"Videolar | Kapsam Sa\\u011fl\\u0131k TPN, \\u0130nf\\u00fczyon, Temiz Oda \\u00c7\\u00f6z\\u00fcmleri\",\"description\":\"Videolar, Sa\\u011fl\\u0131k \\u00fcr\\u00fcnleri videolar\\u0131 sayfam\\u0131zdan son teknoloji ile geli\\u015ftirilmi\\u015f ve g\\u00fcvenilir sa\\u011fl\\u0131k \\u00fcr\\u00fcnlerini inceleyebilir talepte bulunabilirsiniz.\",\"inLanguage\":\"en-US\",\"isPartOf\":{\"@id\":\"https:\\\/\\\/www.kapsamsaglik.com.tr\\\/en\\\/#website\"},\"breadcrumb\":{\"@id\":\"https:\\\/\\\/www.kapsamsaglik.com.tr\\\/en\\\/videos\\\/#breadcrumblist\"},\"image\":{\"@type\":\"ImageObject\",\"url\":\"https:\\\/\\\/www.kapsamsaglik.com.tr\\\/wp-content\\\/uploads\\\/2022\\\/10\\\/videolar.webp\",\"@id\":\"https:\\\/\\\/www.kapsamsaglik.com.tr\\\/en\\\/videos\\\/#mainImage\",\"width\":1280,\"height\":720},\"primaryImageOfPage\":{\"@id\":\"https:\\\/\\\/www.kapsamsaglik.com.tr\\\/en\\\/videos\\\/#mainImage\"},\"datePublished\":\"2021-02-14T16:47:47+03:00\",\"dateModified\":\"2023-05-12T20:42:04+03:00\"},{\"@type\":\"WebSite\",\"@id\":\"https:\\\/\\\/www.kapsamsaglik.com.tr\\\/en\\\/#website\",\"url\":\"https:\\\/\\\/www.kapsamsaglik.com.tr\\\/en\\\/\",\"name\":\"Kapsam Sa\\u011fl\\u0131k\",\"description\":\"Sa\\u011fl\\u0131k tesisleri i\\u00e7in yenilik\\u00e7i otomasyon sistemleri, yaz\\u0131l\\u0131m \\u00e7\\u00f6z\\u00fcmleri ve g\\u00fcvenli sarf malzemeler geli\\u015ftirip \\u00fcretiyoruz.\",\"inLanguage\":\"en-US\",\"publisher\":{\"@id\":\"https:\\\/\\\/www.kapsamsaglik.com.tr\\\/en\\\/#organization\"}}]}\n\t\t<\/script>\n\t\t<!-- All in One SEO Pro -->\r\n\t\t<title>Videolar | Kapsam Sa\u011fl\u0131k TPN, \u0130nf\u00fczyon, Temiz Oda \u00c7\u00f6z\u00fcmleri<\/title>\n\n","aioseo_head_json":{"title":"Videolar | Kapsam Sa\u011fl\u0131k TPN, \u0130nf\u00fczyon, Temiz Oda \u00c7\u00f6z\u00fcmleri","description":"Videolar, Sa\u011fl\u0131k \u00fcr\u00fcnleri videolar\u0131 sayfam\u0131zdan son teknoloji ile geli\u015ftirilmi\u015f ve g\u00fcvenilir sa\u011fl\u0131k \u00fcr\u00fcnlerini inceleyebilir talepte bulunabilirsiniz.","canonical_url":"https:\/\/www.kapsamsaglik.com.tr\/en\/videos\/","robots":"max-image-preview:large","keywords":"","webmasterTools":{"google-site-verification":"XaAMMf7cd_uF7vNvTGKKokgU53e5q84beEakVWVoWzA","miscellaneous":""},"og:locale":"en_US","og:site_name":"Kapsam Sa\u011fl\u0131k","og:type":"article","og:title":"Videolar | Kapsam Sa\u011fl\u0131k TPN, \u0130nf\u00fczyon, Temiz Oda \u00c7\u00f6z\u00fcmleri","og:description":"Videolar, Sa\u011fl\u0131k \u00fcr\u00fcnleri videolar\u0131 sayfam\u0131zdan son teknoloji ile geli\u015ftirilmi\u015f ve g\u00fcvenilir sa\u011fl\u0131k \u00fcr\u00fcnlerini inceleyebilir talepte bulunabilirsiniz.","og:url":"https:\/\/www.kapsamsaglik.com.tr\/en\/videos\/","og:image":"https:\/\/img.youtube.com\/vi\/MQSlisgs4oc\/maxresdefault.jpg","og:image:secure_url":"https:\/\/img.youtube.com\/vi\/MQSlisgs4oc\/maxresdefault.jpg","article:published_time":"2021-02-14T13:47:47+00:00","article:modified_time":"2023-05-12T17:42:04+00:00","article:publisher":"https:\/\/www.facebook.com\/kapsamsaglik\/","twitter:card":"summary_large_image","twitter:title":"Videolar | Kapsam Sa\u011fl\u0131k TPN, \u0130nf\u00fczyon, Temiz Oda \u00c7\u00f6z\u00fcmleri","twitter:description":"Videolar, Sa\u011fl\u0131k \u00fcr\u00fcnleri videolar\u0131 sayfam\u0131zdan son teknoloji ile geli\u015ftirilmi\u015f ve g\u00fcvenilir sa\u011fl\u0131k \u00fcr\u00fcnlerini inceleyebilir talepte bulunabilirsiniz.","twitter:image":"https:\/\/img.youtube.com\/vi\/MQSlisgs4oc\/maxresdefault.jpg","twitter:label1":"Written by","twitter:data1":"Kapsam Sa\u011fl\u0131k","schema":{"@context":"https:\/\/schema.org","@graph":[{"@type":"BreadcrumbList","@id":"https:\/\/www.kapsamsaglik.com.tr\/en\/videos\/#breadcrumblist","itemListElement":[{"@type":"ListItem","@id":"https:\/\/www.kapsamsaglik.com.tr\/en\/#listItem","position":1,"name":"Home","item":"https:\/\/www.kapsamsaglik.com.tr\/en\/","nextItem":"https:\/\/www.kapsamsaglik.com.tr\/en\/videos\/#listItem"},{"@type":"ListItem","@id":"https:\/\/www.kapsamsaglik.com.tr\/en\/videos\/#listItem","position":2,"name":"Videolar","previousItem":"https:\/\/www.kapsamsaglik.com.tr\/en\/#listItem"}]},{"@type":"Organization","@id":"https:\/\/www.kapsamsaglik.com.tr\/en\/#organization","name":"Kapsam Sa\u011fl\u0131k \u00dcr\u00fcnleri","url":"https:\/\/www.kapsamsaglik.com.tr\/en\/","logo":{"@type":"ImageObject","url":"https:\/\/www.kapsamsaglik.com.tr\/wp-content\/uploads\/2021\/03\/LogoKapsam-Mavi.svg","@id":"https:\/\/www.kapsamsaglik.com.tr\/en\/videos\/#organizationLogo","width":110,"height":108,"caption":"Kapsam Sa\u011fl\u0131k \u00dcr\u00fcnleri"},"image":{"@id":"https:\/\/www.kapsamsaglik.com.tr\/en\/videos\/#organizationLogo"},"sameAs":["https:\/\/www.facebook.com\/kapsamsaglik\/","https:\/\/www.instagram.com\/kapsamsaglik\/","https:\/\/www.youtube.com\/channel\/UC94c5DWMFZx2ljPoR0fbM3w","https:\/\/www.linkedin.com\/company\/kapsam-salk-rnleri\/"],"contactPoint":{"@type":"ContactPoint","telephone":"+902622908801","contactType":"Customer Support"}},{"@type":"WebPage","@id":"https:\/\/www.kapsamsaglik.com.tr\/en\/videos\/#webpage","url":"https:\/\/www.kapsamsaglik.com.tr\/en\/videos\/","name":"Videolar | Kapsam Sa\u011fl\u0131k TPN, \u0130nf\u00fczyon, Temiz Oda \u00c7\u00f6z\u00fcmleri","description":"Videolar, Sa\u011fl\u0131k \u00fcr\u00fcnleri videolar\u0131 sayfam\u0131zdan son teknoloji ile geli\u015ftirilmi\u015f ve g\u00fcvenilir sa\u011fl\u0131k \u00fcr\u00fcnlerini inceleyebilir talepte bulunabilirsiniz.","inLanguage":"en-US","isPartOf":{"@id":"https:\/\/www.kapsamsaglik.com.tr\/en\/#website"},"breadcrumb":{"@id":"https:\/\/www.kapsamsaglik.com.tr\/en\/videos\/#breadcrumblist"},"image":{"@type":"ImageObject","url":"https:\/\/www.kapsamsaglik.com.tr\/wp-content\/uploads\/2022\/10\/videolar.webp","@id":"https:\/\/www.kapsamsaglik.com.tr\/en\/videos\/#mainImage","width":1280,"height":720},"primaryImageOfPage":{"@id":"https:\/\/www.kapsamsaglik.com.tr\/en\/videos\/#mainImage"},"datePublished":"2021-02-14T16:47:47+03:00","dateModified":"2023-05-12T20:42:04+03:00"},{"@type":"WebSite","@id":"https:\/\/www.kapsamsaglik.com.tr\/en\/#website","url":"https:\/\/www.kapsamsaglik.com.tr\/en\/","name":"Kapsam Sa\u011fl\u0131k","description":"Sa\u011fl\u0131k tesisleri i\u00e7in yenilik\u00e7i otomasyon sistemleri, yaz\u0131l\u0131m \u00e7\u00f6z\u00fcmleri ve g\u00fcvenli sarf malzemeler geli\u015ftirip \u00fcretiyoruz.","inLanguage":"en-US","publisher":{"@id":"https:\/\/www.kapsamsaglik.com.tr\/en\/#organization"}}]}},"aioseo_meta_data":{"post_id":"3538","title":"#post_title #separator_sa #site_title TPN, \u0130nf\u00fczyon, Temiz Oda \u00c7\u00f6z\u00fcmleri","description":"Videolar, Sa\u011fl\u0131k \u00fcr\u00fcnleri videolar\u0131 sayfam\u0131zdan son teknoloji ile geli\u015ftirilmi\u015f ve g\u00fcvenilir sa\u011fl\u0131k \u00fcr\u00fcnlerini inceleyebilir talepte bulunabilirsiniz.","keywords":"[]","keyphrases":"{\"focus\":{\"keyphrase\":\"Videolar\",\"analysis\":{\"keyphraseInTitle\":{\"score\":9,\"maxScore\":9,\"error\":0},\"keyphraseInDescription\":{\"score\":9,\"maxScore\":9,\"error\":0},\"keyphraseLength\":{\"score\":9,\"maxScore\":9,\"error\":0,\"length\":1},\"keyphraseInURL\":{\"score\":5,\"maxScore\":5,\"error\":0},\"keyphraseInIntroduction\":{\"score\":3,\"maxScore\":9,\"error\":1},\"keyphraseInSubHeadings\":{\"score\":3,\"maxScore\":9,\"error\":1},\"keyphraseInImageAlt\":{\"score\":3,\"maxScore\":9,\"error\":1}},\"score\":69},\"additional\":[]}","primary_term":null,"canonical_url":null,"og_title":null,"og_description":null,"og_object_type":"default","og_image_type":"content","og_image_url":"https:\/\/img.youtube.com\/vi\/MQSlisgs4oc\/maxresdefault.jpg","og_image_width":"0","og_image_height":"0","og_image_custom_url":null,"og_image_custom_fields":null,"og_video":"","og_custom_url":null,"og_article_section":null,"og_article_tags":"[]","twitter_use_og":true,"twitter_card":"default","twitter_image_type":"default","twitter_image_url":null,"twitter_image_custom_url":null,"twitter_image_custom_fields":null,"twitter_title":null,"twitter_description":null,"schema":{"blockGraphs":[],"customGraphs":[],"default":{"data":{"Article":[],"Course":[],"Dataset":[],"FAQPage":[],"Movie":[],"Person":[],"Product":[],"Recipe":[],"Service":[],"SoftwareApplication":[],"WebPage":{"id":"aioseo-web-page-637f3ed600437","slug":"web-page","graphName":"WebPage","label":"Web Page","properties":{"type":"WebPage","name":"","description":""}}},"graphName":"","isEnabled":true},"graphs":[]},"schema_type":"default","schema_type_options":"{\"article\":{\"articleType\":\"BlogPosting\"},\"course\":{\"name\":\"\",\"description\":\"\",\"provider\":\"\"},\"faq\":{\"pages\":[]},\"product\":{\"reviews\":[]},\"recipe\":{\"ingredients\":[],\"instructions\":[],\"keywords\":[]},\"software\":{\"reviews\":[],\"operatingSystems\":[]},\"webPage\":{\"webPageType\":\"WebPage\"},\"blockGraphs\":[]}","pillar_content":false,"robots_default":true,"robots_noindex":false,"robots_noarchive":false,"robots_nosnippet":false,"robots_nofollow":false,"robots_noimageindex":false,"robots_noodp":false,"robots_notranslate":false,"robots_max_snippet":"-1","robots_max_videopreview":"-1","robots_max_imagepreview":"large","priority":null,"frequency":"default","local_seo":null,"limit_modified_date":false,"open_ai":null,"created":"2021-12-07 09:54:28","updated":"2023-05-12 17:42:04"},"aioseo_breadcrumb":"<div class=\"aioseo-breadcrumbs\"><span class=\"aioseo-breadcrumb\">\n\t<a href=\"https:\/\/www.kapsamsaglik.com.tr\/en\" title=\"Ana Sayfa\">Ana Sayfa<\/a>\n<\/span><span class=\"aioseo-breadcrumb-separator\">&#124;<\/span><span class=\"aioseo-breadcrumb\">\n\tVideolar\n<\/span><\/div>","aioseo_breadcrumb_json":[{"label":"Ana Sayfa","link":"https:\/\/www.kapsamsaglik.com.tr\/en"},{"label":"Videolar","link":"https:\/\/www.kapsamsaglik.com.tr\/en\/videos\/"}],"_links":{"self":[{"href":"https:\/\/www.kapsamsaglik.com.tr\/en\/wp-json\/wp\/v2\/pages\/3538","targetHints":{"allow":["GET"]}}],"collection":[{"href":"https:\/\/www.kapsamsaglik.com.tr\/en\/wp-json\/wp\/v2\/pages"}],"about":[{"href":"https:\/\/www.kapsamsaglik.com.tr\/en\/wp-json\/wp\/v2\/types\/page"}],"author":[{"embeddable":true,"href":"https:\/\/www.kapsamsaglik.com.tr\/en\/wp-json\/wp\/v2\/users\/1"}],"replies":[{"embeddable":true,"href":"https:\/\/www.kapsamsaglik.com.tr\/en\/wp-json\/wp\/v2\/comments?post=3538"}],"version-history":[{"count":0,"href":"https:\/\/www.kapsamsaglik.com.tr\/en\/wp-json\/wp\/v2\/pages\/3538\/revisions"}],"wp:featuredmedia":[{"embeddable":true,"href":"https:\/\/www.kapsamsaglik.com.tr\/en\/wp-json\/wp\/v2\/media\/14977"}],"wp:attachment":[{"href":"https:\/\/www.kapsamsaglik.com.tr\/en\/wp-json\/wp\/v2\/media?parent=3538"}],"curies":[{"name":"wp","href":"https:\/\/api.w.org\/{rel}","templated":true}]}}