{"id":3558,"date":"2021-02-14T19:42:18","date_gmt":"2021-02-14T16:42:18","guid":{"rendered":"https:\/\/www.kapsamsaglik.com.tr\/?page_id=3558"},"modified":"2023-08-17T16:20:58","modified_gmt":"2023-08-17T13:20:58","slug":"urunler-cozumler","status":"publish","type":"page","link":"https:\/\/www.kapsamsaglik.com.tr\/en\/products-solutions\/","title":{"rendered":"Products Solutions"},"content":{"rendered":"<div data-elementor-type=\"wp-page\" data-elementor-id=\"3558\" class=\"elementor elementor-3558\">\n\t\t\t\t\t\t\t<style>\/*! elementor - v3.15.0 - 26-07-2023 *\/\n.elementor-widget-text-editor.elementor-drop-cap-view-stacked .elementor-drop-cap{background-color:#69727d;color:#fff}.elementor-widget-text-editor.elementor-drop-cap-view-framed .elementor-drop-cap{color:#69727d;border:3px solid;background-color:transparent}.elementor-widget-text-editor:not(.elementor-drop-cap-view-default) .elementor-drop-cap{margin-top:8px}.elementor-widget-text-editor:not(.elementor-drop-cap-view-default) .elementor-drop-cap-letter{width:1em;height:1em}.elementor-widget-text-editor .elementor-drop-cap{float:left;text-align:center;line-height:1;font-size:50px}.elementor-widget-text-editor .elementor-drop-cap-letter{display:inline-block}<\/style>\t\t<section data-particle_enable=\"false\" data-particle-mobile-disabled=\"false\" class=\"elementor-section elementor-top-section elementor-element elementor-element-1286ca62 elementor-section-full_width elementor-section-stretched elementor-section-height-default elementor-section-height-default\" data-id=\"1286ca62\" data-element_type=\"section\" data-settings=\"{&quot;stretch_section&quot;:&quot;section-stretched&quot;}\">\n\t\t\t\t\t\t<div class=\"elementor-container elementor-column-gap-no\">\n\t\t\t\t\t<div class=\"elementor-column elementor-col-100 elementor-top-column elementor-element elementor-element-5ebc2cbf\" data-id=\"5ebc2cbf\" data-element_type=\"column\">\n\t\t\t<div class=\"elementor-widget-wrap elementor-element-populated\">\n\t\t\t\t\t\t\t\t<div data-dce-background-color=\"#00314E\" class=\"elementor-element elementor-element-a786e84 elementor-widget elementor-widget-page-title\" data-id=\"a786e84\" data-element_type=\"widget\" data-widget_type=\"page-title.default\">\n\t\t\t\t<div class=\"elementor-widget-container\">\n\t\t\t<div class=\"page-title\" ><div class=\"container\"><div class=\"row\"><div class=\"col-lg-12\"><div class=\"pt-style-2\"><h1 class=\"entry-title\">Products &amp; Solutions<\/h1><\/div><\/div><\/div><\/div><\/div>\t\t<\/div>\n\t\t\t\t<\/div>\n\t\t\t\t\t<\/div>\n\t\t<\/div>\n\t\t\t\t\t\t\t<\/div>\n\t\t<\/section>\n\t\t\t\t<section data-particle_enable=\"false\" data-particle-mobile-disabled=\"false\" class=\"elementor-section elementor-top-section elementor-element elementor-element-e431f9e elementor-section-full_width elementor-section-content-middle elementor-section-height-default elementor-section-height-default\" data-id=\"e431f9e\" data-element_type=\"section\">\n\t\t\t\t\t\t<div class=\"elementor-container elementor-column-gap-extended\">\n\t\t\t\t\t<div class=\"elementor-column elementor-col-25 elementor-top-column elementor-element elementor-element-90cbd25\" data-id=\"90cbd25\" data-element_type=\"column\">\n\t\t\t<div class=\"elementor-widget-wrap elementor-element-populated\">\n\t\t\t\t\t\t\t\t<div class=\"elementor-element elementor-element-77d0697 dce_masking-none elementor-widget elementor-widget-image\" data-id=\"77d0697\" data-element_type=\"widget\" data-widget_type=\"image.default\">\n\t\t\t\t<div class=\"elementor-widget-container\">\n\t\t\t<style>\/*! elementor - v3.15.0 - 26-07-2023 *\/\n.elementor-widget-image{text-align:center}.elementor-widget-image a{display:inline-block}.elementor-widget-image a img[src$=\".svg\"]{width:48px}.elementor-widget-image img{vertical-align:middle;display:inline-block}<\/style>\t\t\t\t\t\t\t\t\t\t\t\t\t<a href=\"https:\/\/www.kapsamsaglik.com.tr\/en\/products-solutions-automated-pharmacy-compounding-solutions\/\" target=\"_blank\">\n\t\t\t\t\t\t\t<img decoding=\"async\" width=\"1600\" height=\"1024\" src=\"https:\/\/www.kapsamsaglik.com.tr\/wp-content\/uploads\/2023\/05\/menu1-en-01-new.svg\" class=\"attachment-full size-full wp-image-17394\" alt=\"Automated Pharmacy Compounding Solutions\" \/>\t\t\t\t\t\t\t\t<\/a>\n\t\t\t\t\t\t\t\t\t\t\t\t\t\t\t<\/div>\n\t\t\t\t<\/div>\n\t\t\t\t\t<\/div>\n\t\t<\/div>\n\t\t\t\t<div class=\"elementor-column elementor-col-25 elementor-top-column elementor-element elementor-element-7617add\" data-id=\"7617add\" data-element_type=\"column\">\n\t\t\t<div class=\"elementor-widget-wrap elementor-element-populated\">\n\t\t\t\t\t\t\t\t<div class=\"elementor-element elementor-element-06741a0 dce_masking-none elementor-widget elementor-widget-image\" data-id=\"06741a0\" data-element_type=\"widget\" data-widget_type=\"image.default\">\n\t\t\t\t<div class=\"elementor-widget-container\">\n\t\t\t\t\t\t\t\t\t\t\t\t\t\t\t\t<a href=\"https:\/\/www.kapsamsaglik.com.tr\/en\/products-solutions-infusion-solutions\/\" target=\"_blank\">\n\t\t\t\t\t\t\t<img decoding=\"async\" width=\"1600\" height=\"1024\" src=\"https:\/\/www.kapsamsaglik.com.tr\/wp-content\/uploads\/2023\/05\/menu2-en-01-new.svg\" class=\"attachment-full size-full wp-image-17396\" alt=\"Infusion Solutions\" \/>\t\t\t\t\t\t\t\t<\/a>\n\t\t\t\t\t\t\t\t\t\t\t\t\t\t\t<\/div>\n\t\t\t\t<\/div>\n\t\t\t\t\t<\/div>\n\t\t<\/div>\n\t\t\t\t<div class=\"elementor-column elementor-col-25 elementor-top-column elementor-element elementor-element-3fcd4ab\" data-id=\"3fcd4ab\" data-element_type=\"column\">\n\t\t\t<div class=\"elementor-widget-wrap elementor-element-populated\">\n\t\t\t\t\t\t\t\t<div class=\"elementor-element elementor-element-476e928 dce_masking-none elementor-widget elementor-widget-image\" data-id=\"476e928\" data-element_type=\"widget\" data-widget_type=\"image.default\">\n\t\t\t\t<div class=\"elementor-widget-container\">\n\t\t\t\t\t\t\t\t\t\t\t\t\t\t\t\t<a href=\"https:\/\/www.kapsamsaglik.com.tr\/en\/products-solutions-cleanroom-solutions\/\" target=\"_blank\">\n\t\t\t\t\t\t\t<img decoding=\"async\" width=\"1600\" height=\"1024\" src=\"https:\/\/www.kapsamsaglik.com.tr\/wp-content\/uploads\/2025\/08\/menu3-en-01-new.svg\" class=\"attachment-full size-full wp-image-17398\" alt=\"Cleanroom Solutions\" \/>\t\t\t\t\t\t\t\t<\/a>\n\t\t\t\t\t\t\t\t\t\t\t\t\t\t\t<\/div>\n\t\t\t\t<\/div>\n\t\t\t\t\t<\/div>\n\t\t<\/div>\n\t\t\t\t<div class=\"elementor-column elementor-col-25 elementor-top-column elementor-element elementor-element-b7c9b7e\" data-id=\"b7c9b7e\" data-element_type=\"column\">\n\t\t\t<div class=\"elementor-widget-wrap elementor-element-populated\">\n\t\t\t\t\t\t\t\t<div class=\"elementor-element elementor-element-d1cd77d dce_masking-none elementor-widget elementor-widget-image\" data-id=\"d1cd77d\" data-element_type=\"widget\" data-widget_type=\"image.default\">\n\t\t\t\t<div class=\"elementor-widget-container\">\n\t\t\t\t\t\t\t\t\t\t\t\t\t\t\t\t<a href=\"https:\/\/www.kapsamsaglik.com.tr\/en\/urunler-kategori\/tum-urunler\/\" target=\"_blank\">\n\t\t\t\t\t\t\t<img decoding=\"async\" width=\"1600\" height=\"1024\" src=\"https:\/\/www.kapsamsaglik.com.tr\/wp-content\/uploads\/2023\/05\/menu4-en-01-new.svg\" class=\"attachment-full size-full wp-image-17401\" alt=\"Kapsam All Products\" \/>\t\t\t\t\t\t\t\t<\/a>\n\t\t\t\t\t\t\t\t\t\t\t\t\t\t\t<\/div>\n\t\t\t\t<\/div>\n\t\t\t\t\t<\/div>\n\t\t<\/div>\n\t\t\t\t\t\t\t<\/div>\n\t\t<\/section>\n\t\t\t\t\t\t\t<\/div>","protected":false},"excerpt":{"rendered":"<p>\u00dcr\u00fcnler \u00c7\u00f6z\u00fcmler Products Solutions \u00dcr\u00fcnler &#038; \u00c7\u00f6z\u00fcmler<\/p>","protected":false},"author":1,"featured_media":14976,"parent":0,"menu_order":38,"comment_status":"closed","ping_status":"closed","template":"","meta":{"_crdt_document":"","om_disable_all_campaigns":false,"inline_featured_image":false,"_mi_skip_tracking":false,"footnotes":"","_links_to":"","_links_to_target":""},"class_list":["post-3558","page","type-page","status-publish","has-post-thumbnail","hentry"],"aioseo_notices":[],"aioseo_head":"\n\t\t<!-- All in One SEO Pro 4.6.0 - aioseo.com -->\n\t\t<meta name=\"description\" content=\"\u00dcr\u00fcnler \u00c7\u00f6z\u00fcmler, a\u011fl\u0131k \u00fcr\u00fcnleri ve \u00e7\u00f6z\u00fcmleri hasta ve sa\u011fl\u0131k \u00e7al\u0131\u015fan\u0131n\u0131n hayat\u0131n\u0131 kolayla\u015ft\u0131r\u0131r. Teknoloji sayesinde sa\u011fl\u0131k \u00fcr\u00fcnleri art\u0131k daha g\u00fcvenilir.\" \/>\n\t\t<meta name=\"robots\" content=\"max-image-preview:large\" \/>\n\t\t<meta name=\"google-site-verification\" content=\"XaAMMf7cd_uF7vNvTGKKokgU53e5q84beEakVWVoWzA\" \/>\n\t\t<link rel=\"canonical\" href=\"https:\/\/www.kapsamsaglik.com.tr\/en\/products-solutions\/\" \/>\n\t\t<meta name=\"generator\" content=\"All in One SEO Pro (AIOSEO) 4.6.0\" \/>\n\t\t<meta property=\"og:locale\" content=\"en_US\" \/>\n\t\t<meta property=\"og:site_name\" content=\"Kapsam Sa\u011fl\u0131k\" \/>\n\t\t<meta property=\"og:type\" content=\"article\" \/>\n\t\t<meta property=\"og:title\" content=\"\u00dcr\u00fcnler \u00c7\u00f6z\u00fcmler | Kapsam Sa\u011fl\u0131k\" \/>\n\t\t<meta property=\"og:description\" content=\"\u00dcr\u00fcnler \u00c7\u00f6z\u00fcmler, a\u011fl\u0131k \u00fcr\u00fcnleri ve \u00e7\u00f6z\u00fcmleri hasta ve sa\u011fl\u0131k \u00e7al\u0131\u015fan\u0131n\u0131n hayat\u0131n\u0131 kolayla\u015ft\u0131r\u0131r. Teknoloji sayesinde sa\u011fl\u0131k \u00fcr\u00fcnleri art\u0131k daha g\u00fcvenilir.\" \/>\n\t\t<meta property=\"og:url\" content=\"https:\/\/www.kapsamsaglik.com.tr\/en\/products-solutions\/\" \/>\n\t\t<meta property=\"og:image\" content=\"https:\/\/www.kapsamsaglik.com.tr\/wp-content\/uploads\/2021\/03\/LogoKapsam-Mavi.svg\" \/>\n\t\t<meta property=\"og:image:secure_url\" content=\"https:\/\/www.kapsamsaglik.com.tr\/wp-content\/uploads\/2021\/03\/LogoKapsam-Mavi.svg\" \/>\n\t\t<meta property=\"og:image:width\" content=\"110\" \/>\n\t\t<meta property=\"og:image:height\" content=\"108\" \/>\n\t\t<meta property=\"article:published_time\" content=\"2021-02-14T16:42:18+00:00\" \/>\n\t\t<meta property=\"article:modified_time\" content=\"2023-08-17T13:20:58+00:00\" \/>\n\t\t<meta property=\"article:publisher\" content=\"https:\/\/www.facebook.com\/kapsamsaglik\/\" \/>\n\t\t<meta name=\"twitter:card\" content=\"summary_large_image\" \/>\n\t\t<meta name=\"twitter:title\" content=\"\u00dcr\u00fcnler \u00c7\u00f6z\u00fcmler | Kapsam Sa\u011fl\u0131k\" \/>\n\t\t<meta name=\"twitter:description\" content=\"\u00dcr\u00fcnler \u00c7\u00f6z\u00fcmler, a\u011fl\u0131k \u00fcr\u00fcnleri ve \u00e7\u00f6z\u00fcmleri hasta ve sa\u011fl\u0131k \u00e7al\u0131\u015fan\u0131n\u0131n hayat\u0131n\u0131 kolayla\u015ft\u0131r\u0131r. Teknoloji sayesinde sa\u011fl\u0131k \u00fcr\u00fcnleri art\u0131k daha g\u00fcvenilir.\" \/>\n\t\t<meta name=\"twitter:image\" content=\"https:\/\/www.kapsamsaglik.com.tr\/wp-content\/uploads\/2021\/03\/LogoKapsam-Mavi.svg\" \/>\n\t\t<meta name=\"twitter:label1\" content=\"Written by\" \/>\n\t\t<meta name=\"twitter:data1\" content=\"Kapsam Sa\u011fl\u0131k\" \/>\n\t\t<script type=\"application\/ld+json\" class=\"aioseo-schema\">\n\t\t\t{\"@context\":\"https:\\\/\\\/schema.org\",\"@graph\":[{\"@type\":\"BreadcrumbList\",\"@id\":\"https:\\\/\\\/www.kapsamsaglik.com.tr\\\/en\\\/products-solutions\\\/#breadcrumblist\",\"itemListElement\":[{\"@type\":\"ListItem\",\"@id\":\"https:\\\/\\\/www.kapsamsaglik.com.tr\\\/en\\\/#listItem\",\"position\":1,\"name\":\"Home\",\"item\":\"https:\\\/\\\/www.kapsamsaglik.com.tr\\\/en\\\/\",\"nextItem\":\"https:\\\/\\\/www.kapsamsaglik.com.tr\\\/en\\\/products-solutions\\\/#listItem\"},{\"@type\":\"ListItem\",\"@id\":\"https:\\\/\\\/www.kapsamsaglik.com.tr\\\/en\\\/products-solutions\\\/#listItem\",\"position\":2,\"name\":\"\\u00dcr\\u00fcnler \\u00c7\\u00f6z\\u00fcmler\",\"previousItem\":\"https:\\\/\\\/www.kapsamsaglik.com.tr\\\/en\\\/#listItem\"}]},{\"@type\":\"Organization\",\"@id\":\"https:\\\/\\\/www.kapsamsaglik.com.tr\\\/en\\\/#organization\",\"name\":\"Kapsam Sa\\u011fl\\u0131k \\u00dcr\\u00fcnleri\",\"url\":\"https:\\\/\\\/www.kapsamsaglik.com.tr\\\/en\\\/\",\"logo\":{\"@type\":\"ImageObject\",\"url\":\"https:\\\/\\\/www.kapsamsaglik.com.tr\\\/wp-content\\\/uploads\\\/2021\\\/03\\\/LogoKapsam-Mavi.svg\",\"@id\":\"https:\\\/\\\/www.kapsamsaglik.com.tr\\\/en\\\/products-solutions\\\/#organizationLogo\",\"width\":110,\"height\":108,\"caption\":\"Kapsam Sa\\u011fl\\u0131k \\u00dcr\\u00fcnleri\"},\"image\":{\"@id\":\"https:\\\/\\\/www.kapsamsaglik.com.tr\\\/en\\\/products-solutions\\\/#organizationLogo\"},\"sameAs\":[\"https:\\\/\\\/www.facebook.com\\\/kapsamsaglik\\\/\",\"https:\\\/\\\/www.instagram.com\\\/kapsamsaglik\\\/\",\"https:\\\/\\\/www.youtube.com\\\/channel\\\/UC94c5DWMFZx2ljPoR0fbM3w\",\"https:\\\/\\\/www.linkedin.com\\\/company\\\/kapsam-salk-rnleri\\\/\"],\"contactPoint\":{\"@type\":\"ContactPoint\",\"telephone\":\"+902622908801\",\"contactType\":\"Customer Support\"}},{\"@type\":\"WebPage\",\"@id\":\"https:\\\/\\\/www.kapsamsaglik.com.tr\\\/en\\\/products-solutions\\\/#webpage\",\"url\":\"https:\\\/\\\/www.kapsamsaglik.com.tr\\\/en\\\/products-solutions\\\/\",\"name\":\"\\u00dcr\\u00fcnler \\u00c7\\u00f6z\\u00fcmler | Kapsam Sa\\u011fl\\u0131k\",\"description\":\"\\u00dcr\\u00fcnler \\u00c7\\u00f6z\\u00fcmler, a\\u011fl\\u0131k \\u00fcr\\u00fcnleri ve \\u00e7\\u00f6z\\u00fcmleri hasta ve sa\\u011fl\\u0131k \\u00e7al\\u0131\\u015fan\\u0131n\\u0131n hayat\\u0131n\\u0131 kolayla\\u015ft\\u0131r\\u0131r. Teknoloji sayesinde sa\\u011fl\\u0131k \\u00fcr\\u00fcnleri art\\u0131k daha g\\u00fcvenilir.\",\"inLanguage\":\"en-US\",\"isPartOf\":{\"@id\":\"https:\\\/\\\/www.kapsamsaglik.com.tr\\\/en\\\/#website\"},\"breadcrumb\":{\"@id\":\"https:\\\/\\\/www.kapsamsaglik.com.tr\\\/en\\\/products-solutions\\\/#breadcrumblist\"},\"image\":{\"@type\":\"ImageObject\",\"url\":\"https:\\\/\\\/www.kapsamsaglik.com.tr\\\/wp-content\\\/uploads\\\/2022\\\/10\\\/urunler-cozumler.webp\",\"@id\":\"https:\\\/\\\/www.kapsamsaglik.com.tr\\\/en\\\/products-solutions\\\/#mainImage\",\"width\":1280,\"height\":720},\"primaryImageOfPage\":{\"@id\":\"https:\\\/\\\/www.kapsamsaglik.com.tr\\\/en\\\/products-solutions\\\/#mainImage\"},\"datePublished\":\"2021-02-14T19:42:18+03:00\",\"dateModified\":\"2023-08-17T16:20:58+03:00\"},{\"@type\":\"WebSite\",\"@id\":\"https:\\\/\\\/www.kapsamsaglik.com.tr\\\/en\\\/#website\",\"url\":\"https:\\\/\\\/www.kapsamsaglik.com.tr\\\/en\\\/\",\"name\":\"Kapsam Sa\\u011fl\\u0131k\",\"description\":\"Sa\\u011fl\\u0131k tesisleri i\\u00e7in yenilik\\u00e7i otomasyon sistemleri, yaz\\u0131l\\u0131m \\u00e7\\u00f6z\\u00fcmleri ve g\\u00fcvenli sarf malzemeler geli\\u015ftirip \\u00fcretiyoruz.\",\"inLanguage\":\"en-US\",\"publisher\":{\"@id\":\"https:\\\/\\\/www.kapsamsaglik.com.tr\\\/en\\\/#organization\"}}]}\n\t\t<\/script>\n\t\t<!-- All in One SEO Pro -->\r\n\t\t<title>\u00dcr\u00fcnler \u00c7\u00f6z\u00fcmler | Kapsam Sa\u011fl\u0131k<\/title>\n\n","aioseo_head_json":{"title":"\u00dcr\u00fcnler \u00c7\u00f6z\u00fcmler | Kapsam Sa\u011fl\u0131k","description":"\u00dcr\u00fcnler \u00c7\u00f6z\u00fcmler, a\u011fl\u0131k \u00fcr\u00fcnleri ve \u00e7\u00f6z\u00fcmleri hasta ve sa\u011fl\u0131k \u00e7al\u0131\u015fan\u0131n\u0131n hayat\u0131n\u0131 kolayla\u015ft\u0131r\u0131r. Teknoloji sayesinde sa\u011fl\u0131k \u00fcr\u00fcnleri art\u0131k daha g\u00fcvenilir.","canonical_url":"https:\/\/www.kapsamsaglik.com.tr\/en\/products-solutions\/","robots":"max-image-preview:large","keywords":"","webmasterTools":{"google-site-verification":"XaAMMf7cd_uF7vNvTGKKokgU53e5q84beEakVWVoWzA","miscellaneous":""},"og:locale":"en_US","og:site_name":"Kapsam Sa\u011fl\u0131k","og:type":"article","og:title":"\u00dcr\u00fcnler \u00c7\u00f6z\u00fcmler | Kapsam Sa\u011fl\u0131k","og:description":"\u00dcr\u00fcnler \u00c7\u00f6z\u00fcmler, a\u011fl\u0131k \u00fcr\u00fcnleri ve \u00e7\u00f6z\u00fcmleri hasta ve sa\u011fl\u0131k \u00e7al\u0131\u015fan\u0131n\u0131n hayat\u0131n\u0131 kolayla\u015ft\u0131r\u0131r. Teknoloji sayesinde sa\u011fl\u0131k \u00fcr\u00fcnleri art\u0131k daha g\u00fcvenilir.","og:url":"https:\/\/www.kapsamsaglik.com.tr\/en\/products-solutions\/","og:image":"https:\/\/www.kapsamsaglik.com.tr\/wp-content\/uploads\/2021\/03\/LogoKapsam-Mavi.svg","og:image:secure_url":"https:\/\/www.kapsamsaglik.com.tr\/wp-content\/uploads\/2021\/03\/LogoKapsam-Mavi.svg","og:image:width":"110","og:image:height":"108","article:published_time":"2021-02-14T16:42:18+00:00","article:modified_time":"2023-08-17T13:20:58+00:00","article:publisher":"https:\/\/www.facebook.com\/kapsamsaglik\/","twitter:card":"summary_large_image","twitter:title":"\u00dcr\u00fcnler \u00c7\u00f6z\u00fcmler | Kapsam Sa\u011fl\u0131k","twitter:description":"\u00dcr\u00fcnler \u00c7\u00f6z\u00fcmler, a\u011fl\u0131k \u00fcr\u00fcnleri ve \u00e7\u00f6z\u00fcmleri hasta ve sa\u011fl\u0131k \u00e7al\u0131\u015fan\u0131n\u0131n hayat\u0131n\u0131 kolayla\u015ft\u0131r\u0131r. Teknoloji sayesinde sa\u011fl\u0131k \u00fcr\u00fcnleri art\u0131k daha g\u00fcvenilir.","twitter:image":"https:\/\/www.kapsamsaglik.com.tr\/wp-content\/uploads\/2021\/03\/LogoKapsam-Mavi.svg","twitter:label1":"Written by","twitter:data1":"Kapsam Sa\u011fl\u0131k","schema":{"@context":"https:\/\/schema.org","@graph":[{"@type":"BreadcrumbList","@id":"https:\/\/www.kapsamsaglik.com.tr\/en\/products-solutions\/#breadcrumblist","itemListElement":[{"@type":"ListItem","@id":"https:\/\/www.kapsamsaglik.com.tr\/en\/#listItem","position":1,"name":"Home","item":"https:\/\/www.kapsamsaglik.com.tr\/en\/","nextItem":"https:\/\/www.kapsamsaglik.com.tr\/en\/products-solutions\/#listItem"},{"@type":"ListItem","@id":"https:\/\/www.kapsamsaglik.com.tr\/en\/products-solutions\/#listItem","position":2,"name":"\u00dcr\u00fcnler \u00c7\u00f6z\u00fcmler","previousItem":"https:\/\/www.kapsamsaglik.com.tr\/en\/#listItem"}]},{"@type":"Organization","@id":"https:\/\/www.kapsamsaglik.com.tr\/en\/#organization","name":"Kapsam Sa\u011fl\u0131k \u00dcr\u00fcnleri","url":"https:\/\/www.kapsamsaglik.com.tr\/en\/","logo":{"@type":"ImageObject","url":"https:\/\/www.kapsamsaglik.com.tr\/wp-content\/uploads\/2021\/03\/LogoKapsam-Mavi.svg","@id":"https:\/\/www.kapsamsaglik.com.tr\/en\/products-solutions\/#organizationLogo","width":110,"height":108,"caption":"Kapsam Sa\u011fl\u0131k \u00dcr\u00fcnleri"},"image":{"@id":"https:\/\/www.kapsamsaglik.com.tr\/en\/products-solutions\/#organizationLogo"},"sameAs":["https:\/\/www.facebook.com\/kapsamsaglik\/","https:\/\/www.instagram.com\/kapsamsaglik\/","https:\/\/www.youtube.com\/channel\/UC94c5DWMFZx2ljPoR0fbM3w","https:\/\/www.linkedin.com\/company\/kapsam-salk-rnleri\/"],"contactPoint":{"@type":"ContactPoint","telephone":"+902622908801","contactType":"Customer Support"}},{"@type":"WebPage","@id":"https:\/\/www.kapsamsaglik.com.tr\/en\/products-solutions\/#webpage","url":"https:\/\/www.kapsamsaglik.com.tr\/en\/products-solutions\/","name":"\u00dcr\u00fcnler \u00c7\u00f6z\u00fcmler | Kapsam Sa\u011fl\u0131k","description":"\u00dcr\u00fcnler \u00c7\u00f6z\u00fcmler, a\u011fl\u0131k \u00fcr\u00fcnleri ve \u00e7\u00f6z\u00fcmleri hasta ve sa\u011fl\u0131k \u00e7al\u0131\u015fan\u0131n\u0131n hayat\u0131n\u0131 kolayla\u015ft\u0131r\u0131r. Teknoloji sayesinde sa\u011fl\u0131k \u00fcr\u00fcnleri art\u0131k daha g\u00fcvenilir.","inLanguage":"en-US","isPartOf":{"@id":"https:\/\/www.kapsamsaglik.com.tr\/en\/#website"},"breadcrumb":{"@id":"https:\/\/www.kapsamsaglik.com.tr\/en\/products-solutions\/#breadcrumblist"},"image":{"@type":"ImageObject","url":"https:\/\/www.kapsamsaglik.com.tr\/wp-content\/uploads\/2022\/10\/urunler-cozumler.webp","@id":"https:\/\/www.kapsamsaglik.com.tr\/en\/products-solutions\/#mainImage","width":1280,"height":720},"primaryImageOfPage":{"@id":"https:\/\/www.kapsamsaglik.com.tr\/en\/products-solutions\/#mainImage"},"datePublished":"2021-02-14T19:42:18+03:00","dateModified":"2023-08-17T16:20:58+03:00"},{"@type":"WebSite","@id":"https:\/\/www.kapsamsaglik.com.tr\/en\/#website","url":"https:\/\/www.kapsamsaglik.com.tr\/en\/","name":"Kapsam Sa\u011fl\u0131k","description":"Sa\u011fl\u0131k tesisleri i\u00e7in yenilik\u00e7i otomasyon sistemleri, yaz\u0131l\u0131m \u00e7\u00f6z\u00fcmleri ve g\u00fcvenli sarf malzemeler geli\u015ftirip \u00fcretiyoruz.","inLanguage":"en-US","publisher":{"@id":"https:\/\/www.kapsamsaglik.com.tr\/en\/#organization"}}]}},"aioseo_meta_data":{"post_id":"3558","title":null,"description":"\u00dcr\u00fcnler \u00c7\u00f6z\u00fcmler, a\u011fl\u0131k \u00fcr\u00fcnleri ve \u00e7\u00f6z\u00fcmleri hasta ve sa\u011fl\u0131k \u00e7al\u0131\u015fan\u0131n\u0131n hayat\u0131n\u0131 kolayla\u015ft\u0131r\u0131r. Teknoloji sayesinde sa\u011fl\u0131k \u00fcr\u00fcnleri art\u0131k daha g\u00fcvenilir.","keywords":"[]","keyphrases":"{\"focus\":{\"keyphrase\":\"\\u00dcr\\u00fcnler \\u00c7\\u00f6z\\u00fcmler\",\"analysis\":{\"keyphraseInTitle\":{\"title\":\"Focus keyphrase in SEO title\",\"description\":\"Focus keyphrase found in SEO title.\",\"score\":9,\"maxScore\":9,\"error\":0},\"keyphraseInDescription\":{\"title\":\"Focus keyphrase in meta description\",\"description\":\"Focus keyphrase found in meta description.\",\"score\":9,\"maxScore\":9,\"error\":0},\"keyphraseLength\":{\"title\":\"Focus keyphrase length\",\"description\":\"Good job!\",\"score\":9,\"maxScore\":9,\"error\":0,\"length\":2},\"keyphraseInURL\":{\"title\":\"Focus keyphrase in URL\",\"description\":\"Focus keyphrase used in the URL.\",\"score\":5,\"maxScore\":5,\"error\":0},\"keyphraseInIntroduction\":{\"title\":\"Focus keyphrase in introduction\",\"description\":\"Your Focus keyphrase appears in the first paragraph. Well done!\",\"score\":9,\"maxScore\":9,\"error\":0},\"keyphraseInSubHeadings\":[],\"keyphraseInImageAlt\":[]},\"score\":100},\"additional\":[]}","primary_term":null,"canonical_url":null,"og_title":null,"og_description":null,"og_object_type":"default","og_image_type":"content","og_image_url":"https:\/\/www.kapsamsaglik.com.tr\/wp-content\/uploads\/2021\/03\/LogoKapsam-Mavi.svg","og_image_width":"110","og_image_height":"108","og_image_custom_url":null,"og_image_custom_fields":null,"og_video":"","og_custom_url":null,"og_article_section":null,"og_article_tags":"[]","twitter_use_og":true,"twitter_card":"default","twitter_image_type":"default","twitter_image_url":null,"twitter_image_custom_url":null,"twitter_image_custom_fields":null,"twitter_title":null,"twitter_description":null,"schema":{"blockGraphs":[],"customGraphs":[],"default":{"data":{"Article":[],"Course":[],"Dataset":[],"FAQPage":[],"Movie":[],"Person":[],"Product":[],"Recipe":[],"Service":[],"SoftwareApplication":[],"WebPage":{"id":"aioseo-web-page-637f3ed5f0a6f","slug":"web-page","graphName":"WebPage","label":"Web Page","properties":{"type":"WebPage","name":"","description":""}}},"graphName":"WebPage","isEnabled":true},"graphs":[]},"schema_type":"default","schema_type_options":"{\"article\":{\"articleType\":\"BlogPosting\"},\"course\":{\"name\":\"\",\"description\":\"\",\"provider\":\"\"},\"faq\":{\"pages\":[]},\"product\":{\"reviews\":[]},\"recipe\":{\"ingredients\":[],\"instructions\":[],\"keywords\":[]},\"software\":{\"reviews\":[],\"operatingSystems\":[]},\"webPage\":{\"webPageType\":\"WebPage\"},\"blockGraphs\":[]}","pillar_content":false,"robots_default":true,"robots_noindex":false,"robots_noarchive":false,"robots_nosnippet":false,"robots_nofollow":false,"robots_noimageindex":false,"robots_noodp":false,"robots_notranslate":false,"robots_max_snippet":"-1","robots_max_videopreview":"-1","robots_max_imagepreview":"large","priority":null,"frequency":"default","local_seo":null,"limit_modified_date":false,"open_ai":null,"created":"2021-12-07 09:54:28","updated":"2023-08-17 13:21:00"},"aioseo_breadcrumb":"<div class=\"aioseo-breadcrumbs\"><span class=\"aioseo-breadcrumb\">\n\t<a href=\"https:\/\/www.kapsamsaglik.com.tr\/en\" title=\"Ana Sayfa\">Ana Sayfa<\/a>\n<\/span><span class=\"aioseo-breadcrumb-separator\">&#124;<\/span><span class=\"aioseo-breadcrumb\">\n\t\u00dcr\u00fcnler \u00c7\u00f6z\u00fcmler\n<\/span><\/div>","aioseo_breadcrumb_json":[{"label":"Ana Sayfa","link":"https:\/\/www.kapsamsaglik.com.tr\/en"},{"label":"\u00dcr\u00fcnler \u00c7\u00f6z\u00fcmler","link":"https:\/\/www.kapsamsaglik.com.tr\/en\/products-solutions\/"}],"_links":{"self":[{"href":"https:\/\/www.kapsamsaglik.com.tr\/en\/wp-json\/wp\/v2\/pages\/3558","targetHints":{"allow":["GET"]}}],"collection":[{"href":"https:\/\/www.kapsamsaglik.com.tr\/en\/wp-json\/wp\/v2\/pages"}],"about":[{"href":"https:\/\/www.kapsamsaglik.com.tr\/en\/wp-json\/wp\/v2\/types\/page"}],"author":[{"embeddable":true,"href":"https:\/\/www.kapsamsaglik.com.tr\/en\/wp-json\/wp\/v2\/users\/1"}],"replies":[{"embeddable":true,"href":"https:\/\/www.kapsamsaglik.com.tr\/en\/wp-json\/wp\/v2\/comments?post=3558"}],"version-history":[{"count":3,"href":"https:\/\/www.kapsamsaglik.com.tr\/en\/wp-json\/wp\/v2\/pages\/3558\/revisions"}],"predecessor-version":[{"id":18936,"href":"https:\/\/www.kapsamsaglik.com.tr\/en\/wp-json\/wp\/v2\/pages\/3558\/revisions\/18936"}],"wp:featuredmedia":[{"embeddable":true,"href":"https:\/\/www.kapsamsaglik.com.tr\/en\/wp-json\/wp\/v2\/media\/14976"}],"wp:attachment":[{"href":"https:\/\/www.kapsamsaglik.com.tr\/en\/wp-json\/wp\/v2\/media?parent=3558"}],"curies":[{"name":"wp","href":"https:\/\/api.w.org\/{rel}","templated":true}]}}