{"id":5391,"date":"2021-03-10T15:34:15","date_gmt":"2021-03-10T12:34:15","guid":{"rendered":"https:\/\/www.kapsamsaglik.com.tr\/?page_id=5391"},"modified":"2023-11-20T19:35:28","modified_gmt":"2023-11-20T16:35:28","slug":"urunler-cozumler-otomatik-ilac-hazirlama-cozumleri","status":"publish","type":"page","link":"https:\/\/www.kapsamsaglik.com.tr\/en\/products-solutions-automated-pharmacy-compounding-solutions\/","title":{"rendered":"Automated Pharmacy Compounding Solutions"},"content":{"rendered":"<div data-elementor-type=\"wp-page\" data-elementor-id=\"5391\" class=\"elementor elementor-5391\">\n\t\t\t\t\t\t\t\t\t<section data-particle_enable=\"false\" data-particle-mobile-disabled=\"false\" class=\"elementor-section elementor-top-section elementor-element elementor-element-129818d6 elementor-section-full_width elementor-section-stretched elementor-section-height-default elementor-section-height-default\" data-id=\"129818d6\" data-element_type=\"section\" data-settings=\"{&quot;stretch_section&quot;:&quot;section-stretched&quot;}\">\n\t\t\t\t\t\t<div class=\"elementor-container elementor-column-gap-no\">\n\t\t\t\t\t<div class=\"elementor-column elementor-col-100 elementor-top-column elementor-element elementor-element-5a0d83d1\" data-id=\"5a0d83d1\" data-element_type=\"column\">\n\t\t\t<div class=\"elementor-widget-wrap elementor-element-populated\">\n\t\t\t\t\t\t\t\t<div data-dce-background-color=\"#00314E\" class=\"elementor-element elementor-element-70b9953d elementor-widget elementor-widget-page-title\" data-id=\"70b9953d\" data-element_type=\"widget\" data-widget_type=\"page-title.default\">\n\t\t\t\t<div class=\"elementor-widget-container\">\n\t\t\t<div class=\"page-title\" ><div class=\"container\"><div class=\"row\"><div class=\"col-lg-12\"><div class=\"pt-style-2\"><h1 class=\"entry-title\">Automated Pharmacy Compounding Solutions<\/h1><\/div><\/div><\/div><\/div><\/div>\t\t<\/div>\n\t\t\t\t<\/div>\n\t\t\t\t\t<\/div>\n\t\t<\/div>\n\t\t\t\t\t\t\t<\/div>\n\t\t<\/section>\n\t\t\t\t<section data-particle_enable=\"false\" data-particle-mobile-disabled=\"false\" class=\"elementor-section elementor-top-section elementor-element elementor-element-d88e131 elementor-section-boxed elementor-section-height-default elementor-section-height-default\" data-id=\"d88e131\" data-element_type=\"section\">\n\t\t\t\t\t\t<div class=\"elementor-container elementor-column-gap-custom\">\n\t\t\t\t\t<div class=\"elementor-column elementor-col-33 elementor-top-column elementor-element elementor-element-d929266\" data-id=\"d929266\" data-element_type=\"column\">\n\t\t\t<div class=\"elementor-widget-wrap elementor-element-populated\">\n\t\t\t\t\t\t\t\t<div class=\"elementor-element elementor-element-a8a2f84 elementor-widget elementor-widget-feature-image\" data-id=\"a8a2f84\" data-element_type=\"widget\" data-widget_type=\"feature-image.default\">\n\t\t\t\t<div class=\"elementor-widget-container\">\n\t\t\t<div class=\"ft-image-stacked\"><a href=\"https:\/\/www.kapsamsaglik.com.tr\/en\/products-solutions-tpn-compounding\/\" target=\"_blank\"><div class=\"ft-img-wrapper\"><img decoding=\"async\" src=\"https:\/\/www.kapsamsaglik.com.tr\/wp-content\/uploads\/2023\/11\/KS-240-7-scaled.webp\" title=\"KS-240\" alt=\"KS-240\" loading=\"lazy\" \/><\/div><\/a><div class=\"ft-content\"><h6 class=\"ft-title\"><\/h6><p class=\"ft-description\">TPN Compounding<\/p><a href=\"https:\/\/www.kapsamsaglik.com.tr\/en\/products-solutions-tpn-compounding\/\" target=\"_blank\" class=\"ft-btn\"><i class=\"fas fa-chevron-up\"><\/i><\/a><\/div><\/div>\t\t<\/div>\n\t\t\t\t<\/div>\n\t\t\t\t\t<\/div>\n\t\t<\/div>\n\t\t\t\t<div class=\"elementor-column elementor-col-33 elementor-top-column elementor-element elementor-element-f46ad7e\" data-id=\"f46ad7e\" data-element_type=\"column\">\n\t\t\t<div class=\"elementor-widget-wrap elementor-element-populated\">\n\t\t\t\t\t\t\t\t<div class=\"elementor-element elementor-element-7790820 elementor-widget elementor-widget-feature-image\" data-id=\"7790820\" data-element_type=\"widget\" data-widget_type=\"feature-image.default\">\n\t\t\t\t<div class=\"elementor-widget-container\">\n\t\t\t<div class=\"ft-image-stacked\"><a href=\"https:\/\/www.kapsamsaglik.com.tr\/en\/products-solutions-iv-chemotherapy-compounding\/\" target=\"_blank\"><div class=\"ft-img-wrapper\"><img decoding=\"async\" src=\"https:\/\/www.kapsamsaglik.com.tr\/wp-content\/uploads\/2022\/08\/IVKemoterapiHazirlama-scaled.webp\" title=\"\" alt=\"\" loading=\"lazy\" \/><\/div><\/a><div class=\"ft-content\"><h6 class=\"ft-title\"><\/h6><p class=\"ft-description\">IV Chemotherapy Compounding<\/p><a href=\"https:\/\/www.kapsamsaglik.com.tr\/en\/products-solutions-iv-chemotherapy-compounding\/\" target=\"_blank\" class=\"ft-btn\"><i class=\"fas fa-chevron-up\"><\/i><\/a><\/div><\/div>\t\t<\/div>\n\t\t\t\t<\/div>\n\t\t\t\t\t<\/div>\n\t\t<\/div>\n\t\t\t\t<div class=\"elementor-column elementor-col-33 elementor-top-column elementor-element elementor-element-2d33bc0\" data-id=\"2d33bc0\" data-element_type=\"column\">\n\t\t\t<div class=\"elementor-widget-wrap elementor-element-populated\">\n\t\t\t\t\t\t\t\t<div class=\"elementor-element elementor-element-fe34cba elementor-widget elementor-widget-feature-image\" data-id=\"fe34cba\" data-element_type=\"widget\" data-widget_type=\"feature-image.default\">\n\t\t\t\t<div class=\"elementor-widget-container\">\n\t\t\t<div class=\"ft-image-stacked\"><a href=\"https:\/\/www.kapsamsaglik.com.tr\/en\/products-solutions-pump-rx-fluid-dispensing-pump\/\" target=\"_blank\"><div class=\"ft-img-wrapper\"><img decoding=\"async\" src=\"https:\/\/www.kapsamsaglik.com.tr\/wp-content\/uploads\/2022\/08\/MerkeziIVHazirlama-scaled.webp\" title=\"\" alt=\"\" loading=\"lazy\" \/><\/div><\/a><div class=\"ft-content\"><h6 class=\"ft-title\"><\/h6><p class=\"ft-description\">Central IV Admixtures (CIVAs)<\/p><a href=\"https:\/\/www.kapsamsaglik.com.tr\/en\/products-solutions-pump-rx-fluid-dispensing-pump\/\" target=\"_blank\" class=\"ft-btn\"><i class=\"fas fa-chevron-up\"><\/i><\/a><\/div><\/div>\t\t<\/div>\n\t\t\t\t<\/div>\n\t\t\t\t\t<\/div>\n\t\t<\/div>\n\t\t\t\t\t\t\t<\/div>\n\t\t<\/section>\n\t\t\t\t\t\t\t<\/div>","protected":false},"excerpt":{"rendered":"<p>Otomatik \u0130la\u00e7 Haz\u0131rlama \u00c7\u00f6z\u00fcmleri TPN Haz\u0131rlama IV Kemoterapi Haz\u0131rlama Merkezi IV Haz\u0131rlama<\/p>","protected":false},"author":1,"featured_media":14966,"parent":0,"menu_order":26,"comment_status":"closed","ping_status":"closed","template":"","meta":{"_crdt_document":"","om_disable_all_campaigns":false,"inline_featured_image":false,"_mi_skip_tracking":false,"footnotes":"","_links_to":"","_links_to_target":""},"class_list":["post-5391","page","type-page","status-publish","has-post-thumbnail","hentry"],"aioseo_notices":[],"aioseo_head":"\n\t\t<!-- All in One SEO Pro 4.6.0 - aioseo.com -->\n\t\t<meta name=\"description\" content=\"Otomatik \u0130la\u00e7 Haz\u0131rlama \u00c7\u00f6z\u00fcmleri personel, hasta ve \u00e7evre g\u00fcvenli\u011fi sa\u011flam\u0131n\u0131n yan\u0131nda i\u015f ak\u0131\u015f\u0131n\u0131z\u0131 optimize eden yenilik\u00e7i sistemler sunar.\" \/>\n\t\t<meta name=\"robots\" content=\"max-image-preview:large\" \/>\n\t\t<meta name=\"google-site-verification\" content=\"XaAMMf7cd_uF7vNvTGKKokgU53e5q84beEakVWVoWzA\" \/>\n\t\t<link rel=\"canonical\" href=\"https:\/\/www.kapsamsaglik.com.tr\/en\/products-solutions-automated-pharmacy-compounding-solutions\/\" \/>\n\t\t<meta name=\"generator\" content=\"All in One SEO Pro (AIOSEO) 4.6.0\" \/>\n\t\t<meta property=\"og:locale\" content=\"en_US\" \/>\n\t\t<meta property=\"og:site_name\" content=\"Kapsam Sa\u011fl\u0131k\" \/>\n\t\t<meta property=\"og:type\" content=\"article\" \/>\n\t\t<meta property=\"og:title\" content=\"Otomatik \u0130la\u00e7 Haz\u0131rlama \u00c7\u00f6z\u00fcmleri | Kapsam Sa\u011fl\u0131k\" \/>\n\t\t<meta property=\"og:description\" content=\"Otomatik \u0130la\u00e7 Haz\u0131rlama \u00c7\u00f6z\u00fcmleri personel, hasta ve \u00e7evre g\u00fcvenli\u011fi sa\u011flam\u0131n\u0131n yan\u0131nda i\u015f ak\u0131\u015f\u0131n\u0131z\u0131 optimize eden yenilik\u00e7i sistemler sunar.\" \/>\n\t\t<meta property=\"og:url\" content=\"https:\/\/www.kapsamsaglik.com.tr\/en\/products-solutions-automated-pharmacy-compounding-solutions\/\" \/>\n\t\t<meta property=\"og:image\" content=\"https:\/\/www.kapsamsaglik.com.tr\/wp-content\/uploads\/2022\/08\/TPNHazirlama-scaled.webp\" \/>\n\t\t<meta property=\"og:image:secure_url\" content=\"https:\/\/www.kapsamsaglik.com.tr\/wp-content\/uploads\/2022\/08\/TPNHazirlama-scaled.webp\" \/>\n\t\t<meta property=\"article:published_time\" content=\"2021-03-10T12:34:15+00:00\" \/>\n\t\t<meta property=\"article:modified_time\" content=\"2023-11-20T16:35:28+00:00\" \/>\n\t\t<meta property=\"article:publisher\" content=\"https:\/\/www.facebook.com\/kapsamsaglik\/\" \/>\n\t\t<meta name=\"twitter:card\" content=\"summary_large_image\" \/>\n\t\t<meta name=\"twitter:title\" content=\"Otomatik \u0130la\u00e7 Haz\u0131rlama \u00c7\u00f6z\u00fcmleri | Kapsam Sa\u011fl\u0131k\" \/>\n\t\t<meta name=\"twitter:description\" content=\"Otomatik \u0130la\u00e7 Haz\u0131rlama \u00c7\u00f6z\u00fcmleri personel, hasta ve \u00e7evre g\u00fcvenli\u011fi sa\u011flam\u0131n\u0131n yan\u0131nda i\u015f ak\u0131\u015f\u0131n\u0131z\u0131 optimize eden yenilik\u00e7i sistemler sunar.\" \/>\n\t\t<meta name=\"twitter:image\" content=\"https:\/\/www.kapsamsaglik.com.tr\/wp-content\/uploads\/2022\/08\/TPNHazirlama-scaled.webp\" \/>\n\t\t<meta name=\"twitter:label1\" content=\"Written by\" \/>\n\t\t<meta name=\"twitter:data1\" content=\"Kapsam Sa\u011fl\u0131k\" \/>\n\t\t<script type=\"application\/ld+json\" class=\"aioseo-schema\">\n\t\t\t{\"@context\":\"https:\\\/\\\/schema.org\",\"@graph\":[{\"@type\":\"BreadcrumbList\",\"@id\":\"https:\\\/\\\/www.kapsamsaglik.com.tr\\\/en\\\/products-solutions-automated-pharmacy-compounding-solutions\\\/#breadcrumblist\",\"itemListElement\":[{\"@type\":\"ListItem\",\"@id\":\"https:\\\/\\\/www.kapsamsaglik.com.tr\\\/en\\\/#listItem\",\"position\":1,\"name\":\"Home\",\"item\":\"https:\\\/\\\/www.kapsamsaglik.com.tr\\\/en\\\/\",\"nextItem\":\"https:\\\/\\\/www.kapsamsaglik.com.tr\\\/en\\\/products-solutions-automated-pharmacy-compounding-solutions\\\/#listItem\"},{\"@type\":\"ListItem\",\"@id\":\"https:\\\/\\\/www.kapsamsaglik.com.tr\\\/en\\\/products-solutions-automated-pharmacy-compounding-solutions\\\/#listItem\",\"position\":2,\"name\":\"Otomatik \\u0130la\\u00e7 Haz\\u0131rlama \\u00c7\\u00f6z\\u00fcmleri\",\"previousItem\":\"https:\\\/\\\/www.kapsamsaglik.com.tr\\\/en\\\/#listItem\"}]},{\"@type\":\"Organization\",\"@id\":\"https:\\\/\\\/www.kapsamsaglik.com.tr\\\/en\\\/#organization\",\"name\":\"Kapsam Sa\\u011fl\\u0131k \\u00dcr\\u00fcnleri\",\"url\":\"https:\\\/\\\/www.kapsamsaglik.com.tr\\\/en\\\/\",\"logo\":{\"@type\":\"ImageObject\",\"url\":\"https:\\\/\\\/www.kapsamsaglik.com.tr\\\/wp-content\\\/uploads\\\/2021\\\/03\\\/LogoKapsam-Mavi.svg\",\"@id\":\"https:\\\/\\\/www.kapsamsaglik.com.tr\\\/en\\\/products-solutions-automated-pharmacy-compounding-solutions\\\/#organizationLogo\",\"width\":110,\"height\":108,\"caption\":\"Kapsam Sa\\u011fl\\u0131k \\u00dcr\\u00fcnleri\"},\"image\":{\"@id\":\"https:\\\/\\\/www.kapsamsaglik.com.tr\\\/en\\\/products-solutions-automated-pharmacy-compounding-solutions\\\/#organizationLogo\"},\"sameAs\":[\"https:\\\/\\\/www.facebook.com\\\/kapsamsaglik\\\/\",\"https:\\\/\\\/www.instagram.com\\\/kapsamsaglik\\\/\",\"https:\\\/\\\/www.youtube.com\\\/channel\\\/UC94c5DWMFZx2ljPoR0fbM3w\",\"https:\\\/\\\/www.linkedin.com\\\/company\\\/kapsam-salk-rnleri\\\/\"],\"contactPoint\":{\"@type\":\"ContactPoint\",\"telephone\":\"+902622908801\",\"contactType\":\"Customer Support\"}},{\"@type\":\"WebPage\",\"@id\":\"https:\\\/\\\/www.kapsamsaglik.com.tr\\\/en\\\/products-solutions-automated-pharmacy-compounding-solutions\\\/#webpage\",\"url\":\"https:\\\/\\\/www.kapsamsaglik.com.tr\\\/en\\\/products-solutions-automated-pharmacy-compounding-solutions\\\/\",\"name\":\"Otomatik \\u0130la\\u00e7 Haz\\u0131rlama \\u00c7\\u00f6z\\u00fcmleri | Kapsam Sa\\u011fl\\u0131k\",\"description\":\"Otomatik \\u0130la\\u00e7 Haz\\u0131rlama \\u00c7\\u00f6z\\u00fcmleri personel, hasta ve \\u00e7evre g\\u00fcvenli\\u011fi sa\\u011flam\\u0131n\\u0131n yan\\u0131nda i\\u015f ak\\u0131\\u015f\\u0131n\\u0131z\\u0131 optimize eden yenilik\\u00e7i sistemler sunar.\",\"inLanguage\":\"en-US\",\"isPartOf\":{\"@id\":\"https:\\\/\\\/www.kapsamsaglik.com.tr\\\/en\\\/#website\"},\"breadcrumb\":{\"@id\":\"https:\\\/\\\/www.kapsamsaglik.com.tr\\\/en\\\/products-solutions-automated-pharmacy-compounding-solutions\\\/#breadcrumblist\"},\"image\":{\"@type\":\"ImageObject\",\"url\":\"https:\\\/\\\/www.kapsamsaglik.com.tr\\\/wp-content\\\/uploads\\\/2022\\\/10\\\/otomatik-ilac-hazirlama.webp\",\"@id\":\"https:\\\/\\\/www.kapsamsaglik.com.tr\\\/en\\\/products-solutions-automated-pharmacy-compounding-solutions\\\/#mainImage\",\"width\":1280,\"height\":720},\"primaryImageOfPage\":{\"@id\":\"https:\\\/\\\/www.kapsamsaglik.com.tr\\\/en\\\/products-solutions-automated-pharmacy-compounding-solutions\\\/#mainImage\"},\"datePublished\":\"2021-03-10T15:34:15+03:00\",\"dateModified\":\"2023-11-20T19:35:28+03:00\"},{\"@type\":\"WebSite\",\"@id\":\"https:\\\/\\\/www.kapsamsaglik.com.tr\\\/en\\\/#website\",\"url\":\"https:\\\/\\\/www.kapsamsaglik.com.tr\\\/en\\\/\",\"name\":\"Kapsam Sa\\u011fl\\u0131k\",\"description\":\"Sa\\u011fl\\u0131k tesisleri i\\u00e7in yenilik\\u00e7i otomasyon sistemleri, yaz\\u0131l\\u0131m \\u00e7\\u00f6z\\u00fcmleri ve g\\u00fcvenli sarf malzemeler geli\\u015ftirip \\u00fcretiyoruz.\",\"inLanguage\":\"en-US\",\"publisher\":{\"@id\":\"https:\\\/\\\/www.kapsamsaglik.com.tr\\\/en\\\/#organization\"}}]}\n\t\t<\/script>\n\t\t<!-- All in One SEO Pro -->\r\n\t\t<title>Otomatik \u0130la\u00e7 Haz\u0131rlama \u00c7\u00f6z\u00fcmleri | Kapsam Sa\u011fl\u0131k<\/title>\n\n","aioseo_head_json":{"title":"Otomatik \u0130la\u00e7 Haz\u0131rlama \u00c7\u00f6z\u00fcmleri | Kapsam Sa\u011fl\u0131k","description":"Otomatik \u0130la\u00e7 Haz\u0131rlama \u00c7\u00f6z\u00fcmleri personel, hasta ve \u00e7evre g\u00fcvenli\u011fi sa\u011flam\u0131n\u0131n yan\u0131nda i\u015f ak\u0131\u015f\u0131n\u0131z\u0131 optimize eden yenilik\u00e7i sistemler sunar.","canonical_url":"https:\/\/www.kapsamsaglik.com.tr\/en\/products-solutions-automated-pharmacy-compounding-solutions\/","robots":"max-image-preview:large","keywords":"","webmasterTools":{"google-site-verification":"XaAMMf7cd_uF7vNvTGKKokgU53e5q84beEakVWVoWzA","miscellaneous":""},"og:locale":"en_US","og:site_name":"Kapsam Sa\u011fl\u0131k","og:type":"article","og:title":"Otomatik \u0130la\u00e7 Haz\u0131rlama \u00c7\u00f6z\u00fcmleri | Kapsam Sa\u011fl\u0131k","og:description":"Otomatik \u0130la\u00e7 Haz\u0131rlama \u00c7\u00f6z\u00fcmleri personel, hasta ve \u00e7evre g\u00fcvenli\u011fi sa\u011flam\u0131n\u0131n yan\u0131nda i\u015f ak\u0131\u015f\u0131n\u0131z\u0131 optimize eden yenilik\u00e7i sistemler sunar.","og:url":"https:\/\/www.kapsamsaglik.com.tr\/en\/products-solutions-automated-pharmacy-compounding-solutions\/","og:image":"https:\/\/www.kapsamsaglik.com.tr\/wp-content\/uploads\/2022\/08\/TPNHazirlama-scaled.webp","og:image:secure_url":"https:\/\/www.kapsamsaglik.com.tr\/wp-content\/uploads\/2022\/08\/TPNHazirlama-scaled.webp","article:published_time":"2021-03-10T12:34:15+00:00","article:modified_time":"2023-11-20T16:35:28+00:00","article:publisher":"https:\/\/www.facebook.com\/kapsamsaglik\/","twitter:card":"summary_large_image","twitter:title":"Otomatik \u0130la\u00e7 Haz\u0131rlama \u00c7\u00f6z\u00fcmleri | Kapsam Sa\u011fl\u0131k","twitter:description":"Otomatik \u0130la\u00e7 Haz\u0131rlama \u00c7\u00f6z\u00fcmleri personel, hasta ve \u00e7evre g\u00fcvenli\u011fi sa\u011flam\u0131n\u0131n yan\u0131nda i\u015f ak\u0131\u015f\u0131n\u0131z\u0131 optimize eden yenilik\u00e7i sistemler sunar.","twitter:image":"https:\/\/www.kapsamsaglik.com.tr\/wp-content\/uploads\/2022\/08\/TPNHazirlama-scaled.webp","twitter:label1":"Written by","twitter:data1":"Kapsam Sa\u011fl\u0131k","schema":{"@context":"https:\/\/schema.org","@graph":[{"@type":"BreadcrumbList","@id":"https:\/\/www.kapsamsaglik.com.tr\/en\/products-solutions-automated-pharmacy-compounding-solutions\/#breadcrumblist","itemListElement":[{"@type":"ListItem","@id":"https:\/\/www.kapsamsaglik.com.tr\/en\/#listItem","position":1,"name":"Home","item":"https:\/\/www.kapsamsaglik.com.tr\/en\/","nextItem":"https:\/\/www.kapsamsaglik.com.tr\/en\/products-solutions-automated-pharmacy-compounding-solutions\/#listItem"},{"@type":"ListItem","@id":"https:\/\/www.kapsamsaglik.com.tr\/en\/products-solutions-automated-pharmacy-compounding-solutions\/#listItem","position":2,"name":"Otomatik \u0130la\u00e7 Haz\u0131rlama \u00c7\u00f6z\u00fcmleri","previousItem":"https:\/\/www.kapsamsaglik.com.tr\/en\/#listItem"}]},{"@type":"Organization","@id":"https:\/\/www.kapsamsaglik.com.tr\/en\/#organization","name":"Kapsam Sa\u011fl\u0131k \u00dcr\u00fcnleri","url":"https:\/\/www.kapsamsaglik.com.tr\/en\/","logo":{"@type":"ImageObject","url":"https:\/\/www.kapsamsaglik.com.tr\/wp-content\/uploads\/2021\/03\/LogoKapsam-Mavi.svg","@id":"https:\/\/www.kapsamsaglik.com.tr\/en\/products-solutions-automated-pharmacy-compounding-solutions\/#organizationLogo","width":110,"height":108,"caption":"Kapsam Sa\u011fl\u0131k \u00dcr\u00fcnleri"},"image":{"@id":"https:\/\/www.kapsamsaglik.com.tr\/en\/products-solutions-automated-pharmacy-compounding-solutions\/#organizationLogo"},"sameAs":["https:\/\/www.facebook.com\/kapsamsaglik\/","https:\/\/www.instagram.com\/kapsamsaglik\/","https:\/\/www.youtube.com\/channel\/UC94c5DWMFZx2ljPoR0fbM3w","https:\/\/www.linkedin.com\/company\/kapsam-salk-rnleri\/"],"contactPoint":{"@type":"ContactPoint","telephone":"+902622908801","contactType":"Customer Support"}},{"@type":"WebPage","@id":"https:\/\/www.kapsamsaglik.com.tr\/en\/products-solutions-automated-pharmacy-compounding-solutions\/#webpage","url":"https:\/\/www.kapsamsaglik.com.tr\/en\/products-solutions-automated-pharmacy-compounding-solutions\/","name":"Otomatik \u0130la\u00e7 Haz\u0131rlama \u00c7\u00f6z\u00fcmleri | Kapsam Sa\u011fl\u0131k","description":"Otomatik \u0130la\u00e7 Haz\u0131rlama \u00c7\u00f6z\u00fcmleri personel, hasta ve \u00e7evre g\u00fcvenli\u011fi sa\u011flam\u0131n\u0131n yan\u0131nda i\u015f ak\u0131\u015f\u0131n\u0131z\u0131 optimize eden yenilik\u00e7i sistemler sunar.","inLanguage":"en-US","isPartOf":{"@id":"https:\/\/www.kapsamsaglik.com.tr\/en\/#website"},"breadcrumb":{"@id":"https:\/\/www.kapsamsaglik.com.tr\/en\/products-solutions-automated-pharmacy-compounding-solutions\/#breadcrumblist"},"image":{"@type":"ImageObject","url":"https:\/\/www.kapsamsaglik.com.tr\/wp-content\/uploads\/2022\/10\/otomatik-ilac-hazirlama.webp","@id":"https:\/\/www.kapsamsaglik.com.tr\/en\/products-solutions-automated-pharmacy-compounding-solutions\/#mainImage","width":1280,"height":720},"primaryImageOfPage":{"@id":"https:\/\/www.kapsamsaglik.com.tr\/en\/products-solutions-automated-pharmacy-compounding-solutions\/#mainImage"},"datePublished":"2021-03-10T15:34:15+03:00","dateModified":"2023-11-20T19:35:28+03:00"},{"@type":"WebSite","@id":"https:\/\/www.kapsamsaglik.com.tr\/en\/#website","url":"https:\/\/www.kapsamsaglik.com.tr\/en\/","name":"Kapsam Sa\u011fl\u0131k","description":"Sa\u011fl\u0131k tesisleri i\u00e7in yenilik\u00e7i otomasyon sistemleri, yaz\u0131l\u0131m \u00e7\u00f6z\u00fcmleri ve g\u00fcvenli sarf malzemeler geli\u015ftirip \u00fcretiyoruz.","inLanguage":"en-US","publisher":{"@id":"https:\/\/www.kapsamsaglik.com.tr\/en\/#organization"}}]}},"aioseo_meta_data":{"post_id":"5391","title":null,"description":"Otomatik \u0130la\u00e7 Haz\u0131rlama \u00c7\u00f6z\u00fcmleri personel, hasta ve \u00e7evre g\u00fcvenli\u011fi sa\u011flam\u0131n\u0131n yan\u0131nda i\u015f ak\u0131\u015f\u0131n\u0131z\u0131 optimize eden yenilik\u00e7i sistemler sunar.","keywords":"[]","keyphrases":"{\"focus\":{\"keyphrase\":\"Otomatik \\u0130la\\u00e7 Haz\\u0131rlama \\u00c7\\u00f6z\\u00fcmleri\",\"analysis\":{\"keyphraseInTitle\":{\"title\":\"Focus keyphrase in SEO title\",\"description\":\"Focus keyphrase found in SEO title.\",\"score\":9,\"maxScore\":9,\"error\":0},\"keyphraseInDescription\":{\"title\":\"Focus keyphrase in meta description\",\"description\":\"Focus keyphrase found in meta description.\",\"score\":9,\"maxScore\":9,\"error\":0},\"keyphraseLength\":{\"title\":\"Focus keyphrase length\",\"description\":\"Good job!\",\"score\":9,\"maxScore\":9,\"error\":0,\"length\":4},\"keyphraseInURL\":{\"title\":\"Focus keyphrase in URL\",\"description\":\"Focus keyphrase used in the URL.\",\"score\":5,\"maxScore\":5,\"error\":0},\"keyphraseInIntroduction\":{\"title\":\"Focus keyphrase in introduction\",\"description\":\"Your Focus keyphrase does not appear in the first paragraph. Make sure the topic is clear immediately.\",\"score\":3,\"maxScore\":9,\"error\":1},\"keyphraseInSubHeadings\":[],\"keyphraseInImageAlt\":{\"title\":\"Focus keyphrase in image alt attributes\",\"description\":\"Focus keyphrase not found in image alt attribute(s). Add an image with your Focus keyphrase as alt text.\",\"score\":3,\"maxScore\":9,\"error\":1}},\"score\":76},\"additional\":[]}","primary_term":null,"canonical_url":null,"og_title":null,"og_description":null,"og_object_type":"default","og_image_type":"content","og_image_url":"https:\/\/www.kapsamsaglik.com.tr\/wp-content\/uploads\/2022\/08\/TPNHazirlama-scaled.webp","og_image_width":"0","og_image_height":"0","og_image_custom_url":null,"og_image_custom_fields":null,"og_video":"","og_custom_url":null,"og_article_section":null,"og_article_tags":"[]","twitter_use_og":true,"twitter_card":"default","twitter_image_type":"default","twitter_image_url":null,"twitter_image_custom_url":null,"twitter_image_custom_fields":null,"twitter_title":null,"twitter_description":null,"schema":{"blockGraphs":[],"customGraphs":[],"default":{"data":{"Article":[],"Course":[],"Dataset":[],"FAQPage":[],"Movie":[],"Person":[],"Product":[],"Recipe":[],"Service":[],"SoftwareApplication":[],"WebPage":{"id":"aioseo-web-page-637f3ed5c81dd","slug":"web-page","graphName":"WebPage","label":"Web Page","properties":{"type":"WebPage","name":"","description":""}}},"graphName":"WebPage","isEnabled":true},"graphs":[]},"schema_type":"default","schema_type_options":"{\"article\":{\"articleType\":\"BlogPosting\"},\"course\":{\"name\":\"\",\"description\":\"\",\"provider\":\"\"},\"faq\":{\"pages\":[]},\"product\":{\"reviews\":[]},\"recipe\":{\"ingredients\":[],\"instructions\":[],\"keywords\":[]},\"software\":{\"reviews\":[],\"operatingSystems\":[]},\"webPage\":{\"webPageType\":\"WebPage\"},\"blockGraphs\":[]}","pillar_content":false,"robots_default":true,"robots_noindex":false,"robots_noarchive":false,"robots_nosnippet":false,"robots_nofollow":false,"robots_noimageindex":false,"robots_noodp":false,"robots_notranslate":false,"robots_max_snippet":"-1","robots_max_videopreview":"-1","robots_max_imagepreview":"large","priority":null,"frequency":"default","local_seo":null,"limit_modified_date":false,"open_ai":null,"created":"2021-12-07 09:54:28","updated":"2023-11-20 16:35:28"},"aioseo_breadcrumb":"<div class=\"aioseo-breadcrumbs\"><span class=\"aioseo-breadcrumb\">\n\t<a href=\"https:\/\/www.kapsamsaglik.com.tr\/en\" title=\"Ana Sayfa\">Ana Sayfa<\/a>\n<\/span><span class=\"aioseo-breadcrumb-separator\">&#124;<\/span><span class=\"aioseo-breadcrumb\">\n\tOtomatik \u0130la\u00e7 Haz\u0131rlama \u00c7\u00f6z\u00fcmleri\n<\/span><\/div>","aioseo_breadcrumb_json":[{"label":"Ana Sayfa","link":"https:\/\/www.kapsamsaglik.com.tr\/en"},{"label":"Otomatik \u0130la\u00e7 Haz\u0131rlama \u00c7\u00f6z\u00fcmleri","link":"https:\/\/www.kapsamsaglik.com.tr\/en\/products-solutions-automated-pharmacy-compounding-solutions\/"}],"_links":{"self":[{"href":"https:\/\/www.kapsamsaglik.com.tr\/en\/wp-json\/wp\/v2\/pages\/5391","targetHints":{"allow":["GET"]}}],"collection":[{"href":"https:\/\/www.kapsamsaglik.com.tr\/en\/wp-json\/wp\/v2\/pages"}],"about":[{"href":"https:\/\/www.kapsamsaglik.com.tr\/en\/wp-json\/wp\/v2\/types\/page"}],"author":[{"embeddable":true,"href":"https:\/\/www.kapsamsaglik.com.tr\/en\/wp-json\/wp\/v2\/users\/1"}],"replies":[{"embeddable":true,"href":"https:\/\/www.kapsamsaglik.com.tr\/en\/wp-json\/wp\/v2\/comments?post=5391"}],"version-history":[{"count":9,"href":"https:\/\/www.kapsamsaglik.com.tr\/en\/wp-json\/wp\/v2\/pages\/5391\/revisions"}],"predecessor-version":[{"id":19430,"href":"https:\/\/www.kapsamsaglik.com.tr\/en\/wp-json\/wp\/v2\/pages\/5391\/revisions\/19430"}],"wp:featuredmedia":[{"embeddable":true,"href":"https:\/\/www.kapsamsaglik.com.tr\/en\/wp-json\/wp\/v2\/media\/14966"}],"wp:attachment":[{"href":"https:\/\/www.kapsamsaglik.com.tr\/en\/wp-json\/wp\/v2\/media?parent=5391"}],"curies":[{"name":"wp","href":"https:\/\/api.w.org\/{rel}","templated":true}]}}