{"id":5392,"date":"2021-03-10T15:34:31","date_gmt":"2021-03-10T12:34:31","guid":{"rendered":"https:\/\/www.kapsamsaglik.com.tr\/?page_id=5392"},"modified":"2024-12-14T15:36:34","modified_gmt":"2024-12-14T12:36:34","slug":"urunler-cozumler-tpn-hazirlama","status":"publish","type":"page","link":"https:\/\/www.kapsamsaglik.com.tr\/en\/products-solutions-tpn-compounding\/","title":{"rendered":"TPN Compounding"},"content":{"rendered":"<div data-elementor-type=\"wp-page\" data-elementor-id=\"5392\" class=\"elementor elementor-5392\">\n\t\t\t\t\t\t\t<style>\/*! elementor - v3.15.0 - 26-07-2023 *\/\n.elementor-widget-text-editor.elementor-drop-cap-view-stacked .elementor-drop-cap{background-color:#69727d;color:#fff}.elementor-widget-text-editor.elementor-drop-cap-view-framed .elementor-drop-cap{color:#69727d;border:3px solid;background-color:transparent}.elementor-widget-text-editor:not(.elementor-drop-cap-view-default) .elementor-drop-cap{margin-top:8px}.elementor-widget-text-editor:not(.elementor-drop-cap-view-default) .elementor-drop-cap-letter{width:1em;height:1em}.elementor-widget-text-editor .elementor-drop-cap{float:left;text-align:center;line-height:1;font-size:50px}.elementor-widget-text-editor .elementor-drop-cap-letter{display:inline-block}<\/style>\t\t<section data-particle_enable=\"false\" data-particle-mobile-disabled=\"false\" class=\"elementor-section elementor-top-section elementor-element elementor-element-5b45208f elementor-section-full_width elementor-section-stretched elementor-section-height-default elementor-section-height-default\" data-id=\"5b45208f\" data-element_type=\"section\" data-settings=\"{&quot;stretch_section&quot;:&quot;section-stretched&quot;}\">\n\t\t\t\t\t\t<div class=\"elementor-container elementor-column-gap-no\">\n\t\t\t\t\t<div class=\"elementor-column elementor-col-100 elementor-top-column elementor-element elementor-element-7cc66289\" data-id=\"7cc66289\" data-element_type=\"column\">\n\t\t\t<div class=\"elementor-widget-wrap elementor-element-populated\">\n\t\t\t\t\t\t\t\t<div data-dce-background-color=\"#00314E\" class=\"elementor-element elementor-element-2467d9ea elementor-widget elementor-widget-page-title\" data-id=\"2467d9ea\" data-element_type=\"widget\" data-widget_type=\"page-title.default\">\n\t\t\t\t<div class=\"elementor-widget-container\">\n\t\t\t<div class=\"page-title\" ><div class=\"container\"><div class=\"row\"><div class=\"col-lg-12\"><div class=\"pt-style-2\"><h1 class=\"entry-title\">TPN Compounding<\/h1><\/div><\/div><\/div><\/div><\/div>\t\t<\/div>\n\t\t\t\t<\/div>\n\t\t\t\t\t<\/div>\n\t\t<\/div>\n\t\t\t\t\t\t\t<\/div>\n\t\t<\/section>\n\t\t\t\t<section data-particle_enable=\"false\" data-particle-mobile-disabled=\"false\" class=\"elementor-section elementor-top-section elementor-element elementor-element-14ece75 elementor-section-content-top elementor-section-stretched elementor-section-boxed elementor-section-height-default elementor-section-height-default\" data-id=\"14ece75\" data-element_type=\"section\" data-settings=\"{&quot;stretch_section&quot;:&quot;section-stretched&quot;}\">\n\t\t\t\t\t\t<div class=\"elementor-container elementor-column-gap-custom\">\n\t\t\t\t\t<div class=\"elementor-column elementor-col-20 elementor-top-column elementor-element elementor-element-8843f88\" data-id=\"8843f88\" data-element_type=\"column\">\n\t\t\t<div class=\"elementor-widget-wrap\">\n\t\t\t\t\t\t\t\t\t<\/div>\n\t\t<\/div>\n\t\t\t\t<div class=\"elementor-column elementor-col-20 elementor-top-column elementor-element elementor-element-0a3240e\" data-id=\"0a3240e\" data-element_type=\"column\" data-settings=\"{&quot;animation&quot;:&quot;none&quot;}\">\n\t\t\t<div class=\"elementor-widget-wrap elementor-element-populated\">\n\t\t\t\t\t\t\t\t<div class=\"elementor-element elementor-element-c097be4 elementor-widget elementor-widget-feature-image\" data-id=\"c097be4\" data-element_type=\"widget\" data-widget_type=\"feature-image.default\">\n\t\t\t\t<div class=\"elementor-widget-container\">\n\t\t\t<div class=\"ft-image-stacked\"><a href=\"https:\/\/www.kapsamsaglik.com.tr\/en\/products-solutions-ks-240-automated-tpn-compounding-system\/\" target=\"_blank\"><div class=\"ft-img-wrapper\"><img decoding=\"async\" src=\"https:\/\/www.kapsamsaglik.com.tr\/wp-content\/uploads\/2023\/11\/KS-240-7-scaled.webp\" title=\"KS-240\" alt=\"KS-240\" loading=\"lazy\" \/><\/div><\/a><div class=\"ft-content\"><h4 class=\"ft-title\"><\/h4><p class=\"ft-description\"><div style=\"margin-top:0px;margin-bottom:-30px;\"><font style=\"font-size:16px;font-weight:800;\">KS-240<\/font><br><font style=\"font-size:12px;font-weight:300;\">Automated TPN Compounding System<\/font><br><br><\/div><\/p><a href=\"https:\/\/www.kapsamsaglik.com.tr\/en\/products-solutions-ks-240-automated-tpn-compounding-system\/\" target=\"_blank\" class=\"ft-btn\"><i class=\"fas fa-chevron-up\"><\/i><\/a><\/div><\/div>\t\t<\/div>\n\t\t\t\t<\/div>\n\t\t\t\t\t<\/div>\n\t\t<\/div>\n\t\t\t\t<div class=\"elementor-column elementor-col-20 elementor-top-column elementor-element elementor-element-21a5ed0\" data-id=\"21a5ed0\" data-element_type=\"column\">\n\t\t\t<div class=\"elementor-widget-wrap elementor-element-populated\">\n\t\t\t\t\t\t\t\t<div class=\"elementor-element elementor-element-d57d6a6 elementor-widget elementor-widget-feature-image\" data-id=\"d57d6a6\" data-element_type=\"widget\" data-widget_type=\"feature-image.default\">\n\t\t\t\t<div class=\"elementor-widget-container\">\n\t\t\t<div class=\"ft-image-stacked\"><a href=\"https:\/\/www.kapsamsaglik.com.tr\/en\/products-solutions-nutrisoft-tpn-order-entry-and-calculation-software\/\" target=\"_blank\"><div class=\"ft-img-wrapper\"><img decoding=\"async\" src=\"https:\/\/www.kapsamsaglik.com.tr\/wp-content\/uploads\/2022\/08\/NutriSoft-scaled.webp\" title=\"\" alt=\"\" loading=\"lazy\" \/><\/div><\/a><div class=\"ft-content\"><h4 class=\"ft-title\"><\/h4><p class=\"ft-description\"><div style=\"margin-top:0px;margin-bottom:-30px;\"><font style=\"font-size:16px;font-weight:800;\">NutriSoft<\/font><br><font style=\"font-size:12px;font-weight:300;\">TPN Order Entry and Calculation Software<\/font><br><br><\/div><\/p><a href=\"https:\/\/www.kapsamsaglik.com.tr\/en\/products-solutions-nutrisoft-tpn-order-entry-and-calculation-software\/\" target=\"_blank\" class=\"ft-btn\"><i class=\"fas fa-chevron-up\"><\/i><\/a><\/div><\/div>\t\t<\/div>\n\t\t\t\t<\/div>\n\t\t\t\t\t<\/div>\n\t\t<\/div>\n\t\t\t\t<div class=\"elementor-column elementor-col-20 elementor-top-column elementor-element elementor-element-7a0cd93\" data-id=\"7a0cd93\" data-element_type=\"column\">\n\t\t\t<div class=\"elementor-widget-wrap elementor-element-populated\">\n\t\t\t\t\t\t\t\t<div class=\"elementor-element elementor-element-70cc857 elementor-widget elementor-widget-feature-image\" data-id=\"70cc857\" data-element_type=\"widget\" data-widget_type=\"feature-image.default\">\n\t\t\t\t<div class=\"elementor-widget-container\">\n\t\t\t<div class=\"ft-image-stacked\"><a href=\"https:\/\/www.kapsamsaglik.com.tr\/en\/products-solutions-pump-rx-fluid-dispensing-pump\/\" target=\"_blank\"><div class=\"ft-img-wrapper\"><img decoding=\"async\" src=\"https:\/\/www.kapsamsaglik.com.tr\/wp-content\/uploads\/2022\/08\/MerkeziIVHazirlama-scaled.webp\" title=\"\" alt=\"\" loading=\"lazy\" \/><\/div><\/a><div class=\"ft-content\"><h4 class=\"ft-title\"><\/h4><p class=\"ft-description\"><div style=\"margin-top:0px;margin-bottom:-30px;\"><font style=\"font-size:16px;font-weight:800;\">Pump-Rx<\/font><br><font style=\"font-size:12px;font-weight:300;\">Fluid Dispensing Pump<\/font><br><br><\/div><\/p><a href=\"https:\/\/www.kapsamsaglik.com.tr\/en\/products-solutions-pump-rx-fluid-dispensing-pump\/\" target=\"_blank\" class=\"ft-btn\"><i class=\"fas fa-chevron-up\"><\/i><\/a><\/div><\/div>\t\t<\/div>\n\t\t\t\t<\/div>\n\t\t\t\t\t<\/div>\n\t\t<\/div>\n\t\t\t\t<div class=\"elementor-column elementor-col-20 elementor-top-column elementor-element elementor-element-bed4eb8\" data-id=\"bed4eb8\" data-element_type=\"column\">\n\t\t\t<div class=\"elementor-widget-wrap\">\n\t\t\t\t\t\t\t\t\t<\/div>\n\t\t<\/div>\n\t\t\t\t\t\t\t<\/div>\n\t\t<\/section>\n\t\t\t\t\t\t\t<\/div>","protected":false},"excerpt":{"rendered":"<p>TPN Haz\u0131rlama TPN Compounding TPN Haz\u0131rlama KS-240Otomatik TPN Haz\u0131rlama Sistemi NutriSoftTPN Order Giri\u015f ve Hesaplama Yaz\u0131l\u0131m\u0131 Pump-RxS\u0131v\u0131 Transfer Pompas\u0131<\/p>","protected":false},"author":1,"featured_media":22628,"parent":0,"menu_order":37,"comment_status":"closed","ping_status":"closed","template":"","meta":{"_crdt_document":"","om_disable_all_campaigns":false,"inline_featured_image":false,"_mi_skip_tracking":false,"footnotes":"","_links_to":"","_links_to_target":""},"class_list":["post-5392","page","type-page","status-publish","has-post-thumbnail","hentry"],"aioseo_notices":[],"aioseo_head":"\n\t\t<!-- All in One SEO Pro 4.6.0 - aioseo.com -->\n\t\t<meta name=\"description\" content=\"TPN Haz\u0131rlama, NutriMix Otomatik TPN Haz\u0131rlama Sistemi, NutriSoft TPN Order Giri\u015f ve Hesaplama Yaz\u0131l\u0131m\u0131, Pump-Rx S\u0131v\u0131 Transfer Pompas\u0131.\" \/>\n\t\t<meta name=\"robots\" content=\"max-image-preview:large\" \/>\n\t\t<meta name=\"google-site-verification\" content=\"XaAMMf7cd_uF7vNvTGKKokgU53e5q84beEakVWVoWzA\" \/>\n\t\t<link rel=\"canonical\" href=\"https:\/\/www.kapsamsaglik.com.tr\/en\/products-solutions-tpn-compounding\/\" \/>\n\t\t<meta name=\"generator\" content=\"All in One SEO Pro (AIOSEO) 4.6.0\" \/>\n\t\t<meta property=\"og:locale\" content=\"en_US\" \/>\n\t\t<meta property=\"og:site_name\" content=\"Kapsam Sa\u011fl\u0131k\" \/>\n\t\t<meta property=\"og:type\" content=\"article\" \/>\n\t\t<meta property=\"og:title\" content=\"TPN Haz\u0131rlama | Kapsam Sa\u011fl\u0131k\" \/>\n\t\t<meta property=\"og:description\" content=\"TPN Haz\u0131rlama, NutriMix Otomatik TPN Haz\u0131rlama Sistemi, NutriSoft TPN Order Giri\u015f ve Hesaplama Yaz\u0131l\u0131m\u0131, Pump-Rx S\u0131v\u0131 Transfer Pompas\u0131.\" \/>\n\t\t<meta property=\"og:url\" content=\"https:\/\/www.kapsamsaglik.com.tr\/en\/products-solutions-tpn-compounding\/\" \/>\n\t\t<meta property=\"og:image\" content=\"https:\/\/www.kapsamsaglik.com.tr\/wp-content\/uploads\/2022\/10\/tpn-hazirlama.webp\" \/>\n\t\t<meta property=\"og:image:secure_url\" content=\"https:\/\/www.kapsamsaglik.com.tr\/wp-content\/uploads\/2022\/10\/tpn-hazirlama.webp\" \/>\n\t\t<meta property=\"og:image:width\" content=\"1280\" \/>\n\t\t<meta property=\"og:image:height\" content=\"720\" \/>\n\t\t<meta property=\"article:published_time\" content=\"2021-03-10T12:34:31+00:00\" \/>\n\t\t<meta property=\"article:modified_time\" content=\"2024-12-14T12:36:34+00:00\" \/>\n\t\t<meta property=\"article:publisher\" content=\"https:\/\/www.facebook.com\/kapsamsaglik\/\" \/>\n\t\t<meta name=\"twitter:card\" content=\"summary_large_image\" \/>\n\t\t<meta name=\"twitter:title\" content=\"TPN Haz\u0131rlama | Kapsam Sa\u011fl\u0131k\" \/>\n\t\t<meta name=\"twitter:description\" content=\"TPN Haz\u0131rlama, NutriMix Otomatik TPN Haz\u0131rlama Sistemi, NutriSoft TPN Order Giri\u015f ve Hesaplama Yaz\u0131l\u0131m\u0131, Pump-Rx S\u0131v\u0131 Transfer Pompas\u0131.\" \/>\n\t\t<meta name=\"twitter:image\" content=\"https:\/\/www.kapsamsaglik.com.tr\/wp-content\/uploads\/2022\/10\/tpn-hazirlama.webp\" \/>\n\t\t<meta name=\"twitter:label1\" content=\"Written by\" \/>\n\t\t<meta name=\"twitter:data1\" content=\"Kapsam Sa\u011fl\u0131k\" \/>\n\t\t<script type=\"application\/ld+json\" class=\"aioseo-schema\">\n\t\t\t{\"@context\":\"https:\\\/\\\/schema.org\",\"@graph\":[{\"@type\":\"BreadcrumbList\",\"@id\":\"https:\\\/\\\/www.kapsamsaglik.com.tr\\\/en\\\/products-solutions-tpn-compounding\\\/#breadcrumblist\",\"itemListElement\":[{\"@type\":\"ListItem\",\"@id\":\"https:\\\/\\\/www.kapsamsaglik.com.tr\\\/en\\\/#listItem\",\"position\":1,\"name\":\"Home\",\"item\":\"https:\\\/\\\/www.kapsamsaglik.com.tr\\\/en\\\/\",\"nextItem\":\"https:\\\/\\\/www.kapsamsaglik.com.tr\\\/en\\\/products-solutions-tpn-compounding\\\/#listItem\"},{\"@type\":\"ListItem\",\"@id\":\"https:\\\/\\\/www.kapsamsaglik.com.tr\\\/en\\\/products-solutions-tpn-compounding\\\/#listItem\",\"position\":2,\"name\":\"TPN Haz\\u0131rlama\",\"previousItem\":\"https:\\\/\\\/www.kapsamsaglik.com.tr\\\/en\\\/#listItem\"}]},{\"@type\":\"Organization\",\"@id\":\"https:\\\/\\\/www.kapsamsaglik.com.tr\\\/en\\\/#organization\",\"name\":\"Kapsam Sa\\u011fl\\u0131k \\u00dcr\\u00fcnleri\",\"url\":\"https:\\\/\\\/www.kapsamsaglik.com.tr\\\/en\\\/\",\"logo\":{\"@type\":\"ImageObject\",\"url\":\"https:\\\/\\\/www.kapsamsaglik.com.tr\\\/wp-content\\\/uploads\\\/2021\\\/03\\\/LogoKapsam-Mavi.svg\",\"@id\":\"https:\\\/\\\/www.kapsamsaglik.com.tr\\\/en\\\/products-solutions-tpn-compounding\\\/#organizationLogo\",\"width\":110,\"height\":108,\"caption\":\"Kapsam Sa\\u011fl\\u0131k \\u00dcr\\u00fcnleri\"},\"image\":{\"@id\":\"https:\\\/\\\/www.kapsamsaglik.com.tr\\\/en\\\/products-solutions-tpn-compounding\\\/#organizationLogo\"},\"sameAs\":[\"https:\\\/\\\/www.facebook.com\\\/kapsamsaglik\\\/\",\"https:\\\/\\\/www.instagram.com\\\/kapsamsaglik\\\/\",\"https:\\\/\\\/www.youtube.com\\\/channel\\\/UC94c5DWMFZx2ljPoR0fbM3w\",\"https:\\\/\\\/www.linkedin.com\\\/company\\\/kapsam-salk-rnleri\\\/\"],\"contactPoint\":{\"@type\":\"ContactPoint\",\"telephone\":\"+902622908801\",\"contactType\":\"Customer Support\"}},{\"@type\":\"WebPage\",\"@id\":\"https:\\\/\\\/www.kapsamsaglik.com.tr\\\/en\\\/products-solutions-tpn-compounding\\\/#webpage\",\"url\":\"https:\\\/\\\/www.kapsamsaglik.com.tr\\\/en\\\/products-solutions-tpn-compounding\\\/\",\"name\":\"TPN Haz\\u0131rlama | Kapsam Sa\\u011fl\\u0131k\",\"description\":\"TPN Haz\\u0131rlama, NutriMix Otomatik TPN Haz\\u0131rlama Sistemi, NutriSoft TPN Order Giri\\u015f ve Hesaplama Yaz\\u0131l\\u0131m\\u0131, Pump-Rx S\\u0131v\\u0131 Transfer Pompas\\u0131.\",\"inLanguage\":\"en-US\",\"isPartOf\":{\"@id\":\"https:\\\/\\\/www.kapsamsaglik.com.tr\\\/en\\\/#website\"},\"breadcrumb\":{\"@id\":\"https:\\\/\\\/www.kapsamsaglik.com.tr\\\/en\\\/products-solutions-tpn-compounding\\\/#breadcrumblist\"},\"image\":{\"@type\":\"ImageObject\",\"url\":\"https:\\\/\\\/www.kapsamsaglik.com.tr\\\/wp-content\\\/uploads\\\/2024\\\/12\\\/TPN.png\",\"@id\":\"https:\\\/\\\/www.kapsamsaglik.com.tr\\\/en\\\/products-solutions-tpn-compounding\\\/#mainImage\",\"width\":1280,\"height\":720,\"caption\":\"TPN\"},\"primaryImageOfPage\":{\"@id\":\"https:\\\/\\\/www.kapsamsaglik.com.tr\\\/en\\\/products-solutions-tpn-compounding\\\/#mainImage\"},\"datePublished\":\"2021-03-10T15:34:31+03:00\",\"dateModified\":\"2024-12-14T15:36:34+03:00\"},{\"@type\":\"WebSite\",\"@id\":\"https:\\\/\\\/www.kapsamsaglik.com.tr\\\/en\\\/#website\",\"url\":\"https:\\\/\\\/www.kapsamsaglik.com.tr\\\/en\\\/\",\"name\":\"Kapsam Sa\\u011fl\\u0131k\",\"description\":\"Sa\\u011fl\\u0131k tesisleri i\\u00e7in yenilik\\u00e7i otomasyon sistemleri, yaz\\u0131l\\u0131m \\u00e7\\u00f6z\\u00fcmleri ve g\\u00fcvenli sarf malzemeler geli\\u015ftirip \\u00fcretiyoruz.\",\"inLanguage\":\"en-US\",\"publisher\":{\"@id\":\"https:\\\/\\\/www.kapsamsaglik.com.tr\\\/en\\\/#organization\"}}]}\n\t\t<\/script>\n\t\t<!-- All in One SEO Pro -->\r\n\t\t<title>TPN Haz\u0131rlama | Kapsam Sa\u011fl\u0131k<\/title>\n\n","aioseo_head_json":{"title":"TPN Haz\u0131rlama | Kapsam Sa\u011fl\u0131k","description":"TPN Haz\u0131rlama, NutriMix Otomatik TPN Haz\u0131rlama Sistemi, NutriSoft TPN Order Giri\u015f ve Hesaplama Yaz\u0131l\u0131m\u0131, Pump-Rx S\u0131v\u0131 Transfer Pompas\u0131.","canonical_url":"https:\/\/www.kapsamsaglik.com.tr\/en\/products-solutions-tpn-compounding\/","robots":"max-image-preview:large","keywords":"","webmasterTools":{"google-site-verification":"XaAMMf7cd_uF7vNvTGKKokgU53e5q84beEakVWVoWzA","miscellaneous":""},"og:locale":"en_US","og:site_name":"Kapsam Sa\u011fl\u0131k","og:type":"article","og:title":"TPN Haz\u0131rlama | Kapsam Sa\u011fl\u0131k","og:description":"TPN Haz\u0131rlama, NutriMix Otomatik TPN Haz\u0131rlama Sistemi, NutriSoft TPN Order Giri\u015f ve Hesaplama Yaz\u0131l\u0131m\u0131, Pump-Rx S\u0131v\u0131 Transfer Pompas\u0131.","og:url":"https:\/\/www.kapsamsaglik.com.tr\/en\/products-solutions-tpn-compounding\/","og:image":"https:\/\/www.kapsamsaglik.com.tr\/wp-content\/uploads\/2022\/10\/tpn-hazirlama.webp","og:image:secure_url":"https:\/\/www.kapsamsaglik.com.tr\/wp-content\/uploads\/2022\/10\/tpn-hazirlama.webp","og:image:width":"1280","og:image:height":"720","article:published_time":"2021-03-10T12:34:31+00:00","article:modified_time":"2024-12-14T12:36:34+00:00","article:publisher":"https:\/\/www.facebook.com\/kapsamsaglik\/","twitter:card":"summary_large_image","twitter:title":"TPN Haz\u0131rlama | Kapsam Sa\u011fl\u0131k","twitter:description":"TPN Haz\u0131rlama, NutriMix Otomatik TPN Haz\u0131rlama Sistemi, NutriSoft TPN Order Giri\u015f ve Hesaplama Yaz\u0131l\u0131m\u0131, Pump-Rx S\u0131v\u0131 Transfer Pompas\u0131.","twitter:image":"https:\/\/www.kapsamsaglik.com.tr\/wp-content\/uploads\/2022\/10\/tpn-hazirlama.webp","twitter:label1":"Written by","twitter:data1":"Kapsam Sa\u011fl\u0131k","schema":{"@context":"https:\/\/schema.org","@graph":[{"@type":"BreadcrumbList","@id":"https:\/\/www.kapsamsaglik.com.tr\/en\/products-solutions-tpn-compounding\/#breadcrumblist","itemListElement":[{"@type":"ListItem","@id":"https:\/\/www.kapsamsaglik.com.tr\/en\/#listItem","position":1,"name":"Home","item":"https:\/\/www.kapsamsaglik.com.tr\/en\/","nextItem":"https:\/\/www.kapsamsaglik.com.tr\/en\/products-solutions-tpn-compounding\/#listItem"},{"@type":"ListItem","@id":"https:\/\/www.kapsamsaglik.com.tr\/en\/products-solutions-tpn-compounding\/#listItem","position":2,"name":"TPN Haz\u0131rlama","previousItem":"https:\/\/www.kapsamsaglik.com.tr\/en\/#listItem"}]},{"@type":"Organization","@id":"https:\/\/www.kapsamsaglik.com.tr\/en\/#organization","name":"Kapsam Sa\u011fl\u0131k \u00dcr\u00fcnleri","url":"https:\/\/www.kapsamsaglik.com.tr\/en\/","logo":{"@type":"ImageObject","url":"https:\/\/www.kapsamsaglik.com.tr\/wp-content\/uploads\/2021\/03\/LogoKapsam-Mavi.svg","@id":"https:\/\/www.kapsamsaglik.com.tr\/en\/products-solutions-tpn-compounding\/#organizationLogo","width":110,"height":108,"caption":"Kapsam Sa\u011fl\u0131k \u00dcr\u00fcnleri"},"image":{"@id":"https:\/\/www.kapsamsaglik.com.tr\/en\/products-solutions-tpn-compounding\/#organizationLogo"},"sameAs":["https:\/\/www.facebook.com\/kapsamsaglik\/","https:\/\/www.instagram.com\/kapsamsaglik\/","https:\/\/www.youtube.com\/channel\/UC94c5DWMFZx2ljPoR0fbM3w","https:\/\/www.linkedin.com\/company\/kapsam-salk-rnleri\/"],"contactPoint":{"@type":"ContactPoint","telephone":"+902622908801","contactType":"Customer Support"}},{"@type":"WebPage","@id":"https:\/\/www.kapsamsaglik.com.tr\/en\/products-solutions-tpn-compounding\/#webpage","url":"https:\/\/www.kapsamsaglik.com.tr\/en\/products-solutions-tpn-compounding\/","name":"TPN Haz\u0131rlama | Kapsam Sa\u011fl\u0131k","description":"TPN Haz\u0131rlama, NutriMix Otomatik TPN Haz\u0131rlama Sistemi, NutriSoft TPN Order Giri\u015f ve Hesaplama Yaz\u0131l\u0131m\u0131, Pump-Rx S\u0131v\u0131 Transfer Pompas\u0131.","inLanguage":"en-US","isPartOf":{"@id":"https:\/\/www.kapsamsaglik.com.tr\/en\/#website"},"breadcrumb":{"@id":"https:\/\/www.kapsamsaglik.com.tr\/en\/products-solutions-tpn-compounding\/#breadcrumblist"},"image":{"@type":"ImageObject","url":"https:\/\/www.kapsamsaglik.com.tr\/wp-content\/uploads\/2024\/12\/TPN.png","@id":"https:\/\/www.kapsamsaglik.com.tr\/en\/products-solutions-tpn-compounding\/#mainImage","width":1280,"height":720,"caption":"TPN"},"primaryImageOfPage":{"@id":"https:\/\/www.kapsamsaglik.com.tr\/en\/products-solutions-tpn-compounding\/#mainImage"},"datePublished":"2021-03-10T15:34:31+03:00","dateModified":"2024-12-14T15:36:34+03:00"},{"@type":"WebSite","@id":"https:\/\/www.kapsamsaglik.com.tr\/en\/#website","url":"https:\/\/www.kapsamsaglik.com.tr\/en\/","name":"Kapsam Sa\u011fl\u0131k","description":"Sa\u011fl\u0131k tesisleri i\u00e7in yenilik\u00e7i otomasyon sistemleri, yaz\u0131l\u0131m \u00e7\u00f6z\u00fcmleri ve g\u00fcvenli sarf malzemeler geli\u015ftirip \u00fcretiyoruz.","inLanguage":"en-US","publisher":{"@id":"https:\/\/www.kapsamsaglik.com.tr\/en\/#organization"}}]}},"aioseo_meta_data":{"post_id":"5392","title":null,"description":"TPN Haz\u0131rlama, NutriMix Otomatik TPN Haz\u0131rlama Sistemi, NutriSoft TPN Order Giri\u015f ve Hesaplama Yaz\u0131l\u0131m\u0131, Pump-Rx S\u0131v\u0131 Transfer Pompas\u0131.","keywords":"[]","keyphrases":"{\"focus\":{\"keyphrase\":\"TPN Haz\\u0131rlama\",\"analysis\":{\"keyphraseInTitle\":{\"score\":9,\"maxScore\":9,\"error\":0},\"keyphraseInDescription\":{\"score\":9,\"maxScore\":9,\"error\":0},\"keyphraseLength\":{\"score\":9,\"maxScore\":9,\"error\":0,\"length\":2},\"keyphraseInURL\":{\"score\":5,\"maxScore\":5,\"error\":0},\"keyphraseInIntroduction\":{\"score\":9,\"maxScore\":9,\"error\":0},\"keyphraseInSubHeadings\":[],\"keyphraseInImageAlt\":{\"score\":3,\"maxScore\":9,\"error\":1}},\"score\":88},\"additional\":[]}","primary_term":null,"canonical_url":null,"og_title":null,"og_description":null,"og_object_type":"default","og_image_type":"featured","og_image_url":"https:\/\/www.kapsamsaglik.com.tr\/wp-content\/uploads\/2022\/10\/tpn-hazirlama.webp","og_image_width":"1280","og_image_height":"720","og_image_custom_url":null,"og_image_custom_fields":null,"og_video":"","og_custom_url":null,"og_article_section":null,"og_article_tags":"[]","twitter_use_og":true,"twitter_card":"default","twitter_image_type":"default","twitter_image_url":null,"twitter_image_custom_url":null,"twitter_image_custom_fields":null,"twitter_title":null,"twitter_description":null,"schema":{"blockGraphs":[],"customGraphs":[],"default":{"data":{"Article":[],"Course":[],"Dataset":[],"FAQPage":[],"Movie":[],"Person":[],"Product":[],"Recipe":[],"Service":[],"SoftwareApplication":[],"WebPage":{"id":"aioseo-web-page-637f3ed5eb587","slug":"web-page","graphName":"WebPage","label":"Web Page","properties":{"type":"WebPage","name":"","description":""}}},"graphName":"WebPage","isEnabled":true},"graphs":[]},"schema_type":"default","schema_type_options":"{\"article\":{\"articleType\":\"BlogPosting\"},\"course\":{\"name\":\"\",\"description\":\"\",\"provider\":\"\"},\"faq\":{\"pages\":[]},\"product\":{\"reviews\":[]},\"recipe\":{\"ingredients\":[],\"instructions\":[],\"keywords\":[]},\"software\":{\"reviews\":[],\"operatingSystems\":[]},\"webPage\":{\"webPageType\":\"WebPage\"},\"blockGraphs\":[]}","pillar_content":false,"robots_default":true,"robots_noindex":false,"robots_noarchive":false,"robots_nosnippet":false,"robots_nofollow":false,"robots_noimageindex":false,"robots_noodp":false,"robots_notranslate":false,"robots_max_snippet":"-1","robots_max_videopreview":"-1","robots_max_imagepreview":"large","priority":null,"frequency":"default","local_seo":null,"limit_modified_date":false,"open_ai":null,"created":"2021-12-07 09:54:23","updated":"2023-11-20 16:35:44"},"aioseo_breadcrumb":"<div class=\"aioseo-breadcrumbs\"><span class=\"aioseo-breadcrumb\">\n\t<a href=\"https:\/\/www.kapsamsaglik.com.tr\/en\" title=\"Ana Sayfa\">Ana Sayfa<\/a>\n<\/span><span class=\"aioseo-breadcrumb-separator\">&#124;<\/span><span class=\"aioseo-breadcrumb\">\n\tTPN Haz\u0131rlama\n<\/span><\/div>","aioseo_breadcrumb_json":[{"label":"Ana Sayfa","link":"https:\/\/www.kapsamsaglik.com.tr\/en"},{"label":"TPN Haz\u0131rlama","link":"https:\/\/www.kapsamsaglik.com.tr\/en\/products-solutions-tpn-compounding\/"}],"_links":{"self":[{"href":"https:\/\/www.kapsamsaglik.com.tr\/en\/wp-json\/wp\/v2\/pages\/5392","targetHints":{"allow":["GET"]}}],"collection":[{"href":"https:\/\/www.kapsamsaglik.com.tr\/en\/wp-json\/wp\/v2\/pages"}],"about":[{"href":"https:\/\/www.kapsamsaglik.com.tr\/en\/wp-json\/wp\/v2\/types\/page"}],"author":[{"embeddable":true,"href":"https:\/\/www.kapsamsaglik.com.tr\/en\/wp-json\/wp\/v2\/users\/1"}],"replies":[{"embeddable":true,"href":"https:\/\/www.kapsamsaglik.com.tr\/en\/wp-json\/wp\/v2\/comments?post=5392"}],"version-history":[{"count":18,"href":"https:\/\/www.kapsamsaglik.com.tr\/en\/wp-json\/wp\/v2\/pages\/5392\/revisions"}],"predecessor-version":[{"id":22631,"href":"https:\/\/www.kapsamsaglik.com.tr\/en\/wp-json\/wp\/v2\/pages\/5392\/revisions\/22631"}],"wp:featuredmedia":[{"embeddable":true,"href":"https:\/\/www.kapsamsaglik.com.tr\/en\/wp-json\/wp\/v2\/media\/22628"}],"wp:attachment":[{"href":"https:\/\/www.kapsamsaglik.com.tr\/en\/wp-json\/wp\/v2\/media?parent=5392"}],"curies":[{"name":"wp","href":"https:\/\/api.w.org\/{rel}","templated":true}]}}