{"id":6550,"date":"2021-03-19T20:09:59","date_gmt":"2021-03-19T17:09:59","guid":{"rendered":"https:\/\/www.kapsamsaglik.com.tr\/?page_id=6550"},"modified":"2023-08-17T16:46:44","modified_gmt":"2023-08-17T13:46:44","slug":"gizlilik-politikasi","status":"publish","type":"page","link":"https:\/\/www.kapsamsaglik.com.tr\/en\/privacy-policy\/","title":{"rendered":"Gizlilik politikas\u0131"},"content":{"rendered":"<div data-elementor-type=\"wp-page\" data-elementor-id=\"6550\" class=\"elementor elementor-6550\">\n\t\t\t\t\t\t\t\t\t<section data-particle_enable=\"false\" data-particle-mobile-disabled=\"false\" class=\"elementor-section elementor-top-section elementor-element elementor-element-464f563e elementor-section-full_width elementor-section-stretched elementor-section-height-default elementor-section-height-default\" data-id=\"464f563e\" data-element_type=\"section\" data-settings=\"{&quot;stretch_section&quot;:&quot;section-stretched&quot;}\">\n\t\t\t\t\t\t<div class=\"elementor-container elementor-column-gap-no\">\n\t\t\t\t\t<div class=\"elementor-column elementor-col-100 elementor-top-column elementor-element elementor-element-55ac8693\" data-id=\"55ac8693\" data-element_type=\"column\">\n\t\t\t<div class=\"elementor-widget-wrap elementor-element-populated\">\n\t\t\t\t\t\t\t\t<div class=\"elementor-element elementor-element-39534b98 elementor-widget elementor-widget-page-title\" data-id=\"39534b98\" data-element_type=\"widget\" data-widget_type=\"page-title.default\">\n\t\t\t\t<div class=\"elementor-widget-container\">\n\t\t\t<div class=\"page-title\" ><div class=\"container\"><div class=\"row\"><div class=\"col-lg-12\"><div class=\"pt-style-2\"><h1 class=\"entry-title\">Privacy Policy<\/h1><\/div><\/div><\/div><\/div><\/div>\t\t<\/div>\n\t\t\t\t<\/div>\n\t\t\t\t\t<\/div>\n\t\t<\/div>\n\t\t\t\t\t\t\t<\/div>\n\t\t<\/section>\n\t\t\t\t<section data-particle_enable=\"false\" data-particle-mobile-disabled=\"false\" class=\"elementor-section elementor-top-section elementor-element elementor-element-30499ceb elementor-section-boxed elementor-section-height-default elementor-section-height-default\" data-id=\"30499ceb\" data-element_type=\"section\">\n\t\t\t\t\t\t<div class=\"elementor-container elementor-column-gap-default\">\n\t\t\t\t\t<div class=\"elementor-column elementor-col-100 elementor-top-column elementor-element elementor-element-24a6ef8c\" data-id=\"24a6ef8c\" data-element_type=\"column\">\n\t\t\t<div class=\"elementor-widget-wrap elementor-element-populated\">\n\t\t\t\t\t\t\t\t<div class=\"elementor-element elementor-element-5582574d elementor-widget elementor-widget-frame-icon\" data-id=\"5582574d\" data-element_type=\"widget\" data-widget_type=\"frame-icon.default\">\n\t\t\t\t<div class=\"elementor-widget-container\">\n\t\t\t\t\t<div class=\"ft-frame-icon\">\n                            <div class=\"ft-content\">\n                                        <!-- <span class=\"ft-icon\"><i class=\"icon-Knight\"><\/i><\/span> -->\n                    <h4 class=\"ft-title\">Who are we?<\/h4><p class=\"ft-description\"><p style=\"font-weight:500;font-size:13px;\">\nOur website address is: https:\/\/www.kapsamsaglik.com.tr.<\/p>                <\/div>\n            \t\t<\/div>\n\t\t\t\t<\/div>\n\t\t\t\t<\/div>\n\t\t\t\t<div class=\"elementor-element elementor-element-102e09e elementor-widget elementor-widget-frame-icon\" data-id=\"102e09e\" data-element_type=\"widget\" data-widget_type=\"frame-icon.default\">\n\t\t\t\t<div class=\"elementor-widget-container\">\n\t\t\t\t\t<div class=\"ft-frame-icon\">\n                            <div class=\"ft-content\">\n                                        <!-- <span class=\"ft-icon\"><i class=\"icon-Knight\"><\/i><\/span> -->\n                    <h4 class=\"ft-title\">What personal information we collect for what purpose | Environment<\/h4><p class=\"ft-description\">If you upload images to the website, you should avoid uploading images with embedded location data (EXIF GPS). Website visitors can download and extract any location information from images on the website.<\/p>                <\/div>\n            \t\t<\/div>\n\t\t\t\t<\/div>\n\t\t\t\t<\/div>\n\t\t\t\t<div class=\"elementor-element elementor-element-0dda75e elementor-widget elementor-widget-frame-icon\" data-id=\"0dda75e\" data-element_type=\"widget\" data-widget_type=\"frame-icon.default\">\n\t\t\t\t<div class=\"elementor-widget-container\">\n\t\t\t\t\t<div class=\"ft-frame-icon\">\n                            <div class=\"ft-content\">\n                                        <!-- <span class=\"ft-icon\"><i class=\"icon-Knight\"><\/i><\/span> -->\n                    <h4 class=\"ft-title\">Contact forms | Cookies<\/h4><p class=\"ft-description\">If you visit our pages with forms, we will set a temporary cookie to determine whether your browser accepts cookies. This cookie contains no personal data and is deleted when you close your browser.\n<br><br>\nWhen you log in on the form, we will set several cookies to save your login information and screen display selection. Login cookies last for two days and screen options cookies last for one year.<\/p>                <\/div>\n            \t\t<\/div>\n\t\t\t\t<\/div>\n\t\t\t\t<\/div>\n\t\t\t\t\t<\/div>\n\t\t<\/div>\n\t\t\t\t\t\t\t<\/div>\n\t\t<\/section>\n\t\t\t\t\t\t\t<\/div>","protected":false},"excerpt":{"rendered":"<p>Gizlilik Politikas\u0131 Biz kimiz? Web sitemizin adresi: https:\/\/www.kapsamsaglik.com.tr. Hangi ki\u015fisel bilgileri ne ama\u00e7la topluyoruz | Ortam G\u00f6rselleri web sitesine y\u00fcklerseniz, g\u00f6m\u00fclm\u00fc\u015f konum verileri (EXIF GPS) i\u00e7eren g\u00f6rseller y\u00fcklemekten ka\u00e7\u0131nmal\u0131s\u0131n\u0131z. Web sitesi ziyaret\u00e7ileri, web sitesindeki g\u00f6rsellerden herhangi bir konum bilgisini indirip \u00e7\u0131karabilir. \u0130leti\u015fim formlar\u0131 | \u00c7erezler E\u011fer form bulunan sayfalar\u0131m\u0131z\u0131 ziyaret ederseniz, taray\u0131c\u0131n\u0131z\u0131n \u00e7erezleri kabul edip etmedi\u011fini belirlemek i\u00e7in ge\u00e7ici bir \u00e7erez ayarlayaca\u011f\u0131z. Bu \u00e7erez hi\u00e7bir ki\u015fisel veri i\u00e7ermez ve taray\u0131c\u0131n\u0131z\u0131 kapatt\u0131\u011f\u0131n\u0131zda at\u0131l\u0131r. Formda giri\u015f yapt\u0131\u011f\u0131n\u0131zda, giri\u015f bilgilerinizi ve ekran g\u00f6r\u00fcnt\u00fcleme se\u00e7iminizi kaydetmek i\u00e7in birka\u00e7 \u00e7erez kaydedece\u011fiz. Giri\u015f \u00e7erezleri iki g\u00fcn ve ekran se\u00e7enekleri \u00e7erezleri bir y\u0131l boyunca kal\u0131r.<\/p>","protected":false},"author":1,"featured_media":14948,"parent":0,"menu_order":8,"comment_status":"closed","ping_status":"closed","template":"","meta":{"_crdt_document":"","om_disable_all_campaigns":false,"inline_featured_image":false,"_mi_skip_tracking":false,"footnotes":"","_links_to":"","_links_to_target":""},"class_list":["post-6550","page","type-page","status-publish","has-post-thumbnail","hentry"],"aioseo_notices":[],"aioseo_head":"\n\t\t<!-- All in One SEO Pro 4.6.0 - aioseo.com -->\n\t\t<meta name=\"description\" content=\"Gizlilik politikas\u0131, Kapsam Sa\u011fl\u0131k \u00dcr\u00fcnleri Ltd. \u015eti. olarak &quot;Kapsam Sa\u011fl\u0131k&quot; web sitesini ziyaret edenlerin gizlili\u011fini korumak ilke olarak benimsemi\u015ftir.\" \/>\n\t\t<meta name=\"robots\" content=\"max-image-preview:large\" \/>\n\t\t<meta name=\"google-site-verification\" content=\"XaAMMf7cd_uF7vNvTGKKokgU53e5q84beEakVWVoWzA\" \/>\n\t\t<link rel=\"canonical\" href=\"https:\/\/www.kapsamsaglik.com.tr\/en\/privacy-policy\/\" \/>\n\t\t<meta name=\"generator\" content=\"All in One SEO Pro (AIOSEO) 4.6.0\" \/>\n\t\t<meta property=\"og:locale\" content=\"en_US\" \/>\n\t\t<meta property=\"og:site_name\" content=\"Kapsam Sa\u011fl\u0131k\" \/>\n\t\t<meta property=\"og:type\" content=\"article\" \/>\n\t\t<meta property=\"og:title\" content=\"Gizlilik politikas\u0131 | Kapsam Sa\u011fl\u0131k\" \/>\n\t\t<meta property=\"og:description\" content=\"Gizlilik politikas\u0131, Kapsam Sa\u011fl\u0131k \u00dcr\u00fcnleri Ltd. \u015eti. olarak &quot;Kapsam Sa\u011fl\u0131k&quot; web sitesini ziyaret edenlerin gizlili\u011fini korumak ilke olarak benimsemi\u015ftir.\" \/>\n\t\t<meta property=\"og:url\" content=\"https:\/\/www.kapsamsaglik.com.tr\/en\/privacy-policy\/\" \/>\n\t\t<meta property=\"og:image\" content=\"https:\/\/www.kapsamsaglik.com.tr\/wp-content\/uploads\/2021\/03\/LogoKapsam-Mavi.svg\" \/>\n\t\t<meta property=\"og:image:secure_url\" content=\"https:\/\/www.kapsamsaglik.com.tr\/wp-content\/uploads\/2021\/03\/LogoKapsam-Mavi.svg\" \/>\n\t\t<meta property=\"og:image:width\" content=\"110\" \/>\n\t\t<meta property=\"og:image:height\" content=\"108\" \/>\n\t\t<meta property=\"article:published_time\" content=\"2021-03-19T17:09:59+00:00\" \/>\n\t\t<meta property=\"article:modified_time\" content=\"2023-08-17T13:46:44+00:00\" \/>\n\t\t<meta property=\"article:publisher\" content=\"https:\/\/www.facebook.com\/kapsamsaglik\/\" \/>\n\t\t<meta name=\"twitter:card\" content=\"summary_large_image\" \/>\n\t\t<meta name=\"twitter:title\" content=\"Gizlilik politikas\u0131 | Kapsam Sa\u011fl\u0131k\" \/>\n\t\t<meta name=\"twitter:description\" content=\"Gizlilik politikas\u0131, Kapsam Sa\u011fl\u0131k \u00dcr\u00fcnleri Ltd. \u015eti. olarak &quot;Kapsam Sa\u011fl\u0131k&quot; web sitesini ziyaret edenlerin gizlili\u011fini korumak ilke olarak benimsemi\u015ftir.\" \/>\n\t\t<meta name=\"twitter:image\" content=\"https:\/\/www.kapsamsaglik.com.tr\/wp-content\/uploads\/2021\/03\/LogoKapsam-Mavi.svg\" \/>\n\t\t<meta name=\"twitter:label1\" content=\"Written by\" \/>\n\t\t<meta name=\"twitter:data1\" content=\"Kapsam Sa\u011fl\u0131k\" \/>\n\t\t<meta name=\"twitter:label2\" content=\"Est. reading time\" \/>\n\t\t<meta name=\"twitter:data2\" content=\"1 minute\" \/>\n\t\t<script type=\"application\/ld+json\" class=\"aioseo-schema\">\n\t\t\t{\"@context\":\"https:\\\/\\\/schema.org\",\"@graph\":[{\"@type\":\"BreadcrumbList\",\"@id\":\"https:\\\/\\\/www.kapsamsaglik.com.tr\\\/en\\\/privacy-policy\\\/#breadcrumblist\",\"itemListElement\":[{\"@type\":\"ListItem\",\"@id\":\"https:\\\/\\\/www.kapsamsaglik.com.tr\\\/en\\\/#listItem\",\"position\":1,\"name\":\"Home\",\"item\":\"https:\\\/\\\/www.kapsamsaglik.com.tr\\\/en\\\/\",\"nextItem\":\"https:\\\/\\\/www.kapsamsaglik.com.tr\\\/en\\\/privacy-policy\\\/#listItem\"},{\"@type\":\"ListItem\",\"@id\":\"https:\\\/\\\/www.kapsamsaglik.com.tr\\\/en\\\/privacy-policy\\\/#listItem\",\"position\":2,\"name\":\"Gizlilik politikas\\u0131\",\"previousItem\":\"https:\\\/\\\/www.kapsamsaglik.com.tr\\\/en\\\/#listItem\"}]},{\"@type\":\"Organization\",\"@id\":\"https:\\\/\\\/www.kapsamsaglik.com.tr\\\/en\\\/#organization\",\"name\":\"Kapsam Sa\\u011fl\\u0131k \\u00dcr\\u00fcnleri\",\"url\":\"https:\\\/\\\/www.kapsamsaglik.com.tr\\\/en\\\/\",\"logo\":{\"@type\":\"ImageObject\",\"url\":\"https:\\\/\\\/www.kapsamsaglik.com.tr\\\/wp-content\\\/uploads\\\/2021\\\/03\\\/LogoKapsam-Mavi.svg\",\"@id\":\"https:\\\/\\\/www.kapsamsaglik.com.tr\\\/en\\\/privacy-policy\\\/#organizationLogo\",\"width\":110,\"height\":108,\"caption\":\"Kapsam Sa\\u011fl\\u0131k \\u00dcr\\u00fcnleri\"},\"image\":{\"@id\":\"https:\\\/\\\/www.kapsamsaglik.com.tr\\\/en\\\/privacy-policy\\\/#organizationLogo\"},\"sameAs\":[\"https:\\\/\\\/www.facebook.com\\\/kapsamsaglik\\\/\",\"https:\\\/\\\/www.instagram.com\\\/kapsamsaglik\\\/\",\"https:\\\/\\\/www.youtube.com\\\/channel\\\/UC94c5DWMFZx2ljPoR0fbM3w\",\"https:\\\/\\\/www.linkedin.com\\\/company\\\/kapsam-salk-rnleri\\\/\"],\"contactPoint\":{\"@type\":\"ContactPoint\",\"telephone\":\"+902622908801\",\"contactType\":\"Customer Support\"}},{\"@type\":\"WebPage\",\"@id\":\"https:\\\/\\\/www.kapsamsaglik.com.tr\\\/en\\\/privacy-policy\\\/#webpage\",\"url\":\"https:\\\/\\\/www.kapsamsaglik.com.tr\\\/en\\\/privacy-policy\\\/\",\"name\":\"Gizlilik politikas\\u0131 | Kapsam Sa\\u011fl\\u0131k\",\"description\":\"Gizlilik politikas\\u0131, Kapsam Sa\\u011fl\\u0131k \\u00dcr\\u00fcnleri Ltd. \\u015eti. olarak \\\"Kapsam Sa\\u011fl\\u0131k\\\" web sitesini ziyaret edenlerin gizlili\\u011fini korumak ilke olarak benimsemi\\u015ftir.\",\"inLanguage\":\"en-US\",\"isPartOf\":{\"@id\":\"https:\\\/\\\/www.kapsamsaglik.com.tr\\\/en\\\/#website\"},\"breadcrumb\":{\"@id\":\"https:\\\/\\\/www.kapsamsaglik.com.tr\\\/en\\\/privacy-policy\\\/#breadcrumblist\"},\"image\":{\"@type\":\"ImageObject\",\"url\":\"https:\\\/\\\/www.kapsamsaglik.com.tr\\\/wp-content\\\/uploads\\\/2022\\\/10\\\/gizlilik-politikasi.webp\",\"@id\":\"https:\\\/\\\/www.kapsamsaglik.com.tr\\\/en\\\/privacy-policy\\\/#mainImage\",\"width\":1280,\"height\":720},\"primaryImageOfPage\":{\"@id\":\"https:\\\/\\\/www.kapsamsaglik.com.tr\\\/en\\\/privacy-policy\\\/#mainImage\"},\"datePublished\":\"2021-03-19T20:09:59+03:00\",\"dateModified\":\"2023-08-17T16:46:44+03:00\"},{\"@type\":\"WebSite\",\"@id\":\"https:\\\/\\\/www.kapsamsaglik.com.tr\\\/en\\\/#website\",\"url\":\"https:\\\/\\\/www.kapsamsaglik.com.tr\\\/en\\\/\",\"name\":\"Kapsam Sa\\u011fl\\u0131k\",\"description\":\"Sa\\u011fl\\u0131k tesisleri i\\u00e7in yenilik\\u00e7i otomasyon sistemleri, yaz\\u0131l\\u0131m \\u00e7\\u00f6z\\u00fcmleri ve g\\u00fcvenli sarf malzemeler geli\\u015ftirip \\u00fcretiyoruz.\",\"inLanguage\":\"en-US\",\"publisher\":{\"@id\":\"https:\\\/\\\/www.kapsamsaglik.com.tr\\\/en\\\/#organization\"}}]}\n\t\t<\/script>\n\t\t<!-- All in One SEO Pro -->\r\n\t\t<title>Gizlilik politikas\u0131 | Kapsam Sa\u011fl\u0131k<\/title>\n\n","aioseo_head_json":{"title":"Gizlilik politikas\u0131 | Kapsam Sa\u011fl\u0131k","description":"Gizlilik politikas\u0131, Kapsam Sa\u011fl\u0131k \u00dcr\u00fcnleri Ltd. \u015eti. olarak \"Kapsam Sa\u011fl\u0131k\" web sitesini ziyaret edenlerin gizlili\u011fini korumak ilke olarak benimsemi\u015ftir.","canonical_url":"https:\/\/www.kapsamsaglik.com.tr\/en\/privacy-policy\/","robots":"max-image-preview:large","keywords":"","webmasterTools":{"google-site-verification":"XaAMMf7cd_uF7vNvTGKKokgU53e5q84beEakVWVoWzA","miscellaneous":""},"og:locale":"en_US","og:site_name":"Kapsam Sa\u011fl\u0131k","og:type":"article","og:title":"Gizlilik politikas\u0131 | Kapsam Sa\u011fl\u0131k","og:description":"Gizlilik politikas\u0131, Kapsam Sa\u011fl\u0131k \u00dcr\u00fcnleri Ltd. \u015eti. olarak &quot;Kapsam Sa\u011fl\u0131k&quot; web sitesini ziyaret edenlerin gizlili\u011fini korumak ilke olarak benimsemi\u015ftir.","og:url":"https:\/\/www.kapsamsaglik.com.tr\/en\/privacy-policy\/","og:image":"https:\/\/www.kapsamsaglik.com.tr\/wp-content\/uploads\/2021\/03\/LogoKapsam-Mavi.svg","og:image:secure_url":"https:\/\/www.kapsamsaglik.com.tr\/wp-content\/uploads\/2021\/03\/LogoKapsam-Mavi.svg","og:image:width":"110","og:image:height":"108","article:published_time":"2021-03-19T17:09:59+00:00","article:modified_time":"2023-08-17T13:46:44+00:00","article:publisher":"https:\/\/www.facebook.com\/kapsamsaglik\/","twitter:card":"summary_large_image","twitter:title":"Gizlilik politikas\u0131 | Kapsam Sa\u011fl\u0131k","twitter:description":"Gizlilik politikas\u0131, Kapsam Sa\u011fl\u0131k \u00dcr\u00fcnleri Ltd. \u015eti. olarak &quot;Kapsam Sa\u011fl\u0131k&quot; web sitesini ziyaret edenlerin gizlili\u011fini korumak ilke olarak benimsemi\u015ftir.","twitter:image":"https:\/\/www.kapsamsaglik.com.tr\/wp-content\/uploads\/2021\/03\/LogoKapsam-Mavi.svg","twitter:label1":"Written by","twitter:data1":"Kapsam Sa\u011fl\u0131k","twitter:label2":"Est. reading time","twitter:data2":"1 minute","schema":{"@context":"https:\/\/schema.org","@graph":[{"@type":"BreadcrumbList","@id":"https:\/\/www.kapsamsaglik.com.tr\/en\/privacy-policy\/#breadcrumblist","itemListElement":[{"@type":"ListItem","@id":"https:\/\/www.kapsamsaglik.com.tr\/en\/#listItem","position":1,"name":"Home","item":"https:\/\/www.kapsamsaglik.com.tr\/en\/","nextItem":"https:\/\/www.kapsamsaglik.com.tr\/en\/privacy-policy\/#listItem"},{"@type":"ListItem","@id":"https:\/\/www.kapsamsaglik.com.tr\/en\/privacy-policy\/#listItem","position":2,"name":"Gizlilik politikas\u0131","previousItem":"https:\/\/www.kapsamsaglik.com.tr\/en\/#listItem"}]},{"@type":"Organization","@id":"https:\/\/www.kapsamsaglik.com.tr\/en\/#organization","name":"Kapsam Sa\u011fl\u0131k \u00dcr\u00fcnleri","url":"https:\/\/www.kapsamsaglik.com.tr\/en\/","logo":{"@type":"ImageObject","url":"https:\/\/www.kapsamsaglik.com.tr\/wp-content\/uploads\/2021\/03\/LogoKapsam-Mavi.svg","@id":"https:\/\/www.kapsamsaglik.com.tr\/en\/privacy-policy\/#organizationLogo","width":110,"height":108,"caption":"Kapsam Sa\u011fl\u0131k \u00dcr\u00fcnleri"},"image":{"@id":"https:\/\/www.kapsamsaglik.com.tr\/en\/privacy-policy\/#organizationLogo"},"sameAs":["https:\/\/www.facebook.com\/kapsamsaglik\/","https:\/\/www.instagram.com\/kapsamsaglik\/","https:\/\/www.youtube.com\/channel\/UC94c5DWMFZx2ljPoR0fbM3w","https:\/\/www.linkedin.com\/company\/kapsam-salk-rnleri\/"],"contactPoint":{"@type":"ContactPoint","telephone":"+902622908801","contactType":"Customer Support"}},{"@type":"WebPage","@id":"https:\/\/www.kapsamsaglik.com.tr\/en\/privacy-policy\/#webpage","url":"https:\/\/www.kapsamsaglik.com.tr\/en\/privacy-policy\/","name":"Gizlilik politikas\u0131 | Kapsam Sa\u011fl\u0131k","description":"Gizlilik politikas\u0131, Kapsam Sa\u011fl\u0131k \u00dcr\u00fcnleri Ltd. \u015eti. olarak \"Kapsam Sa\u011fl\u0131k\" web sitesini ziyaret edenlerin gizlili\u011fini korumak ilke olarak benimsemi\u015ftir.","inLanguage":"en-US","isPartOf":{"@id":"https:\/\/www.kapsamsaglik.com.tr\/en\/#website"},"breadcrumb":{"@id":"https:\/\/www.kapsamsaglik.com.tr\/en\/privacy-policy\/#breadcrumblist"},"image":{"@type":"ImageObject","url":"https:\/\/www.kapsamsaglik.com.tr\/wp-content\/uploads\/2022\/10\/gizlilik-politikasi.webp","@id":"https:\/\/www.kapsamsaglik.com.tr\/en\/privacy-policy\/#mainImage","width":1280,"height":720},"primaryImageOfPage":{"@id":"https:\/\/www.kapsamsaglik.com.tr\/en\/privacy-policy\/#mainImage"},"datePublished":"2021-03-19T20:09:59+03:00","dateModified":"2023-08-17T16:46:44+03:00"},{"@type":"WebSite","@id":"https:\/\/www.kapsamsaglik.com.tr\/en\/#website","url":"https:\/\/www.kapsamsaglik.com.tr\/en\/","name":"Kapsam Sa\u011fl\u0131k","description":"Sa\u011fl\u0131k tesisleri i\u00e7in yenilik\u00e7i otomasyon sistemleri, yaz\u0131l\u0131m \u00e7\u00f6z\u00fcmleri ve g\u00fcvenli sarf malzemeler geli\u015ftirip \u00fcretiyoruz.","inLanguage":"en-US","publisher":{"@id":"https:\/\/www.kapsamsaglik.com.tr\/en\/#organization"}}]}},"aioseo_meta_data":{"post_id":"6550","title":null,"description":"Gizlilik politikas\u0131, Kapsam Sa\u011fl\u0131k \u00dcr\u00fcnleri Ltd. \u015eti. olarak \"Kapsam Sa\u011fl\u0131k\" web sitesini ziyaret edenlerin gizlili\u011fini korumak ilke olarak benimsemi\u015ftir.","keywords":"[]","keyphrases":"{\"focus\":{\"keyphrase\":\"gizlilik politikas\\u0131 sayfas\\u0131\",\"analysis\":{\"keyphraseInTitle\":{\"title\":\"Focus keyphrase in SEO title\",\"description\":\"Focus keyphrase not found in SEO title.\",\"score\":3,\"maxScore\":9,\"error\":1},\"keyphraseInDescription\":{\"title\":\"Focus keyphrase in meta description\",\"description\":\"Focus keyphrase not found in meta description.\",\"score\":3,\"maxScore\":9,\"error\":1},\"keyphraseLength\":{\"title\":\"Focus keyphrase length\",\"description\":\"Good job!\",\"score\":9,\"maxScore\":9,\"error\":0,\"length\":3},\"keyphraseInURL\":{\"title\":\"Focus keyphrase in URL\",\"description\":\"Focus keyphrase not found in the URL.\",\"score\":1,\"maxScore\":5,\"error\":1},\"keyphraseInIntroduction\":{\"title\":\"Focus keyphrase in introduction\",\"description\":\"Your Focus keyphrase does not appear in the first paragraph. Make sure the topic is clear immediately.\",\"score\":3,\"maxScore\":9,\"error\":1},\"keyphraseInSubHeadings\":[],\"keyphraseInImageAlt\":[]},\"score\":46},\"additional\":[]}","primary_term":null,"canonical_url":null,"og_title":null,"og_description":null,"og_object_type":"default","og_image_type":"content","og_image_url":"https:\/\/www.kapsamsaglik.com.tr\/wp-content\/uploads\/2021\/03\/LogoKapsam-Mavi.svg","og_image_width":"110","og_image_height":"108","og_image_custom_url":null,"og_image_custom_fields":null,"og_video":"","og_custom_url":null,"og_article_section":null,"og_article_tags":"[]","twitter_use_og":true,"twitter_card":"default","twitter_image_type":"default","twitter_image_url":null,"twitter_image_custom_url":null,"twitter_image_custom_fields":null,"twitter_title":null,"twitter_description":null,"schema":{"blockGraphs":[],"customGraphs":[],"default":{"data":{"Article":[],"Course":[],"Dataset":[],"FAQPage":[],"Movie":[],"Person":[],"Product":[],"Recipe":[],"Service":[],"SoftwareApplication":[],"WebPage":{"id":"aioseo-web-page-637f3ed5851b9","slug":"web-page","graphName":"WebPage","label":"Web Page","properties":{"type":"WebPage","name":"","description":""}}},"graphName":"WebPage","isEnabled":true},"graphs":[]},"schema_type":"default","schema_type_options":"{\"article\":{\"articleType\":\"BlogPosting\"},\"course\":{\"name\":\"\",\"description\":\"\",\"provider\":\"\"},\"faq\":{\"pages\":[]},\"product\":{\"reviews\":[]},\"recipe\":{\"ingredients\":[],\"instructions\":[],\"keywords\":[]},\"software\":{\"reviews\":[],\"operatingSystems\":[]},\"webPage\":{\"webPageType\":\"WebPage\"},\"blockGraphs\":[]}","pillar_content":false,"robots_default":true,"robots_noindex":false,"robots_noarchive":false,"robots_nosnippet":false,"robots_nofollow":false,"robots_noimageindex":false,"robots_noodp":false,"robots_notranslate":false,"robots_max_snippet":"-1","robots_max_videopreview":"-1","robots_max_imagepreview":"large","priority":null,"frequency":"default","local_seo":null,"limit_modified_date":false,"open_ai":null,"created":"2021-12-07 09:53:35","updated":"2023-08-17 13:46:46"},"aioseo_breadcrumb":"<div class=\"aioseo-breadcrumbs\"><span class=\"aioseo-breadcrumb\">\n\t<a href=\"https:\/\/www.kapsamsaglik.com.tr\/en\" title=\"Ana Sayfa\">Ana Sayfa<\/a>\n<\/span><span class=\"aioseo-breadcrumb-separator\">&#124;<\/span><span class=\"aioseo-breadcrumb\">\n\tGizlilik politikas\u0131\n<\/span><\/div>","aioseo_breadcrumb_json":[{"label":"Ana Sayfa","link":"https:\/\/www.kapsamsaglik.com.tr\/en"},{"label":"Gizlilik politikas\u0131","link":"https:\/\/www.kapsamsaglik.com.tr\/en\/privacy-policy\/"}],"_links":{"self":[{"href":"https:\/\/www.kapsamsaglik.com.tr\/en\/wp-json\/wp\/v2\/pages\/6550","targetHints":{"allow":["GET"]}}],"collection":[{"href":"https:\/\/www.kapsamsaglik.com.tr\/en\/wp-json\/wp\/v2\/pages"}],"about":[{"href":"https:\/\/www.kapsamsaglik.com.tr\/en\/wp-json\/wp\/v2\/types\/page"}],"author":[{"embeddable":true,"href":"https:\/\/www.kapsamsaglik.com.tr\/en\/wp-json\/wp\/v2\/users\/1"}],"replies":[{"embeddable":true,"href":"https:\/\/www.kapsamsaglik.com.tr\/en\/wp-json\/wp\/v2\/comments?post=6550"}],"version-history":[{"count":6,"href":"https:\/\/www.kapsamsaglik.com.tr\/en\/wp-json\/wp\/v2\/pages\/6550\/revisions"}],"predecessor-version":[{"id":18968,"href":"https:\/\/www.kapsamsaglik.com.tr\/en\/wp-json\/wp\/v2\/pages\/6550\/revisions\/18968"}],"wp:featuredmedia":[{"embeddable":true,"href":"https:\/\/www.kapsamsaglik.com.tr\/en\/wp-json\/wp\/v2\/media\/14948"}],"wp:attachment":[{"href":"https:\/\/www.kapsamsaglik.com.tr\/en\/wp-json\/wp\/v2\/media?parent=6550"}],"curies":[{"name":"wp","href":"https:\/\/api.w.org\/{rel}","templated":true}]}}