{"id":6685,"date":"2021-03-20T02:17:19","date_gmt":"2021-03-19T23:17:19","guid":{"rendered":"https:\/\/www.kapsamsaglik.com.tr\/?page_id=6685"},"modified":"2023-08-18T11:24:17","modified_gmt":"2023-08-18T08:24:17","slug":"urunler-cozumler-otomatik-ilac-tpn-hazirlama-cozumleri-tpn-hazirlama-pozitif-basincli-temiz-oda","status":"publish","type":"page","link":"https:\/\/www.kapsamsaglik.com.tr\/en\/products-solutions-automated-pharmacy-tpn-compounding-solutions-tpn-compounding-positive-pressure-cleanroom\/","title":{"rendered":"Positive Pressure Cleanroom"},"content":{"rendered":"<div data-elementor-type=\"wp-page\" data-elementor-id=\"6685\" class=\"elementor elementor-6685\">\n\t\t\t\t\t\t\t\t\t<section data-particle_enable=\"false\" data-particle-mobile-disabled=\"false\" class=\"elementor-section elementor-top-section elementor-element elementor-element-ff40ac5 elementor-section-boxed elementor-section-height-default elementor-section-height-default\" data-id=\"ff40ac5\" data-element_type=\"section\">\n\t\t\t\t\t\t<div class=\"elementor-container elementor-column-gap-default\">\n\t\t\t\t\t<div class=\"elementor-column elementor-col-100 elementor-top-column elementor-element elementor-element-20c40796\" data-id=\"20c40796\" data-element_type=\"column\">\n\t\t\t<div class=\"elementor-widget-wrap elementor-element-populated\">\n\t\t\t\t\t\t\t\t<div class=\"elementor-element elementor-element-582a5583 elementor-view-default elementor-widget elementor-widget-icon\" data-id=\"582a5583\" data-element_type=\"widget\" data-widget_type=\"icon.default\">\n\t\t\t\t<div class=\"elementor-widget-container\">\n\t\t\t\t\t<div class=\"elementor-icon-wrapper\">\n\t\t\t<div class=\"elementor-icon\">\n\t\t\t<i aria-hidden=\"true\" class=\"icon icon-Settings-Window\"><\/i>\t\t\t<\/div>\n\t\t<\/div>\n\t\t\t\t<\/div>\n\t\t\t\t<\/div>\n\t\t\t\t<div class=\"elementor-element elementor-element-6db58922 elementor-widget elementor-widget-section-title\" data-id=\"6db58922\" data-element_type=\"widget\" data-widget_type=\"section-title.default\">\n\t\t\t\t<div class=\"elementor-widget-container\">\n\t\t\t<div class=\"section-title\"><span class=\"st-subtitle\">This page is being edited.<\/span><h2 class=\"st-title\">Thank you for your understanding.<\/h2><\/div>\t\t<\/div>\n\t\t\t\t<\/div>\n\t\t\t\t\t<\/div>\n\t\t<\/div>\n\t\t\t\t\t\t\t<\/div>\n\t\t<\/section>\n\t\t\t\t\t\t\t<\/div>","protected":false},"excerpt":{"rendered":"<p>This page is being edited. Thank you for your understanding.<\/p>","protected":false},"author":1,"featured_media":14963,"parent":0,"menu_order":32,"comment_status":"closed","ping_status":"closed","template":"","meta":{"_crdt_document":"","om_disable_all_campaigns":false,"inline_featured_image":false,"_mi_skip_tracking":false,"footnotes":"","_links_to":"","_links_to_target":""},"class_list":["post-6685","page","type-page","status-publish","has-post-thumbnail","hentry"],"aioseo_notices":[],"aioseo_head":"\n\t\t<!-- All in One SEO Pro 4.6.0 - aioseo.com -->\n\t\t<meta name=\"description\" content=\"Pozitif Bas\u0131n\u00e7l\u0131 Mod\u00fcler Temiz Oda herhangi bir s\u0131z\u0131nt\u0131 olursa, filtrelenmemi\u015f havan\u0131n i\u00e7eri girmesi yerine odadan hava s\u0131zmas\u0131n\u0131 sa\u011flar.\" \/>\n\t\t<meta name=\"robots\" content=\"max-image-preview:large\" \/>\n\t\t<meta name=\"google-site-verification\" content=\"XaAMMf7cd_uF7vNvTGKKokgU53e5q84beEakVWVoWzA\" \/>\n\t\t<link rel=\"canonical\" href=\"https:\/\/www.kapsamsaglik.com.tr\/en\/products-solutions-automated-pharmacy-tpn-compounding-solutions-tpn-compounding-positive-pressure-cleanroom\/\" \/>\n\t\t<meta name=\"generator\" content=\"All in One SEO Pro (AIOSEO) 4.6.0\" \/>\n\t\t<meta property=\"og:locale\" content=\"en_US\" \/>\n\t\t<meta property=\"og:site_name\" content=\"Kapsam Sa\u011fl\u0131k\" \/>\n\t\t<meta property=\"og:type\" content=\"article\" \/>\n\t\t<meta property=\"og:title\" content=\"Pozitif Bas\u0131n\u00e7l\u0131 Temiz Oda | Kapsam Sa\u011fl\u0131k\" \/>\n\t\t<meta property=\"og:description\" content=\"Pozitif Bas\u0131n\u00e7l\u0131 Mod\u00fcler Temiz Oda herhangi bir s\u0131z\u0131nt\u0131 olursa, filtrelenmemi\u015f havan\u0131n i\u00e7eri girmesi yerine odadan hava s\u0131zmas\u0131n\u0131 sa\u011flar.\" \/>\n\t\t<meta property=\"og:url\" content=\"https:\/\/www.kapsamsaglik.com.tr\/en\/products-solutions-automated-pharmacy-tpn-compounding-solutions-tpn-compounding-positive-pressure-cleanroom\/\" \/>\n\t\t<meta property=\"og:image\" content=\"https:\/\/www.kapsamsaglik.com.tr\/wp-content\/uploads\/2021\/03\/LogoKapsam-Mavi.svg\" \/>\n\t\t<meta property=\"og:image:secure_url\" content=\"https:\/\/www.kapsamsaglik.com.tr\/wp-content\/uploads\/2021\/03\/LogoKapsam-Mavi.svg\" \/>\n\t\t<meta property=\"og:image:width\" content=\"110\" \/>\n\t\t<meta property=\"og:image:height\" content=\"108\" \/>\n\t\t<meta property=\"article:published_time\" content=\"2021-03-19T23:17:19+00:00\" \/>\n\t\t<meta property=\"article:modified_time\" content=\"2023-08-18T08:24:17+00:00\" \/>\n\t\t<meta property=\"article:publisher\" content=\"https:\/\/www.facebook.com\/kapsamsaglik\/\" \/>\n\t\t<meta name=\"twitter:card\" content=\"summary_large_image\" \/>\n\t\t<meta name=\"twitter:title\" content=\"Pozitif Bas\u0131n\u00e7l\u0131 Temiz Oda | Kapsam Sa\u011fl\u0131k\" \/>\n\t\t<meta name=\"twitter:description\" content=\"Pozitif Bas\u0131n\u00e7l\u0131 Mod\u00fcler Temiz Oda herhangi bir s\u0131z\u0131nt\u0131 olursa, filtrelenmemi\u015f havan\u0131n i\u00e7eri girmesi yerine odadan hava s\u0131zmas\u0131n\u0131 sa\u011flar.\" \/>\n\t\t<meta name=\"twitter:image\" content=\"https:\/\/www.kapsamsaglik.com.tr\/wp-content\/uploads\/2021\/03\/LogoKapsam-Mavi.svg\" \/>\n\t\t<meta name=\"twitter:label1\" content=\"Written by\" \/>\n\t\t<meta name=\"twitter:data1\" content=\"Kapsam Sa\u011fl\u0131k\" \/>\n\t\t<script type=\"application\/ld+json\" class=\"aioseo-schema\">\n\t\t\t{\"@context\":\"https:\\\/\\\/schema.org\",\"@graph\":[{\"@type\":\"BreadcrumbList\",\"@id\":\"https:\\\/\\\/www.kapsamsaglik.com.tr\\\/en\\\/products-solutions-automated-pharmacy-tpn-compounding-solutions-tpn-compounding-positive-pressure-cleanroom\\\/#breadcrumblist\",\"itemListElement\":[{\"@type\":\"ListItem\",\"@id\":\"https:\\\/\\\/www.kapsamsaglik.com.tr\\\/en\\\/#listItem\",\"position\":1,\"name\":\"Home\",\"item\":\"https:\\\/\\\/www.kapsamsaglik.com.tr\\\/en\\\/\",\"nextItem\":\"https:\\\/\\\/www.kapsamsaglik.com.tr\\\/en\\\/products-solutions-automated-pharmacy-tpn-compounding-solutions-tpn-compounding-positive-pressure-cleanroom\\\/#listItem\"},{\"@type\":\"ListItem\",\"@id\":\"https:\\\/\\\/www.kapsamsaglik.com.tr\\\/en\\\/products-solutions-automated-pharmacy-tpn-compounding-solutions-tpn-compounding-positive-pressure-cleanroom\\\/#listItem\",\"position\":2,\"name\":\"Pozitif Bas\\u0131n\\u00e7l\\u0131 Temiz Oda\",\"previousItem\":\"https:\\\/\\\/www.kapsamsaglik.com.tr\\\/en\\\/#listItem\"}]},{\"@type\":\"Organization\",\"@id\":\"https:\\\/\\\/www.kapsamsaglik.com.tr\\\/en\\\/#organization\",\"name\":\"Kapsam Sa\\u011fl\\u0131k \\u00dcr\\u00fcnleri\",\"url\":\"https:\\\/\\\/www.kapsamsaglik.com.tr\\\/en\\\/\",\"logo\":{\"@type\":\"ImageObject\",\"url\":\"https:\\\/\\\/www.kapsamsaglik.com.tr\\\/wp-content\\\/uploads\\\/2021\\\/03\\\/LogoKapsam-Mavi.svg\",\"@id\":\"https:\\\/\\\/www.kapsamsaglik.com.tr\\\/en\\\/products-solutions-automated-pharmacy-tpn-compounding-solutions-tpn-compounding-positive-pressure-cleanroom\\\/#organizationLogo\",\"width\":110,\"height\":108,\"caption\":\"Kapsam Sa\\u011fl\\u0131k \\u00dcr\\u00fcnleri\"},\"image\":{\"@id\":\"https:\\\/\\\/www.kapsamsaglik.com.tr\\\/en\\\/products-solutions-automated-pharmacy-tpn-compounding-solutions-tpn-compounding-positive-pressure-cleanroom\\\/#organizationLogo\"},\"sameAs\":[\"https:\\\/\\\/www.facebook.com\\\/kapsamsaglik\\\/\",\"https:\\\/\\\/www.instagram.com\\\/kapsamsaglik\\\/\",\"https:\\\/\\\/www.youtube.com\\\/channel\\\/UC94c5DWMFZx2ljPoR0fbM3w\",\"https:\\\/\\\/www.linkedin.com\\\/company\\\/kapsam-salk-rnleri\\\/\"],\"contactPoint\":{\"@type\":\"ContactPoint\",\"telephone\":\"+902622908801\",\"contactType\":\"Customer Support\"}},{\"@type\":\"WebPage\",\"@id\":\"https:\\\/\\\/www.kapsamsaglik.com.tr\\\/en\\\/products-solutions-automated-pharmacy-tpn-compounding-solutions-tpn-compounding-positive-pressure-cleanroom\\\/#webpage\",\"url\":\"https:\\\/\\\/www.kapsamsaglik.com.tr\\\/en\\\/products-solutions-automated-pharmacy-tpn-compounding-solutions-tpn-compounding-positive-pressure-cleanroom\\\/\",\"name\":\"Pozitif Bas\\u0131n\\u00e7l\\u0131 Temiz Oda | Kapsam Sa\\u011fl\\u0131k\",\"description\":\"Pozitif Bas\\u0131n\\u00e7l\\u0131 Mod\\u00fcler Temiz Oda herhangi bir s\\u0131z\\u0131nt\\u0131 olursa, filtrelenmemi\\u015f havan\\u0131n i\\u00e7eri girmesi yerine odadan hava s\\u0131zmas\\u0131n\\u0131 sa\\u011flar.\",\"inLanguage\":\"en-US\",\"isPartOf\":{\"@id\":\"https:\\\/\\\/www.kapsamsaglik.com.tr\\\/en\\\/#website\"},\"breadcrumb\":{\"@id\":\"https:\\\/\\\/www.kapsamsaglik.com.tr\\\/en\\\/products-solutions-automated-pharmacy-tpn-compounding-solutions-tpn-compounding-positive-pressure-cleanroom\\\/#breadcrumblist\"},\"image\":{\"@type\":\"ImageObject\",\"url\":\"https:\\\/\\\/www.kapsamsaglik.com.tr\\\/wp-content\\\/uploads\\\/2022\\\/10\\\/moduler-temiz-oda.webp\",\"@id\":\"https:\\\/\\\/www.kapsamsaglik.com.tr\\\/en\\\/products-solutions-automated-pharmacy-tpn-compounding-solutions-tpn-compounding-positive-pressure-cleanroom\\\/#mainImage\",\"width\":1280,\"height\":720},\"primaryImageOfPage\":{\"@id\":\"https:\\\/\\\/www.kapsamsaglik.com.tr\\\/en\\\/products-solutions-automated-pharmacy-tpn-compounding-solutions-tpn-compounding-positive-pressure-cleanroom\\\/#mainImage\"},\"datePublished\":\"2021-03-20T02:17:19+03:00\",\"dateModified\":\"2023-08-18T11:24:17+03:00\"},{\"@type\":\"WebSite\",\"@id\":\"https:\\\/\\\/www.kapsamsaglik.com.tr\\\/en\\\/#website\",\"url\":\"https:\\\/\\\/www.kapsamsaglik.com.tr\\\/en\\\/\",\"name\":\"Kapsam Sa\\u011fl\\u0131k\",\"description\":\"Sa\\u011fl\\u0131k tesisleri i\\u00e7in yenilik\\u00e7i otomasyon sistemleri, yaz\\u0131l\\u0131m \\u00e7\\u00f6z\\u00fcmleri ve g\\u00fcvenli sarf malzemeler geli\\u015ftirip \\u00fcretiyoruz.\",\"inLanguage\":\"en-US\",\"publisher\":{\"@id\":\"https:\\\/\\\/www.kapsamsaglik.com.tr\\\/en\\\/#organization\"}}]}\n\t\t<\/script>\n\t\t<!-- All in One SEO Pro -->\r\n\t\t<title>Pozitif Bas\u0131n\u00e7l\u0131 Temiz Oda | Kapsam Sa\u011fl\u0131k<\/title>\n\n","aioseo_head_json":{"title":"Pozitif Bas\u0131n\u00e7l\u0131 Temiz Oda | Kapsam Sa\u011fl\u0131k","description":"Pozitif Bas\u0131n\u00e7l\u0131 Mod\u00fcler Temiz Oda herhangi bir s\u0131z\u0131nt\u0131 olursa, filtrelenmemi\u015f havan\u0131n i\u00e7eri girmesi yerine odadan hava s\u0131zmas\u0131n\u0131 sa\u011flar.","canonical_url":"https:\/\/www.kapsamsaglik.com.tr\/en\/products-solutions-automated-pharmacy-tpn-compounding-solutions-tpn-compounding-positive-pressure-cleanroom\/","robots":"max-image-preview:large","keywords":"","webmasterTools":{"google-site-verification":"XaAMMf7cd_uF7vNvTGKKokgU53e5q84beEakVWVoWzA","miscellaneous":""},"og:locale":"en_US","og:site_name":"Kapsam Sa\u011fl\u0131k","og:type":"article","og:title":"Pozitif Bas\u0131n\u00e7l\u0131 Temiz Oda | Kapsam Sa\u011fl\u0131k","og:description":"Pozitif Bas\u0131n\u00e7l\u0131 Mod\u00fcler Temiz Oda herhangi bir s\u0131z\u0131nt\u0131 olursa, filtrelenmemi\u015f havan\u0131n i\u00e7eri girmesi yerine odadan hava s\u0131zmas\u0131n\u0131 sa\u011flar.","og:url":"https:\/\/www.kapsamsaglik.com.tr\/en\/products-solutions-automated-pharmacy-tpn-compounding-solutions-tpn-compounding-positive-pressure-cleanroom\/","og:image":"https:\/\/www.kapsamsaglik.com.tr\/wp-content\/uploads\/2021\/03\/LogoKapsam-Mavi.svg","og:image:secure_url":"https:\/\/www.kapsamsaglik.com.tr\/wp-content\/uploads\/2021\/03\/LogoKapsam-Mavi.svg","og:image:width":110,"og:image:height":108,"article:published_time":"2021-03-19T23:17:19+00:00","article:modified_time":"2023-08-18T08:24:17+00:00","article:publisher":"https:\/\/www.facebook.com\/kapsamsaglik\/","twitter:card":"summary_large_image","twitter:title":"Pozitif Bas\u0131n\u00e7l\u0131 Temiz Oda | Kapsam Sa\u011fl\u0131k","twitter:description":"Pozitif Bas\u0131n\u00e7l\u0131 Mod\u00fcler Temiz Oda herhangi bir s\u0131z\u0131nt\u0131 olursa, filtrelenmemi\u015f havan\u0131n i\u00e7eri girmesi yerine odadan hava s\u0131zmas\u0131n\u0131 sa\u011flar.","twitter:image":"https:\/\/www.kapsamsaglik.com.tr\/wp-content\/uploads\/2021\/03\/LogoKapsam-Mavi.svg","twitter:label1":"Written by","twitter:data1":"Kapsam Sa\u011fl\u0131k","schema":{"@context":"https:\/\/schema.org","@graph":[{"@type":"BreadcrumbList","@id":"https:\/\/www.kapsamsaglik.com.tr\/en\/products-solutions-automated-pharmacy-tpn-compounding-solutions-tpn-compounding-positive-pressure-cleanroom\/#breadcrumblist","itemListElement":[{"@type":"ListItem","@id":"https:\/\/www.kapsamsaglik.com.tr\/en\/#listItem","position":1,"name":"Home","item":"https:\/\/www.kapsamsaglik.com.tr\/en\/","nextItem":"https:\/\/www.kapsamsaglik.com.tr\/en\/products-solutions-automated-pharmacy-tpn-compounding-solutions-tpn-compounding-positive-pressure-cleanroom\/#listItem"},{"@type":"ListItem","@id":"https:\/\/www.kapsamsaglik.com.tr\/en\/products-solutions-automated-pharmacy-tpn-compounding-solutions-tpn-compounding-positive-pressure-cleanroom\/#listItem","position":2,"name":"Pozitif Bas\u0131n\u00e7l\u0131 Temiz Oda","previousItem":"https:\/\/www.kapsamsaglik.com.tr\/en\/#listItem"}]},{"@type":"Organization","@id":"https:\/\/www.kapsamsaglik.com.tr\/en\/#organization","name":"Kapsam Sa\u011fl\u0131k \u00dcr\u00fcnleri","url":"https:\/\/www.kapsamsaglik.com.tr\/en\/","logo":{"@type":"ImageObject","url":"https:\/\/www.kapsamsaglik.com.tr\/wp-content\/uploads\/2021\/03\/LogoKapsam-Mavi.svg","@id":"https:\/\/www.kapsamsaglik.com.tr\/en\/products-solutions-automated-pharmacy-tpn-compounding-solutions-tpn-compounding-positive-pressure-cleanroom\/#organizationLogo","width":110,"height":108,"caption":"Kapsam Sa\u011fl\u0131k \u00dcr\u00fcnleri"},"image":{"@id":"https:\/\/www.kapsamsaglik.com.tr\/en\/products-solutions-automated-pharmacy-tpn-compounding-solutions-tpn-compounding-positive-pressure-cleanroom\/#organizationLogo"},"sameAs":["https:\/\/www.facebook.com\/kapsamsaglik\/","https:\/\/www.instagram.com\/kapsamsaglik\/","https:\/\/www.youtube.com\/channel\/UC94c5DWMFZx2ljPoR0fbM3w","https:\/\/www.linkedin.com\/company\/kapsam-salk-rnleri\/"],"contactPoint":{"@type":"ContactPoint","telephone":"+902622908801","contactType":"Customer Support"}},{"@type":"WebPage","@id":"https:\/\/www.kapsamsaglik.com.tr\/en\/products-solutions-automated-pharmacy-tpn-compounding-solutions-tpn-compounding-positive-pressure-cleanroom\/#webpage","url":"https:\/\/www.kapsamsaglik.com.tr\/en\/products-solutions-automated-pharmacy-tpn-compounding-solutions-tpn-compounding-positive-pressure-cleanroom\/","name":"Pozitif Bas\u0131n\u00e7l\u0131 Temiz Oda | Kapsam Sa\u011fl\u0131k","description":"Pozitif Bas\u0131n\u00e7l\u0131 Mod\u00fcler Temiz Oda herhangi bir s\u0131z\u0131nt\u0131 olursa, filtrelenmemi\u015f havan\u0131n i\u00e7eri girmesi yerine odadan hava s\u0131zmas\u0131n\u0131 sa\u011flar.","inLanguage":"en-US","isPartOf":{"@id":"https:\/\/www.kapsamsaglik.com.tr\/en\/#website"},"breadcrumb":{"@id":"https:\/\/www.kapsamsaglik.com.tr\/en\/products-solutions-automated-pharmacy-tpn-compounding-solutions-tpn-compounding-positive-pressure-cleanroom\/#breadcrumblist"},"image":{"@type":"ImageObject","url":"https:\/\/www.kapsamsaglik.com.tr\/wp-content\/uploads\/2022\/10\/moduler-temiz-oda.webp","@id":"https:\/\/www.kapsamsaglik.com.tr\/en\/products-solutions-automated-pharmacy-tpn-compounding-solutions-tpn-compounding-positive-pressure-cleanroom\/#mainImage","width":1280,"height":720},"primaryImageOfPage":{"@id":"https:\/\/www.kapsamsaglik.com.tr\/en\/products-solutions-automated-pharmacy-tpn-compounding-solutions-tpn-compounding-positive-pressure-cleanroom\/#mainImage"},"datePublished":"2021-03-20T02:17:19+03:00","dateModified":"2023-08-18T11:24:17+03:00"},{"@type":"WebSite","@id":"https:\/\/www.kapsamsaglik.com.tr\/en\/#website","url":"https:\/\/www.kapsamsaglik.com.tr\/en\/","name":"Kapsam Sa\u011fl\u0131k","description":"Sa\u011fl\u0131k tesisleri i\u00e7in yenilik\u00e7i otomasyon sistemleri, yaz\u0131l\u0131m \u00e7\u00f6z\u00fcmleri ve g\u00fcvenli sarf malzemeler geli\u015ftirip \u00fcretiyoruz.","inLanguage":"en-US","publisher":{"@id":"https:\/\/www.kapsamsaglik.com.tr\/en\/#organization"}}]}},"aioseo_meta_data":{"post_id":"6685","title":null,"description":"Pozitif Bas\u0131n\u00e7l\u0131 Mod\u00fcler Temiz Oda herhangi bir s\u0131z\u0131nt\u0131 olursa, filtrelenmemi\u015f havan\u0131n i\u00e7eri girmesi yerine odadan hava s\u0131zmas\u0131n\u0131 sa\u011flar.","keywords":null,"keyphrases":"{\"focus\":{\"keyphrase\":\"Pozitif Bas\\u0131n\\u00e7l\\u0131 Mod\\u00fcler Temiz Oda\"},\"additional\":[]}","primary_term":null,"canonical_url":null,"og_title":null,"og_description":null,"og_object_type":"default","og_image_type":"content","og_image_url":null,"og_image_width":null,"og_image_height":null,"og_image_custom_url":null,"og_image_custom_fields":null,"og_video":null,"og_custom_url":null,"og_article_section":null,"og_article_tags":null,"twitter_use_og":true,"twitter_card":"default","twitter_image_type":"default","twitter_image_url":null,"twitter_image_custom_url":null,"twitter_image_custom_fields":null,"twitter_title":null,"twitter_description":null,"schema":{"blockGraphs":[],"customGraphs":[],"default":{"data":{"Article":[],"Course":[],"Dataset":[],"FAQPage":[],"Movie":[],"Person":[],"Product":[],"Recipe":[],"Service":[],"SoftwareApplication":[],"WebPage":[]},"graphName":"","isEnabled":true},"graphs":[]},"schema_type":"default","schema_type_options":null,"pillar_content":false,"robots_default":true,"robots_noindex":false,"robots_noarchive":false,"robots_nosnippet":false,"robots_nofollow":false,"robots_noimageindex":false,"robots_noodp":false,"robots_notranslate":false,"robots_max_snippet":null,"robots_max_videopreview":null,"robots_max_imagepreview":"large","priority":null,"frequency":null,"local_seo":null,"limit_modified_date":false,"open_ai":null,"created":"2021-12-07 09:53:26","updated":"2023-08-18 08:24:17"},"aioseo_breadcrumb":"<div class=\"aioseo-breadcrumbs\"><span class=\"aioseo-breadcrumb\">\n\t<a href=\"https:\/\/www.kapsamsaglik.com.tr\/en\" title=\"Ana Sayfa\">Ana Sayfa<\/a>\n<\/span><span class=\"aioseo-breadcrumb-separator\">&#124;<\/span><span class=\"aioseo-breadcrumb\">\n\tPozitif Bas\u0131n\u00e7l\u0131 Temiz Oda\n<\/span><\/div>","aioseo_breadcrumb_json":[{"label":"Ana Sayfa","link":"https:\/\/www.kapsamsaglik.com.tr\/en"},{"label":"Pozitif Bas\u0131n\u00e7l\u0131 Temiz Oda","link":"https:\/\/www.kapsamsaglik.com.tr\/en\/products-solutions-automated-pharmacy-tpn-compounding-solutions-tpn-compounding-positive-pressure-cleanroom\/"}],"_links":{"self":[{"href":"https:\/\/www.kapsamsaglik.com.tr\/en\/wp-json\/wp\/v2\/pages\/6685","targetHints":{"allow":["GET"]}}],"collection":[{"href":"https:\/\/www.kapsamsaglik.com.tr\/en\/wp-json\/wp\/v2\/pages"}],"about":[{"href":"https:\/\/www.kapsamsaglik.com.tr\/en\/wp-json\/wp\/v2\/types\/page"}],"author":[{"embeddable":true,"href":"https:\/\/www.kapsamsaglik.com.tr\/en\/wp-json\/wp\/v2\/users\/1"}],"replies":[{"embeddable":true,"href":"https:\/\/www.kapsamsaglik.com.tr\/en\/wp-json\/wp\/v2\/comments?post=6685"}],"version-history":[{"count":3,"href":"https:\/\/www.kapsamsaglik.com.tr\/en\/wp-json\/wp\/v2\/pages\/6685\/revisions"}],"predecessor-version":[{"id":19067,"href":"https:\/\/www.kapsamsaglik.com.tr\/en\/wp-json\/wp\/v2\/pages\/6685\/revisions\/19067"}],"wp:featuredmedia":[{"embeddable":true,"href":"https:\/\/www.kapsamsaglik.com.tr\/en\/wp-json\/wp\/v2\/media\/14963"}],"wp:attachment":[{"href":"https:\/\/www.kapsamsaglik.com.tr\/en\/wp-json\/wp\/v2\/media?parent=6685"}],"curies":[{"name":"wp","href":"https:\/\/api.w.org\/{rel}","templated":true}]}}